{"id":30605,"date":"2023-05-03T17:23:33","date_gmt":"2023-05-03T15:23:33","guid":{"rendered":"https:\/\/aide-diabete-guineebissau.ch\/apoie-nos-agora\/"},"modified":"2023-06-25T18:24:04","modified_gmt":"2023-06-25T16:24:04","slug":"apoie-nos-agora","status":"publish","type":"page","link":"https:\/\/aide-diabete-guineebissau.ch\/pt-pt\/apoie-nos-agora\/","title":{"rendered":"Apoie-nos agora"},"content":{"rendered":"\t\t<div data-elementor-type=\"wp-page\" data-elementor-id=\"30605\" class=\"elementor elementor-30605 elementor-30590\">\n\t\t\t\t\t\t<section class=\"elementor-section elementor-top-section elementor-element elementor-element-86b693a elementor-section-boxed elementor-section-height-default elementor-section-height-default\" data-id=\"86b693a\" data-element_type=\"section\">\n\t\t\t\t\t\t<div class=\"elementor-container elementor-column-gap-default\">\n\t\t\t\t\t<div class=\"elementor-column elementor-col-100 elementor-top-column elementor-element elementor-element-e77bfa7\" data-id=\"e77bfa7\" data-element_type=\"column\">\n\t\t\t<div class=\"elementor-widget-wrap elementor-element-populated\">\n\t\t\t\t\t\t<div class=\"elementor-element elementor-element-496682a elementor-widget elementor-widget-heading\" data-id=\"496682a\" data-element_type=\"widget\" data-widget_type=\"heading.default\">\n\t\t\t\t<div class=\"elementor-widget-container\">\n\t\t\t\t\t<h2 class=\"elementor-heading-title elementor-size-default\">Por cart\u00e3o de cr\u00e9dito e d\u00e9bito<\/h2>\t\t\t\t<\/div>\n\t\t\t\t<\/div>\n\t\t\t\t<div class=\"elementor-element elementor-element-9094828 elementor-widget elementor-widget-text-editor\" data-id=\"9094828\" data-element_type=\"widget\" data-widget_type=\"text-editor.default\">\n\t\t\t\t<div class=\"elementor-widget-container\">\n\t\t\t\t\t\t\t\t\t<p>Utilizar o PayPal ou um cart\u00e3o de cr\u00e9dito para efectuar um donativo<\/p>\n\t\t\t\t\t\t\t\t<\/div>\n\t\t\t\t<\/div>\n\t\t\t\t<div class=\"elementor-element elementor-element-38c68f0 elementor-widget elementor-widget-button\" data-id=\"38c68f0\" data-element_type=\"widget\" data-widget_type=\"button.default\">\n\t\t\t\t<div class=\"elementor-widget-container\">\n\t\t\t\t\t\t\t\t\t<div class=\"elementor-button-wrapper\">\n\t\t\t\t\t<a class=\"elementor-button elementor-button-link elementor-size-xl\" href=\"https:\/\/www.paypal.com\/donate\/?hosted_button_id=XGDYB7HLT7EVC\">\n\t\t\t\t\t\t<span class=\"elementor-button-content-wrapper\">\n\t\t\t\t\t\t\t\t\t<span class=\"elementor-button-text\">DOAR AGORA<\/span>\n\t\t\t\t\t<\/span>\n\t\t\t\t\t<\/a>\n\t\t\t\t<\/div>\n\t\t\t\t\t\t\t\t<\/div>\n\t\t\t\t<\/div>\n\t\t\t\t\t<\/div>\n\t\t<\/div>\n\t\t\t\t\t<\/div>\n\t\t<\/section>\n\t\t\t\t<section class=\"elementor-section elementor-top-section elementor-element elementor-element-7eff263 elementor-section-boxed elementor-section-height-default elementor-section-height-default\" data-id=\"7eff263\" data-element_type=\"section\">\n\t\t\t\t\t\t<div class=\"elementor-container elementor-column-gap-default\">\n\t\t\t\t\t<div class=\"elementor-column elementor-col-100 elementor-top-column elementor-element elementor-element-1073ff9\" data-id=\"1073ff9\" data-element_type=\"column\">\n\t\t\t<div class=\"elementor-widget-wrap elementor-element-populated\">\n\t\t\t\t\t\t<div class=\"elementor-element elementor-element-6d69800 elementor-widget elementor-widget-heading\" data-id=\"6d69800\" data-element_type=\"widget\" data-widget_type=\"heading.default\">\n\t\t\t\t<div class=\"elementor-widget-container\">\n\t\t\t\t\t<h2 class=\"elementor-heading-title elementor-size-default\">Por transfer\u00eancia banc\u00e1ria<\/h2>\t\t\t\t<\/div>\n\t\t\t\t<\/div>\n\t\t\t\t<div class=\"elementor-element elementor-element-51c6585 elementor-widget elementor-widget-text-editor\" data-id=\"51c6585\" data-element_type=\"widget\" data-widget_type=\"text-editor.default\">\n\t\t\t\t<div class=\"elementor-widget-container\">\n\t\t\t\t\t\t\t\t\t<p>PostFinance AG<\/p><p>IBAN: CH07 0900 0000 1467 3822 5<br \/>BIC: POFICHBEXXX<br \/>Benefici\u00e1rio: Association Suisse Aide aux Personnes Diab\u00e9tiques en Guin\u00e9e-Bissau<\/p>\t\t\t\t\t\t\t\t<\/div>\n\t\t\t\t<\/div>\n\t\t\t\t\t<\/div>\n\t\t<\/div>\n\t\t\t\t\t<\/div>\n\t\t<\/section>\n\t\t\t\t<section class=\"elementor-section elementor-top-section elementor-element elementor-element-13adf99 elementor-section-boxed elementor-section-height-default elementor-section-height-default\" data-id=\"13adf99\" data-element_type=\"section\">\n\t\t\t\t\t\t<div class=\"elementor-container elementor-column-gap-default\">\n\t\t\t\t\t<div class=\"elementor-column elementor-col-100 elementor-top-column elementor-element elementor-element-2f16a50\" data-id=\"2f16a50\" data-element_type=\"column\">\n\t\t\t<div class=\"elementor-widget-wrap elementor-element-populated\">\n\t\t\t\t\t\t<div class=\"elementor-element elementor-element-d7d17dd elementor-widget elementor-widget-heading\" data-id=\"d7d17dd\" data-element_type=\"widget\" data-widget_type=\"heading.default\">\n\t\t\t\t<div class=\"elementor-widget-container\">\n\t\t\t\t\t<h2 class=\"elementor-heading-title elementor-size-default\">Atrav\u00e9s de uma plataforma de compras\n<\/h2>\t\t\t\t<\/div>\n\t\t\t\t<\/div>\n\t\t\t\t<div class=\"elementor-element elementor-element-a49ba6b elementor-widget elementor-widget-text-editor\" data-id=\"a49ba6b\" data-element_type=\"widget\" data-widget_type=\"text-editor.default\">\n\t\t\t\t<div class=\"elementor-widget-container\">\n\t\t\t\t\t\t\t\t\t<p>Caro apoiante,<\/p>\n<p>Pode agora ajudar os nossos projetos em curso e os futuros clicando neste link: <a href=\"https:\/\/shopdonation.ch\/\" target=\"_blank\" rel=\"noopener\">https:\/\/shopdonation.ch\/<\/a><\/p>\n<p>Por interm\u00e9dio deste sistema, \u00e9 realizada uma doa\u00e7\u00e3o \u00e0 AAPDGB de cada vez que fizer compras nas suas plataformas habituais (manor.ch, booking.com, zalando lounge, manor, Media Markt, Conforama, etc.).<\/p>\n<p>Sem encargos adicionais e sem tempo despendido!<\/p>\n<p>Obrigado pelo seu apoio.<\/p>\n\t\t\t\t\t\t\t\t<\/div>\n\t\t\t\t<\/div>\n\t\t\t\t\t<\/div>\n\t\t<\/div>\n\t\t\t\t\t<\/div>\n\t\t<\/section>\n\t\t\t\t<\/div>\n\t\t","protected":false},"excerpt":{"rendered":"<p>Por cart\u00e3o de cr\u00e9dito e d\u00e9bito Utilizar o PayPal ou um cart\u00e3o de cr\u00e9dito para efectuar um donativo DOAR AGORA Por transfer\u00eancia banc\u00e1ria PostFinance AG IBAN: CH07 0900 0000 1467 [&hellip;]<\/p>\n","protected":false},"author":1,"featured_media":0,"parent":0,"menu_order":0,"comment_status":"closed","ping_status":"closed","template":"","meta":{"give_campaign_id":0,"footnotes":""},"class_list":["post-30605","page","type-page","status-publish","hentry"],"yoast_head":"<!-- This site is optimized with the Yoast SEO plugin v26.6 - https:\/\/yoast.com\/wordpress\/plugins\/seo\/ -->\n<title>Apoie-nos agora - Association Suisse Aide aux Personnes Diab\u00e9tiques en Guin\u00e9e-Bissau<\/title>\n<meta name=\"robots\" content=\"index, follow, max-snippet:-1, max-image-preview:large, max-video-preview:-1\" \/>\n<link rel=\"canonical\" href=\"https:\/\/aide-diabete-guineebissau.ch\/pt-pt\/apoie-nos-agora\/\" \/>\n<meta property=\"og:locale\" content=\"pt_PT\" \/>\n<meta property=\"og:type\" content=\"article\" \/>\n<meta property=\"og:title\" content=\"Apoie-nos agora - Association Suisse Aide aux Personnes Diab\u00e9tiques en Guin\u00e9e-Bissau\" \/>\n<meta property=\"og:description\" content=\"Por cart\u00e3o de cr\u00e9dito e d\u00e9bito Utilizar o PayPal ou um cart\u00e3o de cr\u00e9dito para efectuar um donativo DOAR AGORA Por transfer\u00eancia banc\u00e1ria PostFinance AG IBAN: CH07 0900 0000 1467 [&hellip;]\" \/>\n<meta property=\"og:url\" content=\"https:\/\/aide-diabete-guineebissau.ch\/pt-pt\/apoie-nos-agora\/\" \/>\n<meta property=\"og:site_name\" content=\"Association Suisse Aide aux Personnes Diab\u00e9tiques en Guin\u00e9e-Bissau\" \/>\n<meta property=\"article:modified_time\" content=\"2023-06-25T16:24:04+00:00\" \/>\n<meta name=\"twitter:card\" content=\"summary_large_image\" \/>\n<meta name=\"twitter:label1\" content=\"Tempo estimado de leitura\" \/>\n\t<meta name=\"twitter:data1\" content=\"1 minuto\" \/>\n<script type=\"application\/ld+json\" class=\"yoast-schema-graph\">{\"@context\":\"https:\/\/schema.org\",\"@graph\":[{\"@type\":\"WebPage\",\"@id\":\"https:\/\/aide-diabete-guineebissau.ch\/pt-pt\/apoie-nos-agora\/\",\"url\":\"https:\/\/aide-diabete-guineebissau.ch\/pt-pt\/apoie-nos-agora\/\",\"name\":\"Apoie-nos agora - Association Suisse Aide aux Personnes Diab\u00e9tiques en Guin\u00e9e-Bissau\",\"isPartOf\":{\"@id\":\"https:\/\/aide-diabete-guineebissau.ch\/pt-pt\/#website\"},\"datePublished\":\"2023-05-03T15:23:33+00:00\",\"dateModified\":\"2023-06-25T16:24:04+00:00\",\"breadcrumb\":{\"@id\":\"https:\/\/aide-diabete-guineebissau.ch\/pt-pt\/apoie-nos-agora\/#breadcrumb\"},\"inLanguage\":\"pt-PT\",\"potentialAction\":[{\"@type\":\"ReadAction\",\"target\":[\"https:\/\/aide-diabete-guineebissau.ch\/pt-pt\/apoie-nos-agora\/\"]}]},{\"@type\":\"BreadcrumbList\",\"@id\":\"https:\/\/aide-diabete-guineebissau.ch\/pt-pt\/apoie-nos-agora\/#breadcrumb\",\"itemListElement\":[{\"@type\":\"ListItem\",\"position\":1,\"name\":\"Home\",\"item\":\"https:\/\/aide-diabete-guineebissau.ch\/pt-pt\/\"},{\"@type\":\"ListItem\",\"position\":2,\"name\":\"Apoie-nos agora\"}]},{\"@type\":\"WebSite\",\"@id\":\"https:\/\/aide-diabete-guineebissau.ch\/pt-pt\/#website\",\"url\":\"https:\/\/aide-diabete-guineebissau.ch\/pt-pt\/\",\"name\":\"Association Suisse Aide aux Personnes Diab\u00e9tiques en Guin\u00e9e-Bissau\",\"description\":\"Sensibilisation, pr\u00e9vention, d\u00e9pistage des diff\u00e9rents types de diab\u00e8te\",\"potentialAction\":[{\"@type\":\"SearchAction\",\"target\":{\"@type\":\"EntryPoint\",\"urlTemplate\":\"https:\/\/aide-diabete-guineebissau.ch\/pt-pt\/?s={search_term_string}\"},\"query-input\":{\"@type\":\"PropertyValueSpecification\",\"valueRequired\":true,\"valueName\":\"search_term_string\"}}],\"inLanguage\":\"pt-PT\"}]}<\/script>\n<!-- \/ Yoast SEO plugin. -->","yoast_head_json":{"title":"Apoie-nos agora - Association Suisse Aide aux Personnes Diab\u00e9tiques en Guin\u00e9e-Bissau","robots":{"index":"index","follow":"follow","max-snippet":"max-snippet:-1","max-image-preview":"max-image-preview:large","max-video-preview":"max-video-preview:-1"},"canonical":"https:\/\/aide-diabete-guineebissau.ch\/pt-pt\/apoie-nos-agora\/","og_locale":"pt_PT","og_type":"article","og_title":"Apoie-nos agora - Association Suisse Aide aux Personnes Diab\u00e9tiques en Guin\u00e9e-Bissau","og_description":"Por cart\u00e3o de cr\u00e9dito e d\u00e9bito Utilizar o PayPal ou um cart\u00e3o de cr\u00e9dito para efectuar um donativo DOAR AGORA Por transfer\u00eancia banc\u00e1ria PostFinance AG IBAN: CH07 0900 0000 1467 [&hellip;]","og_url":"https:\/\/aide-diabete-guineebissau.ch\/pt-pt\/apoie-nos-agora\/","og_site_name":"Association Suisse Aide aux Personnes Diab\u00e9tiques en Guin\u00e9e-Bissau","article_modified_time":"2023-06-25T16:24:04+00:00","twitter_card":"summary_large_image","twitter_misc":{"Tempo estimado de leitura":"1 minuto"},"schema":{"@context":"https:\/\/schema.org","@graph":[{"@type":"WebPage","@id":"https:\/\/aide-diabete-guineebissau.ch\/pt-pt\/apoie-nos-agora\/","url":"https:\/\/aide-diabete-guineebissau.ch\/pt-pt\/apoie-nos-agora\/","name":"Apoie-nos agora - Association Suisse Aide aux Personnes Diab\u00e9tiques en Guin\u00e9e-Bissau","isPartOf":{"@id":"https:\/\/aide-diabete-guineebissau.ch\/pt-pt\/#website"},"datePublished":"2023-05-03T15:23:33+00:00","dateModified":"2023-06-25T16:24:04+00:00","breadcrumb":{"@id":"https:\/\/aide-diabete-guineebissau.ch\/pt-pt\/apoie-nos-agora\/#breadcrumb"},"inLanguage":"pt-PT","potentialAction":[{"@type":"ReadAction","target":["https:\/\/aide-diabete-guineebissau.ch\/pt-pt\/apoie-nos-agora\/"]}]},{"@type":"BreadcrumbList","@id":"https:\/\/aide-diabete-guineebissau.ch\/pt-pt\/apoie-nos-agora\/#breadcrumb","itemListElement":[{"@type":"ListItem","position":1,"name":"Home","item":"https:\/\/aide-diabete-guineebissau.ch\/pt-pt\/"},{"@type":"ListItem","position":2,"name":"Apoie-nos agora"}]},{"@type":"WebSite","@id":"https:\/\/aide-diabete-guineebissau.ch\/pt-pt\/#website","url":"https:\/\/aide-diabete-guineebissau.ch\/pt-pt\/","name":"Association Suisse Aide aux Personnes Diab\u00e9tiques en Guin\u00e9e-Bissau","description":"Sensibilisation, pr\u00e9vention, d\u00e9pistage des diff\u00e9rents types de diab\u00e8te","potentialAction":[{"@type":"SearchAction","target":{"@type":"EntryPoint","urlTemplate":"https:\/\/aide-diabete-guineebissau.ch\/pt-pt\/?s={search_term_string}"},"query-input":{"@type":"PropertyValueSpecification","valueRequired":true,"valueName":"search_term_string"}}],"inLanguage":"pt-PT"}]}},"campaignId":"","_links":{"self":[{"href":"https:\/\/aide-diabete-guineebissau.ch\/pt-pt\/wp-json\/wp\/v2\/pages\/30605","targetHints":{"allow":["GET"]}}],"collection":[{"href":"https:\/\/aide-diabete-guineebissau.ch\/pt-pt\/wp-json\/wp\/v2\/pages"}],"about":[{"href":"https:\/\/aide-diabete-guineebissau.ch\/pt-pt\/wp-json\/wp\/v2\/types\/page"}],"author":[{"embeddable":true,"href":"https:\/\/aide-diabete-guineebissau.ch\/pt-pt\/wp-json\/wp\/v2\/users\/1"}],"replies":[{"embeddable":true,"href":"https:\/\/aide-diabete-guineebissau.ch\/pt-pt\/wp-json\/wp\/v2\/comments?post=30605"}],"version-history":[{"count":5,"href":"https:\/\/aide-diabete-guineebissau.ch\/pt-pt\/wp-json\/wp\/v2\/pages\/30605\/revisions"}],"predecessor-version":[{"id":31300,"href":"https:\/\/aide-diabete-guineebissau.ch\/pt-pt\/wp-json\/wp\/v2\/pages\/30605\/revisions\/31300"}],"wp:attachment":[{"href":"https:\/\/aide-diabete-guineebissau.ch\/pt-pt\/wp-json\/wp\/v2\/media?parent=30605"}],"curies":[{"name":"wp","href":"https:\/\/api.w.org\/{rel}","templated":true}]}}