{"id":30535,"date":"2023-04-30T19:17:31","date_gmt":"2023-04-30T17:17:31","guid":{"rendered":"https:\/\/aide-diabete-guineebissau.ch\/politica-de-cookies\/"},"modified":"2023-04-30T19:54:10","modified_gmt":"2023-04-30T17:54:10","slug":"politica-de-cookies","status":"publish","type":"page","link":"https:\/\/aide-diabete-guineebissau.ch\/pt-pt\/politica-de-cookies\/","title":{"rendered":"Pol\u00edtica de cookies"},"content":{"rendered":"\n<p>\n          <strong>Defini\u00e7\u00e3o de &#8220;cookies&#8221;<\/strong>\n        <\/p>\n\n\n\n<p>Os cookies s\u00e3o pequenos peda\u00e7os de texto (letras e\/ou n\u00fameros) que permitem ao servidor Web armazenar informa\u00e7\u00f5es sobre o cliente (o navegador, por exemplo, Internet explorer, chrome, firefox, opera&#8230;) para serem utilizadas durante a mesma visita ao s\u00edtio (cookies de sess\u00e3o) ou mais tarde, mesmo ap\u00f3s v\u00e1rios dias (cookies persistentes). Os cookies s\u00e3o armazenados, em fun\u00e7\u00e3o das prefer\u00eancias do utilizador, pelo navegador individual no dispositivo espec\u00edfico utilizado (computador, tablet, smartphone).<\/p>\n\n\n\n<p>Tecnologias semelhantes, como, por exemplo, web beacons, gifs transparentes e todas as formas de armazenamento local introduzidas com html5, podem ser utilizadas para recolher informa\u00e7\u00f5es sobre o comportamento do utilizador e a utiliza\u00e7\u00e3o dos servi\u00e7os.<\/p>\n\n\n\n<p>Um cookie n\u00e3o pode extrair outros dados do disco r\u00edgido do utilizador, transmitir v\u00edrus inform\u00e1ticos ou obter endere\u00e7os de correio electr\u00f3nico. Cada cookie \u00e9 espec\u00edfico do browser do utilizador. Algumas fun\u00e7\u00f5es dos cookies podem ser delegadas noutras tecnologias. O termo &#8220;cookies&#8221; refere-se a cookies e a todas as tecnologias semelhantes.<\/p>\n\n\n\n<p>Em fun\u00e7\u00e3o das caracter\u00edsticas e da utiliza\u00e7\u00e3o dos cookies, podem distinguir-se diferentes tipos de cookies:<\/p>\n\n\n\n<p><strong>Os cookies t\u00e9cnicos s\u00e3o estritamente necess\u00e1rios.<\/strong> Trata-se de cookies indispens\u00e1veis ao bom funcionamento de um s\u00edtio Web e que s\u00e3o utilizados para gerir diversos servi\u00e7os ligados aos s\u00edtios Web (como o in\u00edcio de sess\u00e3o ou o acesso a fun\u00e7\u00f5es reservadas nos s\u00edtios). A dura\u00e7\u00e3o dos cookies \u00e9 estritamente limitada \u00e0 sess\u00e3o de trabalho ou pode ser utilizada durante um per\u00edodo mais longo para recordar as escolhas do visitante. A desactiva\u00e7\u00e3o dos cookies estritamente necess\u00e1rios pode afectar a experi\u00eancia de utiliza\u00e7\u00e3o e navega\u00e7\u00e3o no s\u00edtio Web.<\/p>\n\n\n\n<p><strong>Cookies de defini\u00e7\u00e3o de perfis.<\/strong> Trata-se de cookies persistentes utilizados para identificar (anonimamente ou n\u00e3o) as suas prefer\u00eancias e melhorar a sua experi\u00eancia de navega\u00e7\u00e3o. Ao navegar num s\u00edtio, o utilizador pode tamb\u00e9m receber no seu terminal cookies enviados por diferentes s\u00edtios ou servidores Web (denominados &#8220;Terceiros&#8221;), nos quais podem residir determinados elementos (como, por exemplo, imagens, mapas, sons, liga\u00e7\u00f5es espec\u00edficas a p\u00e1ginas de outros dom\u00ednios).<\/p>\n\n\n\n<p>Para mais informa\u00e7\u00f5es sobre estes cookies, que n\u00e3o s\u00e3o utilizados pelo s\u00edtio Web, consulte a sec\u00e7\u00e3o relevante em http:\/\/www.Garanteprivacy.It\/cookie.<\/p>\n\n\n\n<p>\n          <strong>Finalidades do tratamento e finalidades dos cookies de sess\u00e3o t\u00e9cnica.<\/strong>\n        <\/p>\n\n\n\n<p>Os cookies t\u00e9cnicos utilizados no s\u00edtio destinam-se exclusivamente \u00e0 autentica\u00e7\u00e3o do computador ou ao controlo da sess\u00e3o e ao armazenamento de informa\u00e7\u00f5es t\u00e9cnicas espec\u00edficas sobre os utilizadores que acedem aos servidores do respons\u00e1vel pela gest\u00e3o do s\u00edtio. A este respeito, certas opera\u00e7\u00f5es no s\u00edtio n\u00e3o poderiam ser efectuadas sem a utiliza\u00e7\u00e3o de cookies, que s\u00e3o, portanto, tecnicamente necess\u00e1rios neste caso. Por exemplo, o acesso a eventuais \u00e1reas reservadas do s\u00edtio e as actividades que a\u00ed podem ser realizadas seriam muito mais complexas de realizar e menos seguras sem a presen\u00e7a de cookies, que permitem identificar o utilizador e manter a identifica\u00e7\u00e3o durante a sess\u00e3o.<\/p>\n\n\n\n<p>Por exemplo, o acesso a eventuais \u00e1reas reservadas do s\u00edtio e as actividades que a\u00ed podem ser realizadas seriam muito mais complexas de realizar e menos seguras sem a presen\u00e7a de cookies, que permitem identificar o utilizador e manter a identifica\u00e7\u00e3o durante a sess\u00e3o. De facto, o pr\u00f3prio legislador foi nesta direc\u00e7\u00e3o, implementando as disposi\u00e7\u00f5es contidas na Directiva 2009\/136\/CE, tornando obrigat\u00f3ria a obten\u00e7\u00e3o do consentimento pr\u00e9vio e informado dos utilizadores para a instala\u00e7\u00e3o de cookies utilizados para fins n\u00e3o puramente t\u00e9cnicos (ver art. 1, n.\u00ba 5, letra A) do Decreto Legislativo n.\u00ba 69, que alterou o art. 122 da Lei de Protec\u00e7\u00e3o de Dados. O mesmo organismo europeu que re\u00fane todas as autoridades de protec\u00e7\u00e3o da vida privada dos v\u00e1rios Estados-Membros (o chamado &#8220;Grupo de Trabalho do Artigo 29.\u00ba&#8221;) especificou, nomeadamente, no seu parecer 4\/2012 (wp194) intitulado &#8220;Isen\u00e7\u00e3o de consentimento para a utiliza\u00e7\u00e3o de cookies&#8221;, que existem cookies para os quais n\u00e3o \u00e9 necess\u00e1rio obter o consentimento pr\u00e9vio e informado do utilizador:<\/p>\n\n\n\n<ol class=\"wp-block-list\">\n<li>Cookies cujos dados s\u00e3o introduzidos pelo utilizador (ID de sess\u00e3o), com a dura\u00e7\u00e3o de uma sess\u00e3o ou cookies persistentes limitados a algumas horas em certos casos;<\/li>\n\n\n\n<li>Os cookies de autentica\u00e7\u00e3o, utilizados para servi\u00e7os autenticados, t\u00eam a dura\u00e7\u00e3o de uma sess\u00e3o;<\/li>\n\n\n\n<li>Cookies de seguran\u00e7a centrados no utilizador, utilizados para detectar abusos de autentica\u00e7\u00e3o, durante um per\u00edodo de tempo limitado e persistente;<\/li>\n\n\n\n<li>Cookies de sess\u00e3o para leitores multim\u00e9dia, como os cookies do Flash Player, durante a dura\u00e7\u00e3o de uma sess\u00e3o;<\/li>\n\n\n\n<li>Cookies de sess\u00e3o para balanceamento de carga, com dura\u00e7\u00e3o de uma sess\u00e3o;<\/li>\n\n\n\n<li>Cookies persistentes para personaliza\u00e7\u00e3o da interface do utilizador, com dura\u00e7\u00e3o de uma sess\u00e3o (ou um pouco mais);<\/li>\n\n\n\n<li>Cookies para partilhar conte\u00fados atrav\u00e9s de plug-ins sociais de terceiros, para membros com sess\u00e3o iniciada de uma rede social.<\/li>\n<\/ol>\n\n\n\n<p>Por conseguinte, o respons\u00e1vel pelo tratamento de dados informa-o de que apenas os cookies t\u00e9cnicos (como os enumerados acima) necess\u00e1rios \u00e0 navega\u00e7\u00e3o no s\u00edtio est\u00e3o operacionais no s\u00edtio, uma vez que permitem fun\u00e7\u00f5es essenciais como a autentica\u00e7\u00e3o, a valida\u00e7\u00e3o, a gest\u00e3o de uma sess\u00e3o de navega\u00e7\u00e3o e a preven\u00e7\u00e3o de fraudes e permitem, por exemplo identificar se o utilizador acedeu regularmente a \u00e1reas do s\u00edtio que requerem autentica\u00e7\u00e3o ou valida\u00e7\u00e3o pr\u00e9via por parte do utilizador e a gest\u00e3o de sess\u00f5es relacionadas com os v\u00e1rios servi\u00e7os e aplica\u00e7\u00f5es ou o armazenamento de dados para fun\u00e7\u00f5es de acesso ou controlo seguro e preven\u00e7\u00e3o de fraudes.<\/p>\n\n\n\n<p>Por uma quest\u00e3o de transpar\u00eancia, segue-se uma lista de exemplos de cookies t\u00e9cnicos e de casos espec\u00edficos da sua utiliza\u00e7\u00e3o no s\u00edtio:<\/p>\n\n\n\n<ul class=\"wp-block-list\">\n<li>os cookies colocados directamente no terminal do utilizador (que n\u00e3o ser\u00e3o utilizados para outros fins), tais como os cookies de sess\u00e3o utilizados para &#8220;encher o cesto&#8221; aquando de uma reserva em linha no s\u00edtio, os cookies de autentica\u00e7\u00e3o, os cookies de conte\u00fado multim\u00e9dia, tais como os flash players, que n\u00e3o excedem a dura\u00e7\u00e3o da sess\u00e3o, os cookies de personaliza\u00e7\u00e3o (por exemplo, para a escolha da l\u00edngua de navega\u00e7\u00e3o, a recupera\u00e7\u00e3o do login e da palavra-passe completa digitando os primeiros caracteres, etc.)<\/li>\n<\/ul>\n\n\n\n<p>\n          <strong>Cookies de terceiros.<\/strong>\n        <\/p>\n\n\n\n<p>Quando visita um s\u00edtio Web, o utilizador pode receber cookies de s\u00edtios geridos por outras organiza\u00e7\u00f5es (&#8220;terceiros&#8221;) que podem residir em It\u00e1lia ou no estrangeiro.<\/p>\n\n\n\n<p>Um exemplo encontrado na maioria dos s\u00edtios Web \u00e9 a presen\u00e7a de v\u00eddeos do YouTube, abelhas do Google, a utiliza\u00e7\u00e3o do Google maps e a utiliza\u00e7\u00e3o de &#8220;plugins sociais&#8221; para o facebook, twitter, google+ e linkedin. Trata-se de partes da p\u00e1gina visitada geradas directamente por estes s\u00edtios e integradas na p\u00e1gina do s\u00edtio anfitri\u00e3o. A utiliza\u00e7\u00e3o mais comum dos plugins sociais \u00e9 a partilha de conte\u00fados nas redes sociais para melhorar a experi\u00eancia de utiliza\u00e7\u00e3o do visitante.<\/p>\n\n\n\n<p>A presen\u00e7a destes plugins resulta na transmiss\u00e3o de cookies de e para todos os s\u00edtios operados por terceiros. A gest\u00e3o das informa\u00e7\u00f5es recolhidas por &#8220;terceiros&#8221; \u00e9 regida pelas pol\u00edticas pertinentes, para as quais se deve remeter. Por uma quest\u00e3o de transpar\u00eancia e conveni\u00eancia, os endere\u00e7os web das v\u00e1rias declara\u00e7\u00f5es de privacidade e m\u00e9todos de gest\u00e3o de cookies s\u00e3o listados abaixo, tendo em conta que o controlador n\u00e3o \u00e9 respons\u00e1vel pelo funcionamento de cookies de terceiros neste s\u00edtio.<\/p>\n\n\n\n<p>informa\u00e7\u00f5es do google: sobre a utiliza\u00e7\u00e3o de dados em https:\/\/policies.Google.Com\/technologies\/cookies?Hl=it e informa\u00e7\u00f5es completas em http:\/\/support.Google.Com\/analytics\/answer\/6004245<br>Informa\u00e7\u00f5es sobre o Facebook : https:\/\/www.facebook.com\/help\/cookies\/ e https:\/\/it.facebook.com\/about\/privacy\/cookies<\/p>\n\n\n\n<p>Facebook (configura\u00e7\u00e3o): iniciar sess\u00e3o na sua conta. Sec\u00e7\u00e3o de privacidade. Ou seguir os v\u00e1rios guias na Internet, por exemplo, https:\/\/support.mozilla.org\/en-US\/kb\/disablethird-party-cookies<br>Pode configurar o seu browser para aceitar todos os cookies, rejeitar todos os cookies ou notific\u00e1-lo quando um cookie tiver sido enviado. Cada browser \u00e9 diferente, por isso clique no menu &#8220;ajuda&#8221; do seu browser para saber como alterar as suas prefer\u00eancias de cookies. Por exemplo, no Microsoft Internet Explorer, pode desactivar ou apagar os cookies seleccionando &#8220;Ferramentas\/Op\u00e7\u00f5es da Internet&#8221; e alterando as suas defini\u00e7\u00f5es de privacidade, ou seja, seleccionando &#8220;Apagar cookies&#8221;. Note-se, no entanto, que este s\u00edtio foi estruturado para utilizar cookies e que a desinstala\u00e7\u00e3o de cookies pode afectar o funcionamento do s\u00edtio e pode n\u00e3o permitir uma utiliza\u00e7\u00e3o \u00f3ptima do mesmo.<\/p>\n\n\n\n<p>\n          <strong>Responsabilidade pela utiliza\u00e7\u00e3o de cookies de terceiros.<\/strong>\n        <\/p>\n\n\n\n<p>A este respeito, remete-se para a medida geral do Garante da Privacidade sobre os cookies, de 8 de Maio de 2014: &#8220;existem v\u00e1rias raz\u00f5es pelas quais n\u00e3o \u00e9 poss\u00edvel impor ao editor a obriga\u00e7\u00e3o de fornecer informa\u00e7\u00f5es e obter o consentimento para a instala\u00e7\u00e3o de cookies no seu s\u00edtio Web, mesmo para os instalados por &#8220;terceiros&#8221;. Em primeiro lugar, o editor deve ter sempre os instrumentos e a capacidade econ\u00f3mico-jur\u00eddica para assumir as obriga\u00e7\u00f5es de terceiros e, por conseguinte, deve tamb\u00e9m poder verificar periodicamente a correspond\u00eancia entre o que \u00e9 declarado por terceiros e as finalidades que efectivamente prosseguem com a utiliza\u00e7\u00e3o de cookies. Isto \u00e9 dificultado pelo facto de, muitas vezes, o editor n\u00e3o ter conhecimento directo de todos os terceiros que instalam cookies atrav\u00e9s do seu s\u00edtio e, por conseguinte, tamb\u00e9m n\u00e3o ter conhecimento da l\u00f3gica subjacente ao tratamento em quest\u00e3o. Al\u00e9m disso, n\u00e3o \u00e9 raro que entre o editor e terceiros existam entidades que actuam como licenciados, o que torna muito complexo para o editor controlar as actividades de todas as entidades envolvidas. Os cookies de terceiros podem, portanto, ser alterados ao longo do tempo por fornecedores terceiros, e n\u00e3o seria pr\u00e1tico exigir que os editores acompanhassem essas altera\u00e7\u00f5es subsequentes.<\/p>\n\n\n\n<p>Tal como indicado pelo garante da privacidade, este s\u00edtio n\u00e3o tem a possibilidade de controlar os cookies de terceiros se utilizar servi\u00e7os de terceiros (youtube, google maps, &#8220;bot\u00f5es sociais&#8221;) pelos quais os terceiros s\u00e3o exclusivamente respons\u00e1veis. Al\u00e9m disso, recorda-se ao utilizador que pode eliminar e bloquear os cookies a qualquer momento, utilizando os plug-ins do navegador e alterando as defini\u00e7\u00f5es indicadas nos v\u00e1rios manuais contidos nos navegadores.<\/p>\n\n\n\n<p>\n          <strong>O consentimento \u00e9 necess\u00e1rio ou facultativo para o funcionamento dos cookies que n\u00e3o servem objectivos de marketing.<\/strong>\n        <\/p>\n\n\n\n<p>O consentimento n\u00e3o \u00e9 necess\u00e1rio para o funcionamento de cookies exclusivamente t\u00e9cnicos ou de cookies de terceiros ou anal\u00edticos que sejam considerados cookies t\u00e9cnicos. A sua desactiva\u00e7\u00e3o e\/ou recusa de funcionamento impossibilitar\u00e1 a navega\u00e7\u00e3o correcta no s\u00edtio e\/ou a utiliza\u00e7\u00e3o dos servi\u00e7os, p\u00e1ginas, fun\u00e7\u00f5es ou conte\u00fados dispon\u00edveis no mesmo.<\/p>\n\n\n\n<p>\n          <strong>Respons\u00e1vel pelo tratamento de dados e subcontratantes<\/strong>\n        <\/p>\n\n\n\n<p>Os dados de identifica\u00e7\u00e3o do controlador s\u00e3o os seguintes:<\/p>\n\n\n\n<p>Adalgisa Lopes<br>Association Suisse Aide aux Personnes Diab\u00e9tiques en Guin\u00e9e-Bissau<\/p>\n\n\n\n<p>\n          <strong>Exerc\u00edcio dos direitos da pessoa em causa.<\/strong>\n        <\/p>\n\n\n\n<p>Especificamente no que diz respeito aos direitos dos utilizadores em rela\u00e7\u00e3o aos cookies, s\u00e3o fornecidas algumas liga\u00e7\u00f5es para mais informa\u00e7\u00f5es:<\/p>\n\n\n\n<p>Aboutcookie.Org: para obter mais informa\u00e7\u00f5es sobre cookies e como estes afectam a sua experi\u00eancia de navega\u00e7\u00e3o. Youronlinechoices.Com: Para uma vis\u00e3o geral dos cookies, melhores pr\u00e1ticas e utiliza\u00e7\u00e3o de publicidade direccionada atrav\u00e9s de cookies, a sec\u00e7\u00e3o sobre cookies em http:\/\/www.Garanteprivacy.It\/cookie. Para as melhores pr\u00e1ticas fornecidas pelo organismo de controlo da protec\u00e7\u00e3o de dados.<\/p>\n\n\n\n<p>Em qualquer altura, ser\u00e1 poss\u00edvel &#8211; sem qualquer formalidade &#8211; exercer os direitos previstos no artigo 13.\u00ba do Regulamento UE 2016\/679, que est\u00e3o melhor descritos na pol\u00edtica de privacidade do s\u00edtio a que nos referimos. N\u00e3o existem restri\u00e7\u00f5es formais ao exerc\u00edcio dos direitos.<\/p>\n","protected":false},"excerpt":{"rendered":"<p>Defini\u00e7\u00e3o de &#8220;cookies&#8221; Os cookies s\u00e3o pequenos peda\u00e7os de texto (letras e\/ou n\u00fameros) que permitem ao servidor Web armazenar informa\u00e7\u00f5es sobre o cliente (o navegador, por exemplo, Internet explorer, chrome, [&hellip;]<\/p>\n","protected":false},"author":1,"featured_media":0,"parent":0,"menu_order":0,"comment_status":"closed","ping_status":"closed","template":"","meta":{"give_campaign_id":0,"footnotes":""},"class_list":["post-30535","page","type-page","status-publish","hentry"],"yoast_head":"<!-- This site is optimized with the Yoast SEO plugin v26.6 - https:\/\/yoast.com\/wordpress\/plugins\/seo\/ -->\n<title>Pol\u00edtica de cookies - Association Suisse Aide aux Personnes Diab\u00e9tiques en Guin\u00e9e-Bissau<\/title>\n<meta name=\"robots\" content=\"index, follow, max-snippet:-1, max-image-preview:large, max-video-preview:-1\" \/>\n<link rel=\"canonical\" href=\"https:\/\/aide-diabete-guineebissau.ch\/pt-pt\/politica-de-cookies\/\" \/>\n<meta property=\"og:locale\" content=\"pt_PT\" \/>\n<meta property=\"og:type\" content=\"article\" \/>\n<meta property=\"og:title\" content=\"Pol\u00edtica de cookies - Association Suisse Aide aux Personnes Diab\u00e9tiques en Guin\u00e9e-Bissau\" \/>\n<meta property=\"og:description\" content=\"Defini\u00e7\u00e3o de &#8220;cookies&#8221; Os cookies s\u00e3o pequenos peda\u00e7os de texto (letras e\/ou n\u00fameros) que permitem ao servidor Web armazenar informa\u00e7\u00f5es sobre o cliente (o navegador, por exemplo, Internet explorer, chrome, [&hellip;]\" \/>\n<meta property=\"og:url\" content=\"https:\/\/aide-diabete-guineebissau.ch\/pt-pt\/politica-de-cookies\/\" \/>\n<meta property=\"og:site_name\" content=\"Association Suisse Aide aux Personnes Diab\u00e9tiques en Guin\u00e9e-Bissau\" \/>\n<meta property=\"article:modified_time\" content=\"2023-04-30T17:54:10+00:00\" \/>\n<meta name=\"twitter:card\" content=\"summary_large_image\" \/>\n<meta name=\"twitter:label1\" content=\"Tempo estimado de leitura\" \/>\n\t<meta name=\"twitter:data1\" content=\"8 minutos\" \/>\n<script type=\"application\/ld+json\" class=\"yoast-schema-graph\">{\"@context\":\"https:\/\/schema.org\",\"@graph\":[{\"@type\":\"WebPage\",\"@id\":\"https:\/\/aide-diabete-guineebissau.ch\/pt-pt\/politica-de-cookies\/\",\"url\":\"https:\/\/aide-diabete-guineebissau.ch\/pt-pt\/politica-de-cookies\/\",\"name\":\"Pol\u00edtica de cookies - Association Suisse Aide aux Personnes Diab\u00e9tiques en Guin\u00e9e-Bissau\",\"isPartOf\":{\"@id\":\"https:\/\/aide-diabete-guineebissau.ch\/pt-pt\/#website\"},\"datePublished\":\"2023-04-30T17:17:31+00:00\",\"dateModified\":\"2023-04-30T17:54:10+00:00\",\"breadcrumb\":{\"@id\":\"https:\/\/aide-diabete-guineebissau.ch\/pt-pt\/politica-de-cookies\/#breadcrumb\"},\"inLanguage\":\"pt-PT\",\"potentialAction\":[{\"@type\":\"ReadAction\",\"target\":[\"https:\/\/aide-diabete-guineebissau.ch\/pt-pt\/politica-de-cookies\/\"]}]},{\"@type\":\"BreadcrumbList\",\"@id\":\"https:\/\/aide-diabete-guineebissau.ch\/pt-pt\/politica-de-cookies\/#breadcrumb\",\"itemListElement\":[{\"@type\":\"ListItem\",\"position\":1,\"name\":\"Home\",\"item\":\"https:\/\/aide-diabete-guineebissau.ch\/pt-pt\/\"},{\"@type\":\"ListItem\",\"position\":2,\"name\":\"Pol\u00edtica de cookies\"}]},{\"@type\":\"WebSite\",\"@id\":\"https:\/\/aide-diabete-guineebissau.ch\/pt-pt\/#website\",\"url\":\"https:\/\/aide-diabete-guineebissau.ch\/pt-pt\/\",\"name\":\"Association Suisse Aide aux Personnes Diab\u00e9tiques en Guin\u00e9e-Bissau\",\"description\":\"Sensibilisation, pr\u00e9vention, d\u00e9pistage des diff\u00e9rents types de diab\u00e8te\",\"potentialAction\":[{\"@type\":\"SearchAction\",\"target\":{\"@type\":\"EntryPoint\",\"urlTemplate\":\"https:\/\/aide-diabete-guineebissau.ch\/pt-pt\/?s={search_term_string}\"},\"query-input\":{\"@type\":\"PropertyValueSpecification\",\"valueRequired\":true,\"valueName\":\"search_term_string\"}}],\"inLanguage\":\"pt-PT\"}]}<\/script>\n<!-- \/ Yoast SEO plugin. -->","yoast_head_json":{"title":"Pol\u00edtica de cookies - Association Suisse Aide aux Personnes Diab\u00e9tiques en Guin\u00e9e-Bissau","robots":{"index":"index","follow":"follow","max-snippet":"max-snippet:-1","max-image-preview":"max-image-preview:large","max-video-preview":"max-video-preview:-1"},"canonical":"https:\/\/aide-diabete-guineebissau.ch\/pt-pt\/politica-de-cookies\/","og_locale":"pt_PT","og_type":"article","og_title":"Pol\u00edtica de cookies - Association Suisse Aide aux Personnes Diab\u00e9tiques en Guin\u00e9e-Bissau","og_description":"Defini\u00e7\u00e3o de &#8220;cookies&#8221; Os cookies s\u00e3o pequenos peda\u00e7os de texto (letras e\/ou n\u00fameros) que permitem ao servidor Web armazenar informa\u00e7\u00f5es sobre o cliente (o navegador, por exemplo, Internet explorer, chrome, [&hellip;]","og_url":"https:\/\/aide-diabete-guineebissau.ch\/pt-pt\/politica-de-cookies\/","og_site_name":"Association Suisse Aide aux Personnes Diab\u00e9tiques en Guin\u00e9e-Bissau","article_modified_time":"2023-04-30T17:54:10+00:00","twitter_card":"summary_large_image","twitter_misc":{"Tempo estimado de leitura":"8 minutos"},"schema":{"@context":"https:\/\/schema.org","@graph":[{"@type":"WebPage","@id":"https:\/\/aide-diabete-guineebissau.ch\/pt-pt\/politica-de-cookies\/","url":"https:\/\/aide-diabete-guineebissau.ch\/pt-pt\/politica-de-cookies\/","name":"Pol\u00edtica de cookies - Association Suisse Aide aux Personnes Diab\u00e9tiques en Guin\u00e9e-Bissau","isPartOf":{"@id":"https:\/\/aide-diabete-guineebissau.ch\/pt-pt\/#website"},"datePublished":"2023-04-30T17:17:31+00:00","dateModified":"2023-04-30T17:54:10+00:00","breadcrumb":{"@id":"https:\/\/aide-diabete-guineebissau.ch\/pt-pt\/politica-de-cookies\/#breadcrumb"},"inLanguage":"pt-PT","potentialAction":[{"@type":"ReadAction","target":["https:\/\/aide-diabete-guineebissau.ch\/pt-pt\/politica-de-cookies\/"]}]},{"@type":"BreadcrumbList","@id":"https:\/\/aide-diabete-guineebissau.ch\/pt-pt\/politica-de-cookies\/#breadcrumb","itemListElement":[{"@type":"ListItem","position":1,"name":"Home","item":"https:\/\/aide-diabete-guineebissau.ch\/pt-pt\/"},{"@type":"ListItem","position":2,"name":"Pol\u00edtica de cookies"}]},{"@type":"WebSite","@id":"https:\/\/aide-diabete-guineebissau.ch\/pt-pt\/#website","url":"https:\/\/aide-diabete-guineebissau.ch\/pt-pt\/","name":"Association Suisse Aide aux Personnes Diab\u00e9tiques en Guin\u00e9e-Bissau","description":"Sensibilisation, pr\u00e9vention, d\u00e9pistage des diff\u00e9rents types de diab\u00e8te","potentialAction":[{"@type":"SearchAction","target":{"@type":"EntryPoint","urlTemplate":"https:\/\/aide-diabete-guineebissau.ch\/pt-pt\/?s={search_term_string}"},"query-input":{"@type":"PropertyValueSpecification","valueRequired":true,"valueName":"search_term_string"}}],"inLanguage":"pt-PT"}]}},"campaignId":"","_links":{"self":[{"href":"https:\/\/aide-diabete-guineebissau.ch\/pt-pt\/wp-json\/wp\/v2\/pages\/30535","targetHints":{"allow":["GET"]}}],"collection":[{"href":"https:\/\/aide-diabete-guineebissau.ch\/pt-pt\/wp-json\/wp\/v2\/pages"}],"about":[{"href":"https:\/\/aide-diabete-guineebissau.ch\/pt-pt\/wp-json\/wp\/v2\/types\/page"}],"author":[{"embeddable":true,"href":"https:\/\/aide-diabete-guineebissau.ch\/pt-pt\/wp-json\/wp\/v2\/users\/1"}],"replies":[{"embeddable":true,"href":"https:\/\/aide-diabete-guineebissau.ch\/pt-pt\/wp-json\/wp\/v2\/comments?post=30535"}],"version-history":[{"count":2,"href":"https:\/\/aide-diabete-guineebissau.ch\/pt-pt\/wp-json\/wp\/v2\/pages\/30535\/revisions"}],"predecessor-version":[{"id":30537,"href":"https:\/\/aide-diabete-guineebissau.ch\/pt-pt\/wp-json\/wp\/v2\/pages\/30535\/revisions\/30537"}],"wp:attachment":[{"href":"https:\/\/aide-diabete-guineebissau.ch\/pt-pt\/wp-json\/wp\/v2\/media?parent=30535"}],"curies":[{"name":"wp","href":"https:\/\/api.w.org\/{rel}","templated":true}]}}