{"id":30451,"date":"2023-01-07T12:00:40","date_gmt":"2023-01-07T11:00:40","guid":{"rendered":"https:\/\/aide-diabete-guineebissau.ch\/o-que-e-a-diabetes\/"},"modified":"2023-06-25T18:15:47","modified_gmt":"2023-06-25T16:15:47","slug":"o-que-e-a-diabetes","status":"publish","type":"page","link":"https:\/\/aide-diabete-guineebissau.ch\/pt-pt\/o-que-e-a-diabetes\/","title":{"rendered":"O que \u00e9 a diabetes"},"content":{"rendered":"\t\t<div data-elementor-type=\"wp-page\" data-elementor-id=\"30451\" class=\"elementor elementor-30451 elementor-29548\">\n\t\t\t\t\t\t<section class=\"elementor-section elementor-top-section elementor-element elementor-element-a2abf68 elementor-section-boxed elementor-section-height-default elementor-section-height-default\" data-id=\"a2abf68\" data-element_type=\"section\" data-settings=\"{&quot;background_background&quot;:&quot;slideshow&quot;,&quot;background_slideshow_gallery&quot;:[{&quot;id&quot;:29403,&quot;url&quot;:&quot;https:\\\/\\\/aide-diabete-guineebissau.ch\\\/wp-content\\\/uploads\\\/2023\\\/01\\\/head.jpg&quot;},{&quot;id&quot;:29406,&quot;url&quot;:&quot;https:\\\/\\\/aide-diabete-guineebissau.ch\\\/wp-content\\\/uploads\\\/2023\\\/01\\\/head_02.jpg&quot;}],&quot;background_slideshow_ken_burns&quot;:&quot;yes&quot;,&quot;background_slideshow_loop&quot;:&quot;yes&quot;,&quot;background_slideshow_slide_duration&quot;:5000,&quot;background_slideshow_slide_transition&quot;:&quot;fade&quot;,&quot;background_slideshow_transition_duration&quot;:500,&quot;background_slideshow_ken_burns_zoom_direction&quot;:&quot;in&quot;}\">\n\t\t\t\t\t\t<div class=\"elementor-container elementor-column-gap-default\">\n\t\t\t\t\t<div class=\"elementor-column elementor-col-100 elementor-top-column elementor-element elementor-element-7260d10\" data-id=\"7260d10\" data-element_type=\"column\">\n\t\t\t<div class=\"elementor-widget-wrap elementor-element-populated\">\n\t\t\t\t\t\t<div class=\"elementor-element elementor-element-3f38b9d elementor-widget elementor-widget-gva-heading-block\" data-id=\"3f38b9d\" data-element_type=\"widget\" data-widget_type=\"gva-heading-block.default\">\n\t\t\t\t<div class=\"elementor-widget-container\">\n\t\t\t\t\t<div class=\"gva-element-gva-heading-block gva-element\">   <div class=\"align-left style-1 widget gsc-heading box-align-left auto-responsive\">\r\n      <div class=\"content-inner\">\r\n         \r\n                  \r\n           \r\n         \r\n                     <h2 class=\"title\">\r\n               <span>O que \u00e9 a diabetes<\/span>\r\n            <\/h2>\r\n                  \r\n                     <div class=\"title-desc\">Alguns factos cient\u00edficos sobre a diabetes<\/div>\r\n         \r\n         \r\n      <\/div>\r\n   <\/div>\r\n<\/div>\t\t\t\t<\/div>\n\t\t\t\t<\/div>\n\t\t\t\t\t<\/div>\n\t\t<\/div>\n\t\t\t\t\t<\/div>\n\t\t<\/section>\n\t\t\t\t<section class=\"elementor-section elementor-top-section elementor-element elementor-element-4703abd elementor-section-boxed elementor-section-height-default elementor-section-height-default\" data-id=\"4703abd\" data-element_type=\"section\" data-settings=\"{&quot;background_background&quot;:&quot;classic&quot;}\">\n\t\t\t\t\t\t<div class=\"elementor-container elementor-column-gap-default\">\n\t\t\t\t\t<div class=\"elementor-column elementor-col-50 elementor-top-column elementor-element elementor-element-029430f\" data-id=\"029430f\" data-element_type=\"column\">\n\t\t\t<div class=\"elementor-widget-wrap elementor-element-populated\">\n\t\t\t\t\t\t<div class=\"elementor-element elementor-element-59bc623 elementor-widget elementor-widget-gva-image-content\" data-id=\"59bc623\" data-element_type=\"widget\" data-widget_type=\"gva-image-content.default\">\n\t\t\t\t<div class=\"elementor-widget-container\">\n\t\t\t\t\t<div class=\"gva-element-gva-image-content gva-element\">\t\t\r\n\t\t\t<div class=\"gsc-image-content skin-v1\">\r\n\t\t  \t<div class=\"box-content\">\r\n\t\t\t \t<div class=\"image\"><img fetchpriority=\"high\" decoding=\"async\" width=\"680\" height=\"967\" src=\"https:\/\/aide-diabete-guineebissau.ch\/wp-content\/uploads\/2023\/01\/diab.jpg\" class=\"attachment-full size-full wp-image-29551\" alt=\"\" srcset=\"https:\/\/aide-diabete-guineebissau.ch\/wp-content\/uploads\/2023\/01\/diab.jpg 680w, https:\/\/aide-diabete-guineebissau.ch\/wp-content\/uploads\/2023\/01\/diab-600x853.jpg 600w\" sizes=\"(max-width: 680px) 100vw, 680px\" \/><span class=\"shape-1\"><\/span><span class=\"shape-2\"><\/span><span class=\"shape-3\"><\/span><span class=\"shape-4\"><\/span><\/div>\t\t\t<\/div> \t\r\n\r\n\t\t\t\t\t  <a href=\"#\" class=\"link-overlay\"><\/a>\r\n\t\t  \t\t<\/div>\r\n\t  \r\n\t \r\n\r\n\t \r\n\r\n\t\r\n \r\n  \r\n <\/div>\t\t\t\t<\/div>\n\t\t\t\t<\/div>\n\t\t\t\t\t<\/div>\n\t\t<\/div>\n\t\t\t\t<div class=\"elementor-column elementor-col-50 elementor-top-column elementor-element elementor-element-a71a61f\" data-id=\"a71a61f\" data-element_type=\"column\">\n\t\t\t<div class=\"elementor-widget-wrap elementor-element-populated\">\n\t\t\t\t\t\t<div class=\"elementor-element elementor-element-55665b5 elementor-widget elementor-widget-gva-heading-block\" data-id=\"55665b5\" data-element_type=\"widget\" data-settings=\"{&quot;_animation&quot;:&quot;none&quot;}\" data-widget_type=\"gva-heading-block.default\">\n\t\t\t\t<div class=\"elementor-widget-container\">\n\t\t\t\t\t<div class=\"gva-element-gva-heading-block gva-element\">   <div class=\"align-left style-1 widget gsc-heading box-align-left auto-responsive\">\r\n      <div class=\"content-inner\">\r\n         \r\n                  \r\n         <div class=\"sub-title\"><span class=\"tagline\">A doen\u00e7a<\/span><\/div>  \r\n         \r\n                     <h2 class=\"title\">\r\n               <span>Aprender sobre a diabetes<\/span>\r\n            <\/h2>\r\n                  \r\n         \r\n         \r\n      <\/div>\r\n   <\/div>\r\n<\/div>\t\t\t\t<\/div>\n\t\t\t\t<\/div>\n\t\t\t\t<div class=\"elementor-element elementor-element-dadfced elementor-widget elementor-widget-text-editor\" data-id=\"dadfced\" data-element_type=\"widget\" data-widget_type=\"text-editor.default\">\n\t\t\t\t<div class=\"elementor-widget-container\">\n\t\t\t\t\t\t\t\t\t<p>A diabetes \u00e9 uma doen\u00e7a cr\u00f3nica caracterizada pela presen\u00e7a de altos n\u00edveis de glicose no sangue (hiperglicemia) devido a uma altera\u00e7\u00e3o na quantidade ou fun\u00e7\u00e3o da insulina. <\/p>\n<p>A insulina \u00e9 a hormona produzida pelo p\u00e2ncreas que permite a entrada da glicose nas c\u00e9lulas e a sua consequente utiliza\u00e7\u00e3o como fonte de energia. Quando este mecanismo \u00e9 prejudicado, a glicose acumula-se no sangue. A longo prazo, um n\u00edvel elevado de a\u00e7\u00facar no sangue pode levar ao desenvolvimento de certas complica\u00e7\u00f5es, incluindo complica\u00e7\u00f5es oculares, renais, nervosas, card\u00edacas e dos vasos sangu\u00edneos.<\/p>\n<p>Na presen\u00e7a de diabetes, ocorre um ou mais dos seguintes fen\u00f3menos:<\/p>\n<ul>\n<li>Resist\u00eancia corporal \u00e0 a\u00e7\u00e3o da insulina;<\/li>\n<li>Uma diminui\u00e7\u00e3o ou aus\u00eancia da produ\u00e7\u00e3o de insulina<\/li>\n<\/ul>\n<p>Fonte: International Diabetes Federation<\/p>\n<p>\n            <a href=\"https:\/\/idf.org\/aboutdiabetes\/what-is-diabetes.html\" target=\"_blank\" rel=\"noopener\">What is diabetes (idf.org)<\/a>\n          <\/p>\n\t\t\t\t\t\t\t\t<\/div>\n\t\t\t\t<\/div>\n\t\t\t\t\t<\/div>\n\t\t<\/div>\n\t\t\t\t\t<\/div>\n\t\t<\/section>\n\t\t\t\t<\/div>\n\t\t","protected":false},"excerpt":{"rendered":"<p>O que \u00e9 a diabetes Alguns factos cient\u00edficos sobre a diabetes A doen\u00e7a Aprender sobre a diabetes A diabetes \u00e9 uma doen\u00e7a cr\u00f3nica caracterizada pela presen\u00e7a de altos n\u00edveis de [&hellip;]<\/p>\n","protected":false},"author":1,"featured_media":0,"parent":0,"menu_order":0,"comment_status":"closed","ping_status":"closed","template":"","meta":{"give_campaign_id":0,"footnotes":""},"class_list":["post-30451","page","type-page","status-publish","hentry"],"yoast_head":"<!-- This site is optimized with the Yoast SEO plugin v26.6 - https:\/\/yoast.com\/wordpress\/plugins\/seo\/ -->\n<title>AAPDGB I O que \u00e9 a diabetes I Diabetes na Guin\u00e9-Bissau<\/title>\n<meta name=\"description\" content=\"A diabetes \u00e9 uma doen\u00e7a cr\u00f3nica caracterizada pela presen\u00e7a de altos n\u00edveis de glicose no sangue (hiperglicemia) . Saiba mais.\" \/>\n<meta name=\"robots\" content=\"index, follow, max-snippet:-1, max-image-preview:large, max-video-preview:-1\" \/>\n<link rel=\"canonical\" href=\"https:\/\/aide-diabete-guineebissau.ch\/pt-pt\/o-que-e-a-diabetes\/\" \/>\n<meta property=\"og:locale\" content=\"pt_PT\" \/>\n<meta property=\"og:type\" content=\"article\" \/>\n<meta property=\"og:title\" content=\"AAPDGB I O que \u00e9 a diabetes I Diabetes na Guin\u00e9-Bissau\" \/>\n<meta property=\"og:description\" content=\"A diabetes \u00e9 uma doen\u00e7a cr\u00f3nica caracterizada pela presen\u00e7a de altos n\u00edveis de glicose no sangue (hiperglicemia) . Saiba mais.\" \/>\n<meta property=\"og:url\" content=\"https:\/\/aide-diabete-guineebissau.ch\/pt-pt\/o-que-e-a-diabetes\/\" \/>\n<meta property=\"og:site_name\" content=\"Association Suisse Aide aux Personnes Diab\u00e9tiques en Guin\u00e9e-Bissau\" \/>\n<meta property=\"article:modified_time\" content=\"2023-06-25T16:15:47+00:00\" \/>\n<meta property=\"og:image\" content=\"https:\/\/aide-diabete-guineebissau.ch\/wp-content\/uploads\/2023\/01\/diab.jpg\" \/>\n<meta name=\"twitter:card\" content=\"summary_large_image\" \/>\n<meta name=\"twitter:label1\" content=\"Tempo estimado de leitura\" \/>\n\t<meta name=\"twitter:data1\" content=\"1 minuto\" \/>\n<script type=\"application\/ld+json\" class=\"yoast-schema-graph\">{\"@context\":\"https:\/\/schema.org\",\"@graph\":[{\"@type\":\"WebPage\",\"@id\":\"https:\/\/aide-diabete-guineebissau.ch\/pt-pt\/o-que-e-a-diabetes\/\",\"url\":\"https:\/\/aide-diabete-guineebissau.ch\/pt-pt\/o-que-e-a-diabetes\/\",\"name\":\"AAPDGB I O que \u00e9 a diabetes I Diabetes na Guin\u00e9-Bissau\",\"isPartOf\":{\"@id\":\"https:\/\/aide-diabete-guineebissau.ch\/pt-pt\/#website\"},\"primaryImageOfPage\":{\"@id\":\"https:\/\/aide-diabete-guineebissau.ch\/pt-pt\/o-que-e-a-diabetes\/#primaryimage\"},\"image\":{\"@id\":\"https:\/\/aide-diabete-guineebissau.ch\/pt-pt\/o-que-e-a-diabetes\/#primaryimage\"},\"thumbnailUrl\":\"https:\/\/aide-diabete-guineebissau.ch\/wp-content\/uploads\/2023\/01\/diab.jpg\",\"datePublished\":\"2023-01-07T11:00:40+00:00\",\"dateModified\":\"2023-06-25T16:15:47+00:00\",\"description\":\"A diabetes \u00e9 uma doen\u00e7a cr\u00f3nica caracterizada pela presen\u00e7a de altos n\u00edveis de glicose no sangue (hiperglicemia) . Saiba mais.\",\"breadcrumb\":{\"@id\":\"https:\/\/aide-diabete-guineebissau.ch\/pt-pt\/o-que-e-a-diabetes\/#breadcrumb\"},\"inLanguage\":\"pt-PT\",\"potentialAction\":[{\"@type\":\"ReadAction\",\"target\":[\"https:\/\/aide-diabete-guineebissau.ch\/pt-pt\/o-que-e-a-diabetes\/\"]}]},{\"@type\":\"ImageObject\",\"inLanguage\":\"pt-PT\",\"@id\":\"https:\/\/aide-diabete-guineebissau.ch\/pt-pt\/o-que-e-a-diabetes\/#primaryimage\",\"url\":\"https:\/\/aide-diabete-guineebissau.ch\/wp-content\/uploads\/2023\/01\/diab.jpg\",\"contentUrl\":\"https:\/\/aide-diabete-guineebissau.ch\/wp-content\/uploads\/2023\/01\/diab.jpg\"},{\"@type\":\"BreadcrumbList\",\"@id\":\"https:\/\/aide-diabete-guineebissau.ch\/pt-pt\/o-que-e-a-diabetes\/#breadcrumb\",\"itemListElement\":[{\"@type\":\"ListItem\",\"position\":1,\"name\":\"Home\",\"item\":\"https:\/\/aide-diabete-guineebissau.ch\/pt-pt\/\"},{\"@type\":\"ListItem\",\"position\":2,\"name\":\"O que \u00e9 a diabetes\"}]},{\"@type\":\"WebSite\",\"@id\":\"https:\/\/aide-diabete-guineebissau.ch\/pt-pt\/#website\",\"url\":\"https:\/\/aide-diabete-guineebissau.ch\/pt-pt\/\",\"name\":\"Association Suisse Aide aux Personnes Diab\u00e9tiques en Guin\u00e9e-Bissau\",\"description\":\"Sensibilisation, pr\u00e9vention, d\u00e9pistage des diff\u00e9rents types de diab\u00e8te\",\"potentialAction\":[{\"@type\":\"SearchAction\",\"target\":{\"@type\":\"EntryPoint\",\"urlTemplate\":\"https:\/\/aide-diabete-guineebissau.ch\/pt-pt\/?s={search_term_string}\"},\"query-input\":{\"@type\":\"PropertyValueSpecification\",\"valueRequired\":true,\"valueName\":\"search_term_string\"}}],\"inLanguage\":\"pt-PT\"}]}<\/script>\n<!-- \/ Yoast SEO plugin. -->","yoast_head_json":{"title":"AAPDGB I O que \u00e9 a diabetes I Diabetes na Guin\u00e9-Bissau","description":"A diabetes \u00e9 uma doen\u00e7a cr\u00f3nica caracterizada pela presen\u00e7a de altos n\u00edveis de glicose no sangue (hiperglicemia) . Saiba mais.","robots":{"index":"index","follow":"follow","max-snippet":"max-snippet:-1","max-image-preview":"max-image-preview:large","max-video-preview":"max-video-preview:-1"},"canonical":"https:\/\/aide-diabete-guineebissau.ch\/pt-pt\/o-que-e-a-diabetes\/","og_locale":"pt_PT","og_type":"article","og_title":"AAPDGB I O que \u00e9 a diabetes I Diabetes na Guin\u00e9-Bissau","og_description":"A diabetes \u00e9 uma doen\u00e7a cr\u00f3nica caracterizada pela presen\u00e7a de altos n\u00edveis de glicose no sangue (hiperglicemia) . Saiba mais.","og_url":"https:\/\/aide-diabete-guineebissau.ch\/pt-pt\/o-que-e-a-diabetes\/","og_site_name":"Association Suisse Aide aux Personnes Diab\u00e9tiques en Guin\u00e9e-Bissau","article_modified_time":"2023-06-25T16:15:47+00:00","og_image":[{"url":"https:\/\/aide-diabete-guineebissau.ch\/wp-content\/uploads\/2023\/01\/diab.jpg","type":"","width":"","height":""}],"twitter_card":"summary_large_image","twitter_misc":{"Tempo estimado de leitura":"1 minuto"},"schema":{"@context":"https:\/\/schema.org","@graph":[{"@type":"WebPage","@id":"https:\/\/aide-diabete-guineebissau.ch\/pt-pt\/o-que-e-a-diabetes\/","url":"https:\/\/aide-diabete-guineebissau.ch\/pt-pt\/o-que-e-a-diabetes\/","name":"AAPDGB I O que \u00e9 a diabetes I Diabetes na Guin\u00e9-Bissau","isPartOf":{"@id":"https:\/\/aide-diabete-guineebissau.ch\/pt-pt\/#website"},"primaryImageOfPage":{"@id":"https:\/\/aide-diabete-guineebissau.ch\/pt-pt\/o-que-e-a-diabetes\/#primaryimage"},"image":{"@id":"https:\/\/aide-diabete-guineebissau.ch\/pt-pt\/o-que-e-a-diabetes\/#primaryimage"},"thumbnailUrl":"https:\/\/aide-diabete-guineebissau.ch\/wp-content\/uploads\/2023\/01\/diab.jpg","datePublished":"2023-01-07T11:00:40+00:00","dateModified":"2023-06-25T16:15:47+00:00","description":"A diabetes \u00e9 uma doen\u00e7a cr\u00f3nica caracterizada pela presen\u00e7a de altos n\u00edveis de glicose no sangue (hiperglicemia) . Saiba mais.","breadcrumb":{"@id":"https:\/\/aide-diabete-guineebissau.ch\/pt-pt\/o-que-e-a-diabetes\/#breadcrumb"},"inLanguage":"pt-PT","potentialAction":[{"@type":"ReadAction","target":["https:\/\/aide-diabete-guineebissau.ch\/pt-pt\/o-que-e-a-diabetes\/"]}]},{"@type":"ImageObject","inLanguage":"pt-PT","@id":"https:\/\/aide-diabete-guineebissau.ch\/pt-pt\/o-que-e-a-diabetes\/#primaryimage","url":"https:\/\/aide-diabete-guineebissau.ch\/wp-content\/uploads\/2023\/01\/diab.jpg","contentUrl":"https:\/\/aide-diabete-guineebissau.ch\/wp-content\/uploads\/2023\/01\/diab.jpg"},{"@type":"BreadcrumbList","@id":"https:\/\/aide-diabete-guineebissau.ch\/pt-pt\/o-que-e-a-diabetes\/#breadcrumb","itemListElement":[{"@type":"ListItem","position":1,"name":"Home","item":"https:\/\/aide-diabete-guineebissau.ch\/pt-pt\/"},{"@type":"ListItem","position":2,"name":"O que \u00e9 a diabetes"}]},{"@type":"WebSite","@id":"https:\/\/aide-diabete-guineebissau.ch\/pt-pt\/#website","url":"https:\/\/aide-diabete-guineebissau.ch\/pt-pt\/","name":"Association Suisse Aide aux Personnes Diab\u00e9tiques en Guin\u00e9e-Bissau","description":"Sensibilisation, pr\u00e9vention, d\u00e9pistage des diff\u00e9rents types de diab\u00e8te","potentialAction":[{"@type":"SearchAction","target":{"@type":"EntryPoint","urlTemplate":"https:\/\/aide-diabete-guineebissau.ch\/pt-pt\/?s={search_term_string}"},"query-input":{"@type":"PropertyValueSpecification","valueRequired":true,"valueName":"search_term_string"}}],"inLanguage":"pt-PT"}]}},"campaignId":"","_links":{"self":[{"href":"https:\/\/aide-diabete-guineebissau.ch\/pt-pt\/wp-json\/wp\/v2\/pages\/30451","targetHints":{"allow":["GET"]}}],"collection":[{"href":"https:\/\/aide-diabete-guineebissau.ch\/pt-pt\/wp-json\/wp\/v2\/pages"}],"about":[{"href":"https:\/\/aide-diabete-guineebissau.ch\/pt-pt\/wp-json\/wp\/v2\/types\/page"}],"author":[{"embeddable":true,"href":"https:\/\/aide-diabete-guineebissau.ch\/pt-pt\/wp-json\/wp\/v2\/users\/1"}],"replies":[{"embeddable":true,"href":"https:\/\/aide-diabete-guineebissau.ch\/pt-pt\/wp-json\/wp\/v2\/comments?post=30451"}],"version-history":[{"count":8,"href":"https:\/\/aide-diabete-guineebissau.ch\/pt-pt\/wp-json\/wp\/v2\/pages\/30451\/revisions"}],"predecessor-version":[{"id":31282,"href":"https:\/\/aide-diabete-guineebissau.ch\/pt-pt\/wp-json\/wp\/v2\/pages\/30451\/revisions\/31282"}],"wp:attachment":[{"href":"https:\/\/aide-diabete-guineebissau.ch\/pt-pt\/wp-json\/wp\/v2\/media?parent=30451"}],"curies":[{"name":"wp","href":"https:\/\/api.w.org\/{rel}","templated":true}]}}