{"id":30440,"date":"2023-02-11T18:39:41","date_gmt":"2023-02-11T17:39:41","guid":{"rendered":"https:\/\/aide-diabete-guineebissau.ch\/sensibilizacao-e-prevencao\/"},"modified":"2023-06-25T18:14:50","modified_gmt":"2023-06-25T16:14:50","slug":"sensibilizacao-e-prevencao","status":"publish","type":"page","link":"https:\/\/aide-diabete-guineebissau.ch\/pt-pt\/sensibilizacao-e-prevencao\/","title":{"rendered":"Sensibiliza\u00e7\u00e3o e preven\u00e7\u00e3o"},"content":{"rendered":"\t\t<div data-elementor-type=\"wp-page\" data-elementor-id=\"30440\" class=\"elementor elementor-30440 elementor-29856\">\n\t\t\t\t\t\t<section class=\"elementor-section elementor-top-section elementor-element elementor-element-a2abf68 elementor-section-boxed elementor-section-height-default elementor-section-height-default\" data-id=\"a2abf68\" data-element_type=\"section\" data-settings=\"{&quot;background_background&quot;:&quot;slideshow&quot;,&quot;background_slideshow_gallery&quot;:[{&quot;id&quot;:29403,&quot;url&quot;:&quot;https:\\\/\\\/aide-diabete-guineebissau.ch\\\/wp-content\\\/uploads\\\/2023\\\/01\\\/head.jpg&quot;},{&quot;id&quot;:29406,&quot;url&quot;:&quot;https:\\\/\\\/aide-diabete-guineebissau.ch\\\/wp-content\\\/uploads\\\/2023\\\/01\\\/head_02.jpg&quot;}],&quot;background_slideshow_ken_burns&quot;:&quot;yes&quot;,&quot;background_slideshow_loop&quot;:&quot;yes&quot;,&quot;background_slideshow_slide_duration&quot;:5000,&quot;background_slideshow_slide_transition&quot;:&quot;fade&quot;,&quot;background_slideshow_transition_duration&quot;:500,&quot;background_slideshow_ken_burns_zoom_direction&quot;:&quot;in&quot;}\">\n\t\t\t\t\t\t<div class=\"elementor-container elementor-column-gap-default\">\n\t\t\t\t\t<div class=\"elementor-column elementor-col-100 elementor-top-column elementor-element elementor-element-7260d10\" data-id=\"7260d10\" data-element_type=\"column\">\n\t\t\t<div class=\"elementor-widget-wrap elementor-element-populated\">\n\t\t\t\t\t\t<div class=\"elementor-element elementor-element-3f38b9d elementor-widget elementor-widget-gva-heading-block\" data-id=\"3f38b9d\" data-element_type=\"widget\" data-widget_type=\"gva-heading-block.default\">\n\t\t\t\t<div class=\"elementor-widget-container\">\n\t\t\t\t\t<div class=\"gva-element-gva-heading-block gva-element\">   <div class=\"align-left style-1 widget gsc-heading box-align-left auto-responsive\">\r\n      <div class=\"content-inner\">\r\n         \r\n                  \r\n           \r\n         \r\n                     <h2 class=\"title\">\r\n               <span>Sensibiliza\u00e7\u00e3o e preven\u00e7\u00e3o<\/span>\r\n            <\/h2>\r\n                  \r\n                     <div class=\"title-desc\">Na Guin\u00e9-Bissau, a diabetes \u00e9 uma doen\u00e7a ainda pouco conhecida da popula\u00e7\u00e3o<\/div>\r\n         \r\n         \r\n      <\/div>\r\n   <\/div>\r\n<\/div>\t\t\t\t<\/div>\n\t\t\t\t<\/div>\n\t\t\t\t\t<\/div>\n\t\t<\/div>\n\t\t\t\t\t<\/div>\n\t\t<\/section>\n\t\t\t\t<section class=\"elementor-section elementor-top-section elementor-element elementor-element-4703abd elementor-section-boxed elementor-section-height-default elementor-section-height-default\" data-id=\"4703abd\" data-element_type=\"section\" data-settings=\"{&quot;background_background&quot;:&quot;classic&quot;}\">\n\t\t\t\t\t\t<div class=\"elementor-container elementor-column-gap-default\">\n\t\t\t\t\t<div class=\"elementor-column elementor-col-50 elementor-top-column elementor-element elementor-element-029430f\" data-id=\"029430f\" data-element_type=\"column\">\n\t\t\t<div class=\"elementor-widget-wrap elementor-element-populated\">\n\t\t\t\t\t\t<div class=\"elementor-element elementor-element-59bc623 elementor-widget elementor-widget-gva-image-content\" data-id=\"59bc623\" data-element_type=\"widget\" data-widget_type=\"gva-image-content.default\">\n\t\t\t\t<div class=\"elementor-widget-container\">\n\t\t\t\t\t<div class=\"gva-element-gva-image-content gva-element\">\t\t\r\n\t\t\t<div class=\"gsc-image-content skin-v1\">\r\n\t\t  \t<div class=\"box-content\">\r\n\t\t\t \t<div class=\"image\"><img fetchpriority=\"high\" decoding=\"async\" width=\"756\" height=\"1008\" src=\"https:\/\/aide-diabete-guineebissau.ch\/wp-content\/uploads\/2023\/05\/1-5.jpg\" class=\"attachment-full size-full wp-image-30839\" alt=\"\" srcset=\"https:\/\/aide-diabete-guineebissau.ch\/wp-content\/uploads\/2023\/05\/1-5.jpg 756w, https:\/\/aide-diabete-guineebissau.ch\/wp-content\/uploads\/2023\/05\/1-5-600x800.jpg 600w\" sizes=\"(max-width: 756px) 100vw, 756px\" \/><span class=\"shape-1\"><\/span><span class=\"shape-2\"><\/span><span class=\"shape-3\"><\/span><span class=\"shape-4\"><\/span><\/div>\t\t\t<\/div> \t\r\n\r\n\t\t\t\t\t  <a href=\"#\" class=\"link-overlay\"><\/a>\r\n\t\t  \t\t<\/div>\r\n\t  \r\n\t \r\n\r\n\t \r\n\r\n\t\r\n \r\n  \r\n <\/div>\t\t\t\t<\/div>\n\t\t\t\t<\/div>\n\t\t\t\t\t<\/div>\n\t\t<\/div>\n\t\t\t\t<div class=\"elementor-column elementor-col-50 elementor-top-column elementor-element elementor-element-a71a61f\" data-id=\"a71a61f\" data-element_type=\"column\">\n\t\t\t<div class=\"elementor-widget-wrap elementor-element-populated\">\n\t\t\t\t\t\t<div class=\"elementor-element elementor-element-7705580 elementor-widget elementor-widget-text-editor\" data-id=\"7705580\" data-element_type=\"widget\" data-widget_type=\"text-editor.default\">\n\t\t\t\t<div class=\"elementor-widget-container\">\n\t\t\t\t\t\t\t\t\t<p>Na Guin\u00e9-Bissau, a diabetes continua a ser uma doen\u00e7a pouco conhecida da popula\u00e7\u00e3o. As campanhas de sensibiliza\u00e7\u00e3o e preven\u00e7\u00e3o s\u00e3o, portanto, de primordial import\u00e2ncia.<\/p>\n\t\t\t\t\t\t\t\t<\/div>\n\t\t\t\t<\/div>\n\t\t\t\t<div class=\"elementor-element elementor-element-dadfced elementor-widget elementor-widget-text-editor\" data-id=\"dadfced\" data-element_type=\"widget\" data-widget_type=\"text-editor.default\">\n\t\t\t\t<div class=\"elementor-widget-container\">\n\t\t\t\t\t\t\t\t\t<p>A AAPD GB organiza workshops envolvendo a popula\u00e7\u00e3o para explicar e prevenir a doen\u00e7a. S\u00e3o abordados v\u00e1rios t\u00f3picos:<\/p>\n<ul>\n<li>As diferentes formas de diabetes: tipo 1, tipo 2 e diabetes gestacional.<\/li>\n<li>Sinais e sintomas: fadiga, poli\u00faria (urinar frequentemente), polidipsia (sede excessiva), fome exagerada, perda de peso inexplic\u00e1vel, irritabilidade, vis\u00e3o turva, infe\u00e7\u00f5es repetidas, formigueiros nos dedos e p\u00e9s.<\/li>\n<li>Preven\u00e7\u00e3o da diabetes: seguir uma dieta saud\u00e1vel e variada, praticar exerc\u00edcio f\u00edsico, evitar o consumo de \u00e1lcool.<\/li>\n<li>Rastreio: a import\u00e2ncia de verificar regularmente os n\u00edveis de a\u00e7\u00facar no sangue.<\/li>\n<\/ul>\n\t\t\t\t\t\t\t\t<\/div>\n\t\t\t\t<\/div>\n\t\t\t\t\t<\/div>\n\t\t<\/div>\n\t\t\t\t\t<\/div>\n\t\t<\/section>\n\t\t\t\t<section class=\"elementor-section elementor-top-section elementor-element elementor-element-9444996 elementor-section-boxed elementor-section-height-default elementor-section-height-default\" data-id=\"9444996\" data-element_type=\"section\">\n\t\t\t\t\t\t<div class=\"elementor-container elementor-column-gap-default\">\n\t\t\t\t\t<div class=\"elementor-column elementor-col-100 elementor-top-column elementor-element elementor-element-a70b953\" data-id=\"a70b953\" data-element_type=\"column\">\n\t\t\t<div class=\"elementor-widget-wrap elementor-element-populated\">\n\t\t\t\t\t\t<div class=\"elementor-element elementor-element-d036b6b elementor-widget elementor-widget-heading\" data-id=\"d036b6b\" data-element_type=\"widget\" data-widget_type=\"heading.default\">\n\t\t\t\t<div class=\"elementor-widget-container\">\n\t\t\t\t\t<h2 class=\"elementor-heading-title elementor-size-default\">O nosso impacto<\/h2>\t\t\t\t<\/div>\n\t\t\t\t<\/div>\n\t\t\t\t<div class=\"elementor-element elementor-element-c8d2457 elementor-widget elementor-widget-text-editor\" data-id=\"c8d2457\" data-element_type=\"widget\" data-widget_type=\"text-editor.default\">\n\t\t\t\t<div class=\"elementor-widget-container\">\n\t\t\t\t\t\t\t\t\t<p>Em 2019, foram organizados 6 workshops de sensibiliza\u00e7\u00e3o e preven\u00e7\u00e3o em 5 bairros e regi\u00f5es diferentes, em colabora\u00e7\u00e3o com o nosso parceiro local, a associa\u00e7\u00e3o ASLUCODIABETES-GB. Cada uma destas campanhas abrangeu entre 100 e 150 pessoas.<\/p>\t\t\t\t\t\t\t\t<\/div>\n\t\t\t\t<\/div>\n\t\t\t\t\t<\/div>\n\t\t<\/div>\n\t\t\t\t\t<\/div>\n\t\t<\/section>\n\t\t\t\t<section class=\"elementor-section elementor-top-section elementor-element elementor-element-f70a829 elementor-section-boxed elementor-section-height-default elementor-section-height-default\" data-id=\"f70a829\" data-element_type=\"section\">\n\t\t\t\t\t\t<div class=\"elementor-container elementor-column-gap-default\">\n\t\t\t\t\t<div class=\"elementor-column elementor-col-100 elementor-top-column elementor-element elementor-element-22bcbba\" data-id=\"22bcbba\" data-element_type=\"column\">\n\t\t\t<div class=\"elementor-widget-wrap elementor-element-populated\">\n\t\t\t\t\t\t<div class=\"elementor-element elementor-element-b44f02c elementor-widget elementor-widget-heading\" data-id=\"b44f02c\" data-element_type=\"widget\" data-widget_type=\"heading.default\">\n\t\t\t\t<div class=\"elementor-widget-container\">\n\t\t\t\t\t<h2 class=\"elementor-heading-title elementor-size-default\">Atividades divertidas para crian\u00e7as<\/h2>\t\t\t\t<\/div>\n\t\t\t\t<\/div>\n\t\t\t\t<div class=\"elementor-element elementor-element-e0daeae elementor-widget elementor-widget-text-editor\" data-id=\"e0daeae\" data-element_type=\"widget\" data-widget_type=\"text-editor.default\">\n\t\t\t\t<div class=\"elementor-widget-container\">\n\t\t\t\t\t\t\t\t\t<p>A AAPD GB presta especial aten\u00e7\u00e3o \u00e0s crian\u00e7as. Por este motivo, organiza oficinas especialmente para elas, de modo a sensibiliz\u00e1-las atrav\u00e9s de atividades divertidas. J\u00e1 foram organizadas algumas.<\/p>\n<p>A 16 de dezembro de 2018, todas as crian\u00e7as do distrito de Pilum participaram em atividades e jogos em torno do tema da sensibiliza\u00e7\u00e3o e preven\u00e7\u00e3o da diabetes. G\u00e9raldina Tom\u00e9, Enfermeira no Hospital Nacional Sim\u00e3o Mendes, utilizou ilustra\u00e7\u00f5es simples para apresentar o funcionamento da regula\u00e7\u00e3o do a\u00e7\u00facar no sangue e as consequ\u00eancias para a sa\u00fade quando o n\u00edvel de a\u00e7\u00facar no sangue \u00e9 demasiado alto ou demasiado baixo.<\/p>\n<p>A 19 de abril de 2019, foi organizado um segundo semin\u00e1rio com as crian\u00e7as, dinamizado pela Enfermeira G\u00e9raldina Tom\u00e9. As atividades ajudaram as crian\u00e7as a reconhecer os sintomas de hiperglicemia e hipoglicemia, e introduziram o tema da alimenta\u00e7\u00e3o. As crian\u00e7as t\u00eam sido muito recetivas a estas atividades.<\/p>\n\t\t\t\t\t\t\t\t<\/div>\n\t\t\t\t<\/div>\n\t\t\t\t\t<\/div>\n\t\t<\/div>\n\t\t\t\t\t<\/div>\n\t\t<\/section>\n\t\t\t\t<section class=\"elementor-section elementor-top-section elementor-element elementor-element-88708d5 elementor-section-boxed elementor-section-height-default elementor-section-height-default\" data-id=\"88708d5\" data-element_type=\"section\">\n\t\t\t\t\t\t<div class=\"elementor-container elementor-column-gap-default\">\n\t\t\t\t\t<div class=\"elementor-column elementor-col-100 elementor-top-column elementor-element elementor-element-de86b7a\" data-id=\"de86b7a\" data-element_type=\"column\">\n\t\t\t<div class=\"elementor-widget-wrap elementor-element-populated\">\n\t\t\t\t\t\t<div class=\"elementor-element elementor-element-2e4e724 elementor-widget elementor-widget-heading\" data-id=\"2e4e724\" data-element_type=\"widget\" data-widget_type=\"heading.default\">\n\t\t\t\t<div class=\"elementor-widget-container\">\n\t\t\t\t\t<h2 class=\"elementor-heading-title elementor-size-default\">Reuni\u00f5es de grupo para mulheres gr\u00e1vidas<\/h2>\t\t\t\t<\/div>\n\t\t\t\t<\/div>\n\t\t\t\t<div class=\"elementor-element elementor-element-9abdc51 elementor-widget elementor-widget-text-editor\" data-id=\"9abdc51\" data-element_type=\"widget\" data-widget_type=\"text-editor.default\">\n\t\t\t\t<div class=\"elementor-widget-container\">\n\t\t\t\t\t\t\t\t\t<p>Nas mulheres gr\u00e1vidas, os riscos e complica\u00e7\u00f5es da diabetes s\u00e3o muito significativos e podem afetar tanto o beb\u00e9 como a m\u00e3e. A diabetes gestacional \u00e9 de facto muito perigosa, incluindo o risco de morte durante o parto. A AAPD GB acompanha mulheres gr\u00e1vidas diab\u00e9ticas para melhorar a sua sa\u00fade e minimizar os riscos. Todos os s\u00e1bados a associa\u00e7\u00e3o organiza reuni\u00f5es de grupo para que as mulheres possam falar e trocar informa\u00e7\u00f5es sobre a doen\u00e7a e sobre as dificuldades encontradas durante a gravidez. \u00c0s rec\u00e9m-chegadas, o n\u00edvel de a\u00e7\u00facar no sangue \u00e9 verificado de modo confirmar o seu diagn\u00f3stico e \u00e9 depois encaminhado para a unidade m\u00e9dica especializada, que est\u00e1 a ser criada pela AAPDGB e pelos Hospitais Universit\u00e1rios de Genebra (HUG) em colabora\u00e7\u00e3o com o Hospital Nacional Sim\u00e3o Mendes. Deste modo, d\u00e1-se in\u00edcio ao seu acompanhamento m\u00e9dico. Ap\u00f3s a sua consulta, as mulheres s\u00e3o encaminhadas para a nossa associa\u00e7\u00e3o parceira ASLUCODIABETES-GB para receberem gratuitamente medicamentos e equipamento m\u00e9dico fornecido pela AAPDGB. Recebem tamb\u00e9m forma\u00e7\u00e3o sobre como administrar os medicamentos, como utilizar os dispositivos e que valores de a\u00e7\u00facar no sangue s\u00e3o considerados altos, normais e baixos.<\/p>\n\t\t\t\t\t\t\t\t<\/div>\n\t\t\t\t<\/div>\n\t\t\t\t\t<\/div>\n\t\t<\/div>\n\t\t\t\t\t<\/div>\n\t\t<\/section>\n\t\t\t\t<section class=\"elementor-section elementor-top-section elementor-element elementor-element-8809719 elementor-section-boxed elementor-section-height-default elementor-section-height-default\" data-id=\"8809719\" data-element_type=\"section\">\n\t\t\t\t\t\t<div class=\"elementor-container elementor-column-gap-default\">\n\t\t\t\t\t<div class=\"elementor-column elementor-col-100 elementor-top-column elementor-element elementor-element-ca11f7c\" data-id=\"ca11f7c\" data-element_type=\"column\">\n\t\t\t<div class=\"elementor-widget-wrap elementor-element-populated\">\n\t\t\t\t\t\t<div class=\"elementor-element elementor-element-f65e85e elementor-widget elementor-widget-heading\" data-id=\"f65e85e\" data-element_type=\"widget\" data-widget_type=\"heading.default\">\n\t\t\t\t<div class=\"elementor-widget-container\">\n\t\t\t\t\t<h2 class=\"elementor-heading-title elementor-size-default\">Aconselhamento diet\u00e9tico e horta<\/h2>\t\t\t\t<\/div>\n\t\t\t\t<\/div>\n\t\t\t\t<div class=\"elementor-element elementor-element-65991ea elementor-widget elementor-widget-text-editor\" data-id=\"65991ea\" data-element_type=\"widget\" data-widget_type=\"text-editor.default\">\n\t\t\t\t<div class=\"elementor-widget-container\">\n\t\t\t\t\t\t\t\t\t<p>A nossa associa\u00e7\u00e3o, juntamente com a equipa ASLUCODIABETES-GB, organiza regularmente workshops e cursos para pacientes, mulheres gr\u00e1vidas e fam\u00edlias com o objetivo de partilhar informa\u00e7\u00f5es e conselhos diet\u00e9ticos.<\/p>\n<p>A 15 de junho de 2019, foi organizado um workshop de cozinha na presen\u00e7a da Dra. Nena Naforna, m\u00e9dica do Hospital Nacional Sim\u00e3o Mendes, com enfoque em como confecionar refei\u00e7\u00f5es de modo adequado a pacientes diab\u00e9ticos.<\/p>\n<p>A Dra. Nena Naforna informou quais os valores nutricionais dos alimentos, que ingredientes s\u00e3o ricos em hidratos de carbono, e como adaptar o consumo de alimentos ricos em amido para uma dieta adequada.<\/p>\n<p>A 12 de outubro de 2019 uma segunda oficina de cozinha dirigida \u00e0s mulheres foi dinamizada pela Dra. Nena Naforna. As mulheres participaram na apresenta\u00e7\u00e3o dos alimentos. Foi-lhes exibido um exemplo de prato equilibrado para que pudessem ter uma ideia do que comer, quanto e quantas vezes por dia. A Dra. Nena Naforna e a enfermeira G\u00e9raldina Tom\u00e9 deram conselhos sobre a alimenta\u00e7\u00e3o e a toma de medicamentos. Tamb\u00e9m demonstraram como cuidar de feridas nos p\u00e9s causadas pela diabetes.<\/p>\n<\/p>\n<p>Em janeiro de 2019, a terra foi revolvida, preparada e cultivada para criar uma horta que produz vegetais e batata-doce. Os legumes s\u00e3o distribu\u00eddos \u00e0s fam\u00edlias cujas crian\u00e7as t\u00eam diabetes, bem como ao Hospital Nacional Sim\u00e3o Mendes. At\u00e9 \u00e0 data, a horta alimentou 6 crian\u00e7as diab\u00e9ticas e doentes hospitalizados.<\/p>\n\t\t\t\t\t\t\t\t<\/div>\n\t\t\t\t<\/div>\n\t\t\t\t\t<\/div>\n\t\t<\/div>\n\t\t\t\t\t<\/div>\n\t\t<\/section>\n\t\t\t\t<\/div>\n\t\t","protected":false},"excerpt":{"rendered":"<p>Sensibiliza\u00e7\u00e3o e preven\u00e7\u00e3o Na Guin\u00e9-Bissau, a diabetes \u00e9 uma doen\u00e7a ainda pouco conhecida da popula\u00e7\u00e3o Na Guin\u00e9-Bissau, a diabetes continua a ser uma doen\u00e7a pouco conhecida da popula\u00e7\u00e3o. As campanhas [&hellip;]<\/p>\n","protected":false},"author":1,"featured_media":0,"parent":0,"menu_order":0,"comment_status":"closed","ping_status":"closed","template":"","meta":{"give_campaign_id":0,"footnotes":""},"class_list":["post-30440","page","type-page","status-publish","hentry"],"yoast_head":"<!-- This site is optimized with the Yoast SEO plugin v26.6 - https:\/\/yoast.com\/wordpress\/plugins\/seo\/ -->\n<title>AAPDGB I Os Nossos Projetos I Sensibiliza\u00e7\u00e3o e preven\u00e7\u00e3o<\/title>\n<meta name=\"description\" content=\"Na Guin\u00e9-Bissau, a diabetes continua a ser uma doen\u00e7a pouco conhecida da popula\u00e7\u00e3o. As campanhas de sensibiliza\u00e7\u00e3o e preven\u00e7\u00e3o s\u00e3o, portanto, de primordial import\u00e2ncia.\" \/>\n<meta name=\"robots\" content=\"index, follow, max-snippet:-1, max-image-preview:large, max-video-preview:-1\" \/>\n<link rel=\"canonical\" href=\"https:\/\/aide-diabete-guineebissau.ch\/pt-pt\/sensibilizacao-e-prevencao\/\" \/>\n<meta property=\"og:locale\" content=\"pt_PT\" \/>\n<meta property=\"og:type\" content=\"article\" \/>\n<meta property=\"og:title\" content=\"AAPDGB I Os Nossos Projetos I Sensibiliza\u00e7\u00e3o e preven\u00e7\u00e3o\" \/>\n<meta property=\"og:description\" content=\"Na Guin\u00e9-Bissau, a diabetes continua a ser uma doen\u00e7a pouco conhecida da popula\u00e7\u00e3o. As campanhas de sensibiliza\u00e7\u00e3o e preven\u00e7\u00e3o s\u00e3o, portanto, de primordial import\u00e2ncia.\" \/>\n<meta property=\"og:url\" content=\"https:\/\/aide-diabete-guineebissau.ch\/pt-pt\/sensibilizacao-e-prevencao\/\" \/>\n<meta property=\"og:site_name\" content=\"Association Suisse Aide aux Personnes Diab\u00e9tiques en Guin\u00e9e-Bissau\" \/>\n<meta property=\"article:modified_time\" content=\"2023-06-25T16:14:50+00:00\" \/>\n<meta property=\"og:image\" content=\"https:\/\/aide-diabete-guineebissau.ch\/wp-content\/uploads\/2023\/05\/1-5.jpg\" \/>\n<meta name=\"twitter:card\" content=\"summary_large_image\" \/>\n<meta name=\"twitter:label1\" content=\"Tempo estimado de leitura\" \/>\n\t<meta name=\"twitter:data1\" content=\"5 minutos\" \/>\n<script type=\"application\/ld+json\" class=\"yoast-schema-graph\">{\"@context\":\"https:\/\/schema.org\",\"@graph\":[{\"@type\":\"WebPage\",\"@id\":\"https:\/\/aide-diabete-guineebissau.ch\/pt-pt\/sensibilizacao-e-prevencao\/\",\"url\":\"https:\/\/aide-diabete-guineebissau.ch\/pt-pt\/sensibilizacao-e-prevencao\/\",\"name\":\"AAPDGB I Os Nossos Projetos I Sensibiliza\u00e7\u00e3o e preven\u00e7\u00e3o\",\"isPartOf\":{\"@id\":\"https:\/\/aide-diabete-guineebissau.ch\/pt-pt\/#website\"},\"primaryImageOfPage\":{\"@id\":\"https:\/\/aide-diabete-guineebissau.ch\/pt-pt\/sensibilizacao-e-prevencao\/#primaryimage\"},\"image\":{\"@id\":\"https:\/\/aide-diabete-guineebissau.ch\/pt-pt\/sensibilizacao-e-prevencao\/#primaryimage\"},\"thumbnailUrl\":\"https:\/\/aide-diabete-guineebissau.ch\/wp-content\/uploads\/2023\/05\/1-5.jpg\",\"datePublished\":\"2023-02-11T17:39:41+00:00\",\"dateModified\":\"2023-06-25T16:14:50+00:00\",\"description\":\"Na Guin\u00e9-Bissau, a diabetes continua a ser uma doen\u00e7a pouco conhecida da popula\u00e7\u00e3o. As campanhas de sensibiliza\u00e7\u00e3o e preven\u00e7\u00e3o s\u00e3o, portanto, de primordial import\u00e2ncia.\",\"breadcrumb\":{\"@id\":\"https:\/\/aide-diabete-guineebissau.ch\/pt-pt\/sensibilizacao-e-prevencao\/#breadcrumb\"},\"inLanguage\":\"pt-PT\",\"potentialAction\":[{\"@type\":\"ReadAction\",\"target\":[\"https:\/\/aide-diabete-guineebissau.ch\/pt-pt\/sensibilizacao-e-prevencao\/\"]}]},{\"@type\":\"ImageObject\",\"inLanguage\":\"pt-PT\",\"@id\":\"https:\/\/aide-diabete-guineebissau.ch\/pt-pt\/sensibilizacao-e-prevencao\/#primaryimage\",\"url\":\"https:\/\/aide-diabete-guineebissau.ch\/wp-content\/uploads\/2023\/05\/1-5.jpg\",\"contentUrl\":\"https:\/\/aide-diabete-guineebissau.ch\/wp-content\/uploads\/2023\/05\/1-5.jpg\"},{\"@type\":\"BreadcrumbList\",\"@id\":\"https:\/\/aide-diabete-guineebissau.ch\/pt-pt\/sensibilizacao-e-prevencao\/#breadcrumb\",\"itemListElement\":[{\"@type\":\"ListItem\",\"position\":1,\"name\":\"Home\",\"item\":\"https:\/\/aide-diabete-guineebissau.ch\/pt-pt\/\"},{\"@type\":\"ListItem\",\"position\":2,\"name\":\"Sensibiliza\u00e7\u00e3o e preven\u00e7\u00e3o\"}]},{\"@type\":\"WebSite\",\"@id\":\"https:\/\/aide-diabete-guineebissau.ch\/pt-pt\/#website\",\"url\":\"https:\/\/aide-diabete-guineebissau.ch\/pt-pt\/\",\"name\":\"Association Suisse Aide aux Personnes Diab\u00e9tiques en Guin\u00e9e-Bissau\",\"description\":\"Sensibilisation, pr\u00e9vention, d\u00e9pistage des diff\u00e9rents types de diab\u00e8te\",\"potentialAction\":[{\"@type\":\"SearchAction\",\"target\":{\"@type\":\"EntryPoint\",\"urlTemplate\":\"https:\/\/aide-diabete-guineebissau.ch\/pt-pt\/?s={search_term_string}\"},\"query-input\":{\"@type\":\"PropertyValueSpecification\",\"valueRequired\":true,\"valueName\":\"search_term_string\"}}],\"inLanguage\":\"pt-PT\"}]}<\/script>\n<!-- \/ Yoast SEO plugin. -->","yoast_head_json":{"title":"AAPDGB I Os Nossos Projetos I Sensibiliza\u00e7\u00e3o e preven\u00e7\u00e3o","description":"Na Guin\u00e9-Bissau, a diabetes continua a ser uma doen\u00e7a pouco conhecida da popula\u00e7\u00e3o. As campanhas de sensibiliza\u00e7\u00e3o e preven\u00e7\u00e3o s\u00e3o, portanto, de primordial import\u00e2ncia.","robots":{"index":"index","follow":"follow","max-snippet":"max-snippet:-1","max-image-preview":"max-image-preview:large","max-video-preview":"max-video-preview:-1"},"canonical":"https:\/\/aide-diabete-guineebissau.ch\/pt-pt\/sensibilizacao-e-prevencao\/","og_locale":"pt_PT","og_type":"article","og_title":"AAPDGB I Os Nossos Projetos I Sensibiliza\u00e7\u00e3o e preven\u00e7\u00e3o","og_description":"Na Guin\u00e9-Bissau, a diabetes continua a ser uma doen\u00e7a pouco conhecida da popula\u00e7\u00e3o. As campanhas de sensibiliza\u00e7\u00e3o e preven\u00e7\u00e3o s\u00e3o, portanto, de primordial import\u00e2ncia.","og_url":"https:\/\/aide-diabete-guineebissau.ch\/pt-pt\/sensibilizacao-e-prevencao\/","og_site_name":"Association Suisse Aide aux Personnes Diab\u00e9tiques en Guin\u00e9e-Bissau","article_modified_time":"2023-06-25T16:14:50+00:00","og_image":[{"url":"https:\/\/aide-diabete-guineebissau.ch\/wp-content\/uploads\/2023\/05\/1-5.jpg","type":"","width":"","height":""}],"twitter_card":"summary_large_image","twitter_misc":{"Tempo estimado de leitura":"5 minutos"},"schema":{"@context":"https:\/\/schema.org","@graph":[{"@type":"WebPage","@id":"https:\/\/aide-diabete-guineebissau.ch\/pt-pt\/sensibilizacao-e-prevencao\/","url":"https:\/\/aide-diabete-guineebissau.ch\/pt-pt\/sensibilizacao-e-prevencao\/","name":"AAPDGB I Os Nossos Projetos I Sensibiliza\u00e7\u00e3o e preven\u00e7\u00e3o","isPartOf":{"@id":"https:\/\/aide-diabete-guineebissau.ch\/pt-pt\/#website"},"primaryImageOfPage":{"@id":"https:\/\/aide-diabete-guineebissau.ch\/pt-pt\/sensibilizacao-e-prevencao\/#primaryimage"},"image":{"@id":"https:\/\/aide-diabete-guineebissau.ch\/pt-pt\/sensibilizacao-e-prevencao\/#primaryimage"},"thumbnailUrl":"https:\/\/aide-diabete-guineebissau.ch\/wp-content\/uploads\/2023\/05\/1-5.jpg","datePublished":"2023-02-11T17:39:41+00:00","dateModified":"2023-06-25T16:14:50+00:00","description":"Na Guin\u00e9-Bissau, a diabetes continua a ser uma doen\u00e7a pouco conhecida da popula\u00e7\u00e3o. As campanhas de sensibiliza\u00e7\u00e3o e preven\u00e7\u00e3o s\u00e3o, portanto, de primordial import\u00e2ncia.","breadcrumb":{"@id":"https:\/\/aide-diabete-guineebissau.ch\/pt-pt\/sensibilizacao-e-prevencao\/#breadcrumb"},"inLanguage":"pt-PT","potentialAction":[{"@type":"ReadAction","target":["https:\/\/aide-diabete-guineebissau.ch\/pt-pt\/sensibilizacao-e-prevencao\/"]}]},{"@type":"ImageObject","inLanguage":"pt-PT","@id":"https:\/\/aide-diabete-guineebissau.ch\/pt-pt\/sensibilizacao-e-prevencao\/#primaryimage","url":"https:\/\/aide-diabete-guineebissau.ch\/wp-content\/uploads\/2023\/05\/1-5.jpg","contentUrl":"https:\/\/aide-diabete-guineebissau.ch\/wp-content\/uploads\/2023\/05\/1-5.jpg"},{"@type":"BreadcrumbList","@id":"https:\/\/aide-diabete-guineebissau.ch\/pt-pt\/sensibilizacao-e-prevencao\/#breadcrumb","itemListElement":[{"@type":"ListItem","position":1,"name":"Home","item":"https:\/\/aide-diabete-guineebissau.ch\/pt-pt\/"},{"@type":"ListItem","position":2,"name":"Sensibiliza\u00e7\u00e3o e preven\u00e7\u00e3o"}]},{"@type":"WebSite","@id":"https:\/\/aide-diabete-guineebissau.ch\/pt-pt\/#website","url":"https:\/\/aide-diabete-guineebissau.ch\/pt-pt\/","name":"Association Suisse Aide aux Personnes Diab\u00e9tiques en Guin\u00e9e-Bissau","description":"Sensibilisation, pr\u00e9vention, d\u00e9pistage des diff\u00e9rents types de diab\u00e8te","potentialAction":[{"@type":"SearchAction","target":{"@type":"EntryPoint","urlTemplate":"https:\/\/aide-diabete-guineebissau.ch\/pt-pt\/?s={search_term_string}"},"query-input":{"@type":"PropertyValueSpecification","valueRequired":true,"valueName":"search_term_string"}}],"inLanguage":"pt-PT"}]}},"campaignId":"","_links":{"self":[{"href":"https:\/\/aide-diabete-guineebissau.ch\/pt-pt\/wp-json\/wp\/v2\/pages\/30440","targetHints":{"allow":["GET"]}}],"collection":[{"href":"https:\/\/aide-diabete-guineebissau.ch\/pt-pt\/wp-json\/wp\/v2\/pages"}],"about":[{"href":"https:\/\/aide-diabete-guineebissau.ch\/pt-pt\/wp-json\/wp\/v2\/types\/page"}],"author":[{"embeddable":true,"href":"https:\/\/aide-diabete-guineebissau.ch\/pt-pt\/wp-json\/wp\/v2\/users\/1"}],"replies":[{"embeddable":true,"href":"https:\/\/aide-diabete-guineebissau.ch\/pt-pt\/wp-json\/wp\/v2\/comments?post=30440"}],"version-history":[{"count":11,"href":"https:\/\/aide-diabete-guineebissau.ch\/pt-pt\/wp-json\/wp\/v2\/pages\/30440\/revisions"}],"predecessor-version":[{"id":31279,"href":"https:\/\/aide-diabete-guineebissau.ch\/pt-pt\/wp-json\/wp\/v2\/pages\/30440\/revisions\/31279"}],"wp:attachment":[{"href":"https:\/\/aide-diabete-guineebissau.ch\/pt-pt\/wp-json\/wp\/v2\/media?parent=30440"}],"curies":[{"name":"wp","href":"https:\/\/api.w.org\/{rel}","templated":true}]}}