{"id":30426,"date":"2023-01-10T12:48:13","date_gmt":"2023-01-10T11:48:13","guid":{"rendered":"https:\/\/aide-diabete-guineebissau.ch\/rastreio\/"},"modified":"2023-06-25T18:08:00","modified_gmt":"2023-06-25T16:08:00","slug":"rastreio","status":"publish","type":"page","link":"https:\/\/aide-diabete-guineebissau.ch\/pt-pt\/rastreio\/","title":{"rendered":"Rastreio"},"content":{"rendered":"\t\t<div data-elementor-type=\"wp-page\" data-elementor-id=\"30426\" class=\"elementor elementor-30426 elementor-29659\">\n\t\t\t\t\t\t<section class=\"elementor-section elementor-top-section elementor-element elementor-element-a2abf68 elementor-section-boxed elementor-section-height-default elementor-section-height-default\" data-id=\"a2abf68\" data-element_type=\"section\" data-settings=\"{&quot;background_background&quot;:&quot;slideshow&quot;,&quot;background_slideshow_gallery&quot;:[{&quot;id&quot;:29403,&quot;url&quot;:&quot;https:\\\/\\\/aide-diabete-guineebissau.ch\\\/wp-content\\\/uploads\\\/2023\\\/01\\\/head.jpg&quot;},{&quot;id&quot;:29406,&quot;url&quot;:&quot;https:\\\/\\\/aide-diabete-guineebissau.ch\\\/wp-content\\\/uploads\\\/2023\\\/01\\\/head_02.jpg&quot;}],&quot;background_slideshow_ken_burns&quot;:&quot;yes&quot;,&quot;background_slideshow_loop&quot;:&quot;yes&quot;,&quot;background_slideshow_slide_duration&quot;:5000,&quot;background_slideshow_slide_transition&quot;:&quot;fade&quot;,&quot;background_slideshow_transition_duration&quot;:500,&quot;background_slideshow_ken_burns_zoom_direction&quot;:&quot;in&quot;}\">\n\t\t\t\t\t\t<div class=\"elementor-container elementor-column-gap-default\">\n\t\t\t\t\t<div class=\"elementor-column elementor-col-100 elementor-top-column elementor-element elementor-element-7260d10\" data-id=\"7260d10\" data-element_type=\"column\">\n\t\t\t<div class=\"elementor-widget-wrap elementor-element-populated\">\n\t\t\t\t\t\t<div class=\"elementor-element elementor-element-3f38b9d elementor-widget elementor-widget-gva-heading-block\" data-id=\"3f38b9d\" data-element_type=\"widget\" data-widget_type=\"gva-heading-block.default\">\n\t\t\t\t<div class=\"elementor-widget-container\">\n\t\t\t\t\t<div class=\"gva-element-gva-heading-block gva-element\">   <div class=\"align-left style-1 widget gsc-heading box-align-left auto-responsive\">\r\n      <div class=\"content-inner\">\r\n         \r\n                  \r\n           \r\n         \r\n                     <h2 class=\"title\">\r\n               <span>Rastreio<\/span>\r\n            <\/h2>\r\n                  \r\n                     <div class=\"title-desc\">Trabalhamos na sensibiliza\u00e7\u00e3o, preven\u00e7\u00e3o, rastreio<\/div>\r\n         \r\n         \r\n      <\/div>\r\n   <\/div>\r\n<\/div>\t\t\t\t<\/div>\n\t\t\t\t<\/div>\n\t\t\t\t\t<\/div>\n\t\t<\/div>\n\t\t\t\t\t<\/div>\n\t\t<\/section>\n\t\t\t\t<section class=\"elementor-section elementor-top-section elementor-element elementor-element-fc63a2c elementor-section-boxed elementor-section-height-default elementor-section-height-default\" data-id=\"fc63a2c\" data-element_type=\"section\" data-settings=\"{&quot;background_background&quot;:&quot;classic&quot;}\">\n\t\t\t\t\t\t<div class=\"elementor-container elementor-column-gap-default\">\n\t\t\t\t\t<div class=\"elementor-column elementor-col-50 elementor-top-column elementor-element elementor-element-6b967f0\" data-id=\"6b967f0\" data-element_type=\"column\">\n\t\t\t<div class=\"elementor-widget-wrap elementor-element-populated\">\n\t\t\t\t\t\t<div class=\"elementor-element elementor-element-30755da elementor-widget elementor-widget-text-editor\" data-id=\"30755da\" data-element_type=\"widget\" data-widget_type=\"text-editor.default\">\n\t\t\t\t<div class=\"elementor-widget-container\">\n\t\t\t\t\t\t\t\t\t<p>A diabetes \u00e9 uma doen\u00e7a com um in\u00edcio silencioso e progressivo e, especialmente no in\u00edcio, os que dela padecem n\u00e3o identificam os seus sintomas, Estes tornam-se mais evidentes \u00e0 medida que a doen\u00e7a progride para uma situa\u00e7\u00e3o mais gravosa.<\/p>\n\t\t\t\t\t\t\t\t<\/div>\n\t\t\t\t<\/div>\n\t\t\t\t<div class=\"elementor-element elementor-element-078aaa5 elementor-widget elementor-widget-text-editor\" data-id=\"078aaa5\" data-element_type=\"widget\" data-widget_type=\"text-editor.default\">\n\t\t\t\t<div class=\"elementor-widget-container\">\n\t\t\t\t\t\t\t\t\t<p>A n\u00edvel mundial, quase 1 em cada 2 adultos vive com diabetes sem o saber. A Federa\u00e7\u00e3o Internacional de Diabetes estima que existam aproximadamente 240 milh\u00f5es de pessoas com diabetes n\u00e3o diagnosticada em todo o mundo. A diabetes \u00e9 mal compreendida entre a popula\u00e7\u00e3o da Guin\u00e9-Bissau e por falta de meios as pessoas n\u00e3o recorrem a m\u00e9dicos quando ficam doentes, ao ponto de muitos serem afetados por esta condi\u00e7\u00e3o sem sequer terem conhecimento disso.<\/p>\n<p>Dada a falta de infraestruturas p\u00fablicas dedicadas e de conhecimentos m\u00e9dicos especializados no pa\u00eds, a AAPD GB desempenha um papel particularmente importante no apoio \u00e0 popula\u00e7\u00e3o, fornecendo servi\u00e7os gratuitos de rastreio e diagn\u00f3stico para que as pessoas afetadas possam tomar consci\u00eancia da sua condi\u00e7\u00e3o e obterem o tratamento adequado.<\/p>\n<p>Durante as campanhas de sensibiliza\u00e7\u00e3o e preven\u00e7\u00e3o s\u00e3o oferecidos rastreios gratuitos \u00e0 popula\u00e7\u00e3o. Em 2019, foram organizadas 6 campanhas, resultando em cerca de 50 pessoas rastreadas e entre 5-10 pessoas diagnosticadas com diabetes para cada campanha. A maioria destes doentes diagnosticados n\u00e3o estava ciente da sua condi\u00e7\u00e3o m\u00e9dica. Tais campanhas s\u00e3o cruciais porque constituem uma oportunidade para os doentes diagnosticados possam adquirir ensinamentos acerca da doen\u00e7a e terem o seu estado de sa\u00fade avaliado.<\/p>\n<\/p>\n<p>A AAPD GB trabalha em parceria com a associa\u00e7\u00e3o local ASLUCODIABETES-GB.<\/p>\n<p>Artemisa Lopes, fundadora e coordenadora da ASLUCODIABETES-GB, est\u00e1 estreitamente envolvida nas nossas campanhas de sensibiliza\u00e7\u00e3o e rastreio.<\/p>\n\t\t\t\t\t\t\t\t<\/div>\n\t\t\t\t<\/div>\n\t\t\t\t\t<\/div>\n\t\t<\/div>\n\t\t\t\t<div class=\"elementor-column elementor-col-50 elementor-top-column elementor-element elementor-element-aa328ab\" data-id=\"aa328ab\" data-element_type=\"column\">\n\t\t\t<div class=\"elementor-widget-wrap elementor-element-populated\">\n\t\t\t\t\t\t<div class=\"elementor-element elementor-element-039f090 elementor-widget elementor-widget-gva-image-content\" data-id=\"039f090\" data-element_type=\"widget\" data-widget_type=\"gva-image-content.default\">\n\t\t\t\t<div class=\"elementor-widget-container\">\n\t\t\t\t\t<div class=\"gva-element-gva-image-content gva-element\">\t\t\r\n\t\t\t<div class=\"gsc-image-content skin-v1\">\r\n\t\t  \t<div class=\"box-content\">\r\n\t\t\t \t<div class=\"image\"><img fetchpriority=\"high\" decoding=\"async\" width=\"652\" height=\"646\" src=\"https:\/\/aide-diabete-guineebissau.ch\/wp-content\/uploads\/2023\/05\/1-12.jpg\" class=\"attachment-full size-full wp-image-31095\" alt=\"\" srcset=\"https:\/\/aide-diabete-guineebissau.ch\/wp-content\/uploads\/2023\/05\/1-12.jpg 652w, https:\/\/aide-diabete-guineebissau.ch\/wp-content\/uploads\/2023\/05\/1-12-600x594.jpg 600w\" sizes=\"(max-width: 652px) 100vw, 652px\" \/><span class=\"shape-1\"><\/span><span class=\"shape-2\"><\/span><span class=\"shape-3\"><\/span><span class=\"shape-4\"><\/span><\/div>\t\t\t<\/div> \t\r\n\r\n\t\t\t\t\t<\/div>\r\n\t  \r\n\t \r\n\r\n\t \r\n\r\n\t\r\n \r\n  \r\n <\/div>\t\t\t\t<\/div>\n\t\t\t\t<\/div>\n\t\t\t\t\t<\/div>\n\t\t<\/div>\n\t\t\t\t\t<\/div>\n\t\t<\/section>\n\t\t\t\t<\/div>\n\t\t","protected":false},"excerpt":{"rendered":"<p>Rastreio Trabalhamos na sensibiliza\u00e7\u00e3o, preven\u00e7\u00e3o, rastreio A diabetes \u00e9 uma doen\u00e7a com um in\u00edcio silencioso e progressivo e, especialmente no in\u00edcio, os que dela padecem n\u00e3o identificam os seus sintomas, [&hellip;]<\/p>\n","protected":false},"author":1,"featured_media":0,"parent":0,"menu_order":0,"comment_status":"closed","ping_status":"closed","template":"","meta":{"give_campaign_id":0,"footnotes":""},"class_list":["post-30426","page","type-page","status-publish","hentry"],"yoast_head":"<!-- This site is optimized with the Yoast SEO plugin v26.6 - https:\/\/yoast.com\/wordpress\/plugins\/seo\/ -->\n<title>AAPDGB I Os Nossos Projetos I Rastreio<\/title>\n<meta name=\"description\" content=\"Durante as campanhas de sensibiliza\u00e7\u00e3o e de preven\u00e7\u00e3o, a nossa associa\u00e7\u00e3o prop\u00f5e igualmente rastreios. Saiba mais.\" \/>\n<meta name=\"robots\" content=\"index, follow, max-snippet:-1, max-image-preview:large, max-video-preview:-1\" \/>\n<link rel=\"canonical\" href=\"https:\/\/aide-diabete-guineebissau.ch\/pt-pt\/rastreio\/\" \/>\n<meta property=\"og:locale\" content=\"pt_PT\" \/>\n<meta property=\"og:type\" content=\"article\" \/>\n<meta property=\"og:title\" content=\"AAPDGB I Os Nossos Projetos I Rastreio\" \/>\n<meta property=\"og:description\" content=\"Durante as campanhas de sensibiliza\u00e7\u00e3o e de preven\u00e7\u00e3o, a nossa associa\u00e7\u00e3o prop\u00f5e igualmente rastreios. Saiba mais.\" \/>\n<meta property=\"og:url\" content=\"https:\/\/aide-diabete-guineebissau.ch\/pt-pt\/rastreio\/\" \/>\n<meta property=\"og:site_name\" content=\"Association Suisse Aide aux Personnes Diab\u00e9tiques en Guin\u00e9e-Bissau\" \/>\n<meta property=\"article:modified_time\" content=\"2023-06-25T16:08:00+00:00\" \/>\n<meta property=\"og:image\" content=\"https:\/\/aide-diabete-guineebissau.ch\/wp-content\/uploads\/2023\/05\/1-12.jpg\" \/>\n<meta name=\"twitter:card\" content=\"summary_large_image\" \/>\n<meta name=\"twitter:label1\" content=\"Tempo estimado de leitura\" \/>\n\t<meta name=\"twitter:data1\" content=\"2 minutos\" \/>\n<script type=\"application\/ld+json\" class=\"yoast-schema-graph\">{\"@context\":\"https:\/\/schema.org\",\"@graph\":[{\"@type\":\"WebPage\",\"@id\":\"https:\/\/aide-diabete-guineebissau.ch\/pt-pt\/rastreio\/\",\"url\":\"https:\/\/aide-diabete-guineebissau.ch\/pt-pt\/rastreio\/\",\"name\":\"AAPDGB I Os Nossos Projetos I Rastreio\",\"isPartOf\":{\"@id\":\"https:\/\/aide-diabete-guineebissau.ch\/pt-pt\/#website\"},\"primaryImageOfPage\":{\"@id\":\"https:\/\/aide-diabete-guineebissau.ch\/pt-pt\/rastreio\/#primaryimage\"},\"image\":{\"@id\":\"https:\/\/aide-diabete-guineebissau.ch\/pt-pt\/rastreio\/#primaryimage\"},\"thumbnailUrl\":\"https:\/\/aide-diabete-guineebissau.ch\/wp-content\/uploads\/2023\/05\/1-12.jpg\",\"datePublished\":\"2023-01-10T11:48:13+00:00\",\"dateModified\":\"2023-06-25T16:08:00+00:00\",\"description\":\"Durante as campanhas de sensibiliza\u00e7\u00e3o e de preven\u00e7\u00e3o, a nossa associa\u00e7\u00e3o prop\u00f5e igualmente rastreios. Saiba mais.\",\"breadcrumb\":{\"@id\":\"https:\/\/aide-diabete-guineebissau.ch\/pt-pt\/rastreio\/#breadcrumb\"},\"inLanguage\":\"pt-PT\",\"potentialAction\":[{\"@type\":\"ReadAction\",\"target\":[\"https:\/\/aide-diabete-guineebissau.ch\/pt-pt\/rastreio\/\"]}]},{\"@type\":\"ImageObject\",\"inLanguage\":\"pt-PT\",\"@id\":\"https:\/\/aide-diabete-guineebissau.ch\/pt-pt\/rastreio\/#primaryimage\",\"url\":\"https:\/\/aide-diabete-guineebissau.ch\/wp-content\/uploads\/2023\/05\/1-12.jpg\",\"contentUrl\":\"https:\/\/aide-diabete-guineebissau.ch\/wp-content\/uploads\/2023\/05\/1-12.jpg\"},{\"@type\":\"BreadcrumbList\",\"@id\":\"https:\/\/aide-diabete-guineebissau.ch\/pt-pt\/rastreio\/#breadcrumb\",\"itemListElement\":[{\"@type\":\"ListItem\",\"position\":1,\"name\":\"Home\",\"item\":\"https:\/\/aide-diabete-guineebissau.ch\/pt-pt\/\"},{\"@type\":\"ListItem\",\"position\":2,\"name\":\"Rastreio\"}]},{\"@type\":\"WebSite\",\"@id\":\"https:\/\/aide-diabete-guineebissau.ch\/pt-pt\/#website\",\"url\":\"https:\/\/aide-diabete-guineebissau.ch\/pt-pt\/\",\"name\":\"Association Suisse Aide aux Personnes Diab\u00e9tiques en Guin\u00e9e-Bissau\",\"description\":\"Sensibilisation, pr\u00e9vention, d\u00e9pistage des diff\u00e9rents types de diab\u00e8te\",\"potentialAction\":[{\"@type\":\"SearchAction\",\"target\":{\"@type\":\"EntryPoint\",\"urlTemplate\":\"https:\/\/aide-diabete-guineebissau.ch\/pt-pt\/?s={search_term_string}\"},\"query-input\":{\"@type\":\"PropertyValueSpecification\",\"valueRequired\":true,\"valueName\":\"search_term_string\"}}],\"inLanguage\":\"pt-PT\"}]}<\/script>\n<!-- \/ Yoast SEO plugin. -->","yoast_head_json":{"title":"AAPDGB I Os Nossos Projetos I Rastreio","description":"Durante as campanhas de sensibiliza\u00e7\u00e3o e de preven\u00e7\u00e3o, a nossa associa\u00e7\u00e3o prop\u00f5e igualmente rastreios. Saiba mais.","robots":{"index":"index","follow":"follow","max-snippet":"max-snippet:-1","max-image-preview":"max-image-preview:large","max-video-preview":"max-video-preview:-1"},"canonical":"https:\/\/aide-diabete-guineebissau.ch\/pt-pt\/rastreio\/","og_locale":"pt_PT","og_type":"article","og_title":"AAPDGB I Os Nossos Projetos I Rastreio","og_description":"Durante as campanhas de sensibiliza\u00e7\u00e3o e de preven\u00e7\u00e3o, a nossa associa\u00e7\u00e3o prop\u00f5e igualmente rastreios. Saiba mais.","og_url":"https:\/\/aide-diabete-guineebissau.ch\/pt-pt\/rastreio\/","og_site_name":"Association Suisse Aide aux Personnes Diab\u00e9tiques en Guin\u00e9e-Bissau","article_modified_time":"2023-06-25T16:08:00+00:00","og_image":[{"url":"https:\/\/aide-diabete-guineebissau.ch\/wp-content\/uploads\/2023\/05\/1-12.jpg","type":"","width":"","height":""}],"twitter_card":"summary_large_image","twitter_misc":{"Tempo estimado de leitura":"2 minutos"},"schema":{"@context":"https:\/\/schema.org","@graph":[{"@type":"WebPage","@id":"https:\/\/aide-diabete-guineebissau.ch\/pt-pt\/rastreio\/","url":"https:\/\/aide-diabete-guineebissau.ch\/pt-pt\/rastreio\/","name":"AAPDGB I Os Nossos Projetos I Rastreio","isPartOf":{"@id":"https:\/\/aide-diabete-guineebissau.ch\/pt-pt\/#website"},"primaryImageOfPage":{"@id":"https:\/\/aide-diabete-guineebissau.ch\/pt-pt\/rastreio\/#primaryimage"},"image":{"@id":"https:\/\/aide-diabete-guineebissau.ch\/pt-pt\/rastreio\/#primaryimage"},"thumbnailUrl":"https:\/\/aide-diabete-guineebissau.ch\/wp-content\/uploads\/2023\/05\/1-12.jpg","datePublished":"2023-01-10T11:48:13+00:00","dateModified":"2023-06-25T16:08:00+00:00","description":"Durante as campanhas de sensibiliza\u00e7\u00e3o e de preven\u00e7\u00e3o, a nossa associa\u00e7\u00e3o prop\u00f5e igualmente rastreios. Saiba mais.","breadcrumb":{"@id":"https:\/\/aide-diabete-guineebissau.ch\/pt-pt\/rastreio\/#breadcrumb"},"inLanguage":"pt-PT","potentialAction":[{"@type":"ReadAction","target":["https:\/\/aide-diabete-guineebissau.ch\/pt-pt\/rastreio\/"]}]},{"@type":"ImageObject","inLanguage":"pt-PT","@id":"https:\/\/aide-diabete-guineebissau.ch\/pt-pt\/rastreio\/#primaryimage","url":"https:\/\/aide-diabete-guineebissau.ch\/wp-content\/uploads\/2023\/05\/1-12.jpg","contentUrl":"https:\/\/aide-diabete-guineebissau.ch\/wp-content\/uploads\/2023\/05\/1-12.jpg"},{"@type":"BreadcrumbList","@id":"https:\/\/aide-diabete-guineebissau.ch\/pt-pt\/rastreio\/#breadcrumb","itemListElement":[{"@type":"ListItem","position":1,"name":"Home","item":"https:\/\/aide-diabete-guineebissau.ch\/pt-pt\/"},{"@type":"ListItem","position":2,"name":"Rastreio"}]},{"@type":"WebSite","@id":"https:\/\/aide-diabete-guineebissau.ch\/pt-pt\/#website","url":"https:\/\/aide-diabete-guineebissau.ch\/pt-pt\/","name":"Association Suisse Aide aux Personnes Diab\u00e9tiques en Guin\u00e9e-Bissau","description":"Sensibilisation, pr\u00e9vention, d\u00e9pistage des diff\u00e9rents types de diab\u00e8te","potentialAction":[{"@type":"SearchAction","target":{"@type":"EntryPoint","urlTemplate":"https:\/\/aide-diabete-guineebissau.ch\/pt-pt\/?s={search_term_string}"},"query-input":{"@type":"PropertyValueSpecification","valueRequired":true,"valueName":"search_term_string"}}],"inLanguage":"pt-PT"}]}},"campaignId":"","_links":{"self":[{"href":"https:\/\/aide-diabete-guineebissau.ch\/pt-pt\/wp-json\/wp\/v2\/pages\/30426","targetHints":{"allow":["GET"]}}],"collection":[{"href":"https:\/\/aide-diabete-guineebissau.ch\/pt-pt\/wp-json\/wp\/v2\/pages"}],"about":[{"href":"https:\/\/aide-diabete-guineebissau.ch\/pt-pt\/wp-json\/wp\/v2\/types\/page"}],"author":[{"embeddable":true,"href":"https:\/\/aide-diabete-guineebissau.ch\/pt-pt\/wp-json\/wp\/v2\/users\/1"}],"replies":[{"embeddable":true,"href":"https:\/\/aide-diabete-guineebissau.ch\/pt-pt\/wp-json\/wp\/v2\/comments?post=30426"}],"version-history":[{"count":8,"href":"https:\/\/aide-diabete-guineebissau.ch\/pt-pt\/wp-json\/wp\/v2\/pages\/30426\/revisions"}],"predecessor-version":[{"id":31267,"href":"https:\/\/aide-diabete-guineebissau.ch\/pt-pt\/wp-json\/wp\/v2\/pages\/30426\/revisions\/31267"}],"wp:attachment":[{"href":"https:\/\/aide-diabete-guineebissau.ch\/pt-pt\/wp-json\/wp\/v2\/media?parent=30426"}],"curies":[{"name":"wp","href":"https:\/\/api.w.org\/{rel}","templated":true}]}}