{"id":30391,"date":"2023-01-06T22:33:58","date_gmt":"2023-01-06T21:33:58","guid":{"rendered":"https:\/\/aide-diabete-guineebissau.ch\/a-diabetes-na-guine-bissau\/"},"modified":"2023-06-25T17:57:56","modified_gmt":"2023-06-25T15:57:56","slug":"a-diabetes-na-guine-bissau","status":"publish","type":"page","link":"https:\/\/aide-diabete-guineebissau.ch\/pt-pt\/a-diabetes-na-guine-bissau\/","title":{"rendered":"A diabetes na Guin\u00e9-Bissau"},"content":{"rendered":"\t\t<div data-elementor-type=\"wp-page\" data-elementor-id=\"30391\" class=\"elementor elementor-30391 elementor-29515\">\n\t\t\t\t\t\t<section class=\"elementor-section elementor-top-section elementor-element elementor-element-a2abf68 elementor-section-boxed elementor-section-height-default elementor-section-height-default\" data-id=\"a2abf68\" data-element_type=\"section\" data-settings=\"{&quot;background_background&quot;:&quot;slideshow&quot;,&quot;background_slideshow_gallery&quot;:[{&quot;id&quot;:29403,&quot;url&quot;:&quot;https:\\\/\\\/aide-diabete-guineebissau.ch\\\/wp-content\\\/uploads\\\/2023\\\/01\\\/head.jpg&quot;},{&quot;id&quot;:29406,&quot;url&quot;:&quot;https:\\\/\\\/aide-diabete-guineebissau.ch\\\/wp-content\\\/uploads\\\/2023\\\/01\\\/head_02.jpg&quot;}],&quot;background_slideshow_ken_burns&quot;:&quot;yes&quot;,&quot;background_slideshow_loop&quot;:&quot;yes&quot;,&quot;background_slideshow_slide_duration&quot;:5000,&quot;background_slideshow_slide_transition&quot;:&quot;fade&quot;,&quot;background_slideshow_transition_duration&quot;:500,&quot;background_slideshow_ken_burns_zoom_direction&quot;:&quot;in&quot;}\">\n\t\t\t\t\t\t<div class=\"elementor-container elementor-column-gap-default\">\n\t\t\t\t\t<div class=\"elementor-column elementor-col-100 elementor-top-column elementor-element elementor-element-7260d10\" data-id=\"7260d10\" data-element_type=\"column\">\n\t\t\t<div class=\"elementor-widget-wrap elementor-element-populated\">\n\t\t\t\t\t\t<div class=\"elementor-element elementor-element-3f38b9d elementor-widget elementor-widget-gva-heading-block\" data-id=\"3f38b9d\" data-element_type=\"widget\" data-widget_type=\"gva-heading-block.default\">\n\t\t\t\t<div class=\"elementor-widget-container\">\n\t\t\t\t\t<div class=\"gva-element-gva-heading-block gva-element\">   <div class=\"align-left style-1 widget gsc-heading box-align-left auto-responsive\">\r\n      <div class=\"content-inner\">\r\n         \r\n                  \r\n           \r\n         \r\n                     <h2 class=\"title\">\r\n               <span>Le diab\u00e8te en Guin\u00e9e-Bissau<\/span>\r\n            <\/h2>\r\n                  \r\n                     <div class=\"title-desc\">Comment la maladie a \u00e9volu\u00e9 au fil des ans<\/div>\r\n         \r\n         \r\n      <\/div>\r\n   <\/div>\r\n<\/div>\t\t\t\t<\/div>\n\t\t\t\t<\/div>\n\t\t\t\t\t<\/div>\n\t\t<\/div>\n\t\t\t\t\t<\/div>\n\t\t<\/section>\n\t\t\t\t<section class=\"elementor-section elementor-top-section elementor-element elementor-element-4703abd elementor-section-boxed elementor-section-height-default elementor-section-height-default\" data-id=\"4703abd\" data-element_type=\"section\" data-settings=\"{&quot;background_background&quot;:&quot;classic&quot;}\">\n\t\t\t\t\t\t<div class=\"elementor-container elementor-column-gap-default\">\n\t\t\t\t\t<div class=\"elementor-column elementor-col-50 elementor-top-column elementor-element elementor-element-029430f\" data-id=\"029430f\" data-element_type=\"column\">\n\t\t\t<div class=\"elementor-widget-wrap elementor-element-populated\">\n\t\t\t\t\t\t<div class=\"elementor-element elementor-element-59bc623 elementor-widget elementor-widget-gva-image-content\" data-id=\"59bc623\" data-element_type=\"widget\" data-widget_type=\"gva-image-content.default\">\n\t\t\t\t<div class=\"elementor-widget-container\">\n\t\t\t\t\t<div class=\"gva-element-gva-image-content gva-element\">\t\t\r\n\t  \r\n\t \r\n\r\n\t\t\t<div class=\"gsc-image-content skin-v2\">\r\n\t\t  \r\n\t\t  \t\t\t <div class=\"image\">\r\n\t\t\t\t<img decoding=\"async\" src=\"https:\/\/aide-diabete-guineebissau.ch\/wp-content\/uploads\/2023\/04\/diabete.jpg\" alt=\"\" \/>  \r\n\t\t\t <\/div>\r\n\t\t  \r\n\t\t  \t\t<\/div>\r\n\t \r\n\r\n\t\r\n \r\n  \r\n <\/div>\t\t\t\t<\/div>\n\t\t\t\t<\/div>\n\t\t\t\t\t<\/div>\n\t\t<\/div>\n\t\t\t\t<div class=\"elementor-column elementor-col-50 elementor-top-column elementor-element elementor-element-a71a61f\" data-id=\"a71a61f\" data-element_type=\"column\">\n\t\t\t<div class=\"elementor-widget-wrap elementor-element-populated\">\n\t\t\t\t\t\t<div class=\"elementor-element elementor-element-55665b5 elementor-widget elementor-widget-gva-heading-block\" data-id=\"55665b5\" data-element_type=\"widget\" data-settings=\"{&quot;_animation&quot;:&quot;none&quot;}\" data-widget_type=\"gva-heading-block.default\">\n\t\t\t\t<div class=\"elementor-widget-container\">\n\t\t\t\t\t<div class=\"gva-element-gva-heading-block gva-element\">   <div class=\"align-left style-1 widget gsc-heading box-align-left auto-responsive\">\r\n      <div class=\"content-inner\">\r\n         \r\n                  \r\n         <div class=\"sub-title\"><span class=\"tagline\">Estamos aqui para apoiar os mais fracos<\/span><\/div>  \r\n         \r\n                     <h2 class=\"title\">\r\n               <span> Pode ajudar a salvar vidas\nComece a doar <\/span>\r\n            <\/h2>\r\n                  \r\n         \r\n                     <div class=\"heading-action\">\r\n               \t\t  <a href=\"https:\/\/aide-diabete-guineebissau.ch\/pt-pt\/donations\/apoie-nos-agora\/\" class=\"btn-cta btn-theme \">\r\n\t\t\t <span>comece a doar<\/span>\r\n\t\t  <\/a>\r\n\r\n\t\t              <\/div>\r\n         \r\n      <\/div>\r\n   <\/div>\r\n<\/div>\t\t\t\t<\/div>\n\t\t\t\t<\/div>\n\t\t\t\t<div class=\"elementor-element elementor-element-7705580 elementor-widget elementor-widget-text-editor\" data-id=\"7705580\" data-element_type=\"widget\" data-widget_type=\"text-editor.default\">\n\t\t\t\t<div class=\"elementor-widget-container\">\n\t\t\t\t\t\t\t\t\t<p>A preval\u00eancia do Diabetes Mellitus na \u00c1frica subsaariana aumentou rapidamente nas \u00faltimas d\u00e9cadas e espera-se que mais do que duplique at\u00e9 2040<\/p>\n\t\t\t\t\t\t\t\t<\/div>\n\t\t\t\t<\/div>\n\t\t\t\t<div class=\"elementor-element elementor-element-dadfced elementor-widget elementor-widget-text-editor\" data-id=\"dadfced\" data-element_type=\"widget\" data-widget_type=\"text-editor.default\">\n\t\t\t\t<div class=\"elementor-widget-container\">\n\t\t\t\t\t\t\t\t\t<p>R\u00e1pidas mudan\u00e7as do estatuto demogr\u00e1fico, nos estilos de vida e transforma\u00e7\u00f5es financeiras, tornaram-se os motores do aumento do n\u00famero de casos de Diabetes Mellitus na regi\u00e3o. Como resultado, a diabetes e as complica\u00e7\u00f5es associadas s\u00e3o cada vez mais as causas subjacentes de mortes prematuras e incapacidades. <\/p>\n<p>Tal \u00e9 o caso da Guin\u00e9-Bissau, um pa\u00eds que possui um sistema de sa\u00fade com poucos recursos. Existe um compromisso crescente no pa\u00eds com os cuidados de sa\u00fade dirigidos \u00e0 diabetes, dado o reconhecimento de que se trata de um importante problema de sa\u00fade p\u00fablica e que deve ser abordado para melhorar a sa\u00fade das popula\u00e7\u00f5es<\/p>\n\t\t\t\t\t\t\t\t<\/div>\n\t\t\t\t<\/div>\n\t\t\t\t\t<\/div>\n\t\t<\/div>\n\t\t\t\t\t<\/div>\n\t\t<\/section>\n\t\t\t\t<section class=\"elementor-section elementor-top-section elementor-element elementor-element-6ebd7f7 elementor-section-boxed elementor-section-height-default elementor-section-height-default\" data-id=\"6ebd7f7\" data-element_type=\"section\" data-settings=\"{&quot;background_background&quot;:&quot;classic&quot;}\">\n\t\t\t\t\t\t<div class=\"elementor-container elementor-column-gap-default\">\n\t\t\t\t\t<div class=\"elementor-column elementor-col-50 elementor-top-column elementor-element elementor-element-a4cf8a5\" data-id=\"a4cf8a5\" data-element_type=\"column\">\n\t\t\t<div class=\"elementor-widget-wrap elementor-element-populated\">\n\t\t\t\t\t\t<div class=\"elementor-element elementor-element-777cbea elementor-widget elementor-widget-text-editor\" data-id=\"777cbea\" data-element_type=\"widget\" data-widget_type=\"text-editor.default\">\n\t\t\t\t<div class=\"elementor-widget-container\">\n\t\t\t\t\t\t\t\t\t<p>A gest\u00e3o otimizada da diabetes requer uma abordagem organizada e sistem\u00e1tica, bem como o envolvimento de uma equipa coordenada de profissionais de sa\u00fade dedicados a trabalhar num ambiente em que os cuidados de alta qualidade centrados no doente sejam priorit\u00e1rios. Em 2019, a AAPD GB contribuiu para um artigo cient\u00edfico publicado na revista <strong>The Pan African Medical Journal<\/strong> no qual se avalia o estado da diabetes na Guin\u00e9 Bissau. Os principais aspetos identificados incluem: a falta de especialistas, m\u00e9dicos formados, bem como enfermeiros e outros profissionais de sa\u00fade complementares; recursos insuficientes ao n\u00edvel do sistema de cuidados de sa\u00fade prim\u00e1rios; aus\u00eancia de protocolos padronizados de cuidados para o diagn\u00f3stico, tratamento, monitoriza\u00e7\u00e3o e gest\u00e3o adequada da doen\u00e7a; total aus\u00eancia de dados validados sobre a preval\u00eancia epidemiol\u00f3gica; e, a falta de sensibiliza\u00e7\u00e3o para a diabetes na popula\u00e7\u00e3o em geral e tamb\u00e9m entre o pessoal m\u00e9dico. Todas estas quest\u00f5es tendem a sobrepor-se e est\u00e3o inter-relacionadas. Assim, cada problema tem um impacto prejudicial sobre os outros problemas e, em \u00faltima an\u00e1lise, resulta na m\u00e1 qualidade dos cuidados \u00e0 diabetes que prevalece na atualidade na Guin\u00e9-Bissau.<\/p>\n<p>Mais informa\u00e7\u00f5es sobre o estado das pessoas com diabetes na Guin\u00e9-Bissau podem ser encontradas nas nossas publica\u00e7\u00f5es cient\u00edficas.<\/p>\n\t\t\t\t\t\t\t\t<\/div>\n\t\t\t\t<\/div>\n\t\t\t\t<div class=\"elementor-element elementor-element-3b06a44 elementor-widget-divider--view-line elementor-widget elementor-widget-divider\" data-id=\"3b06a44\" data-element_type=\"widget\" data-widget_type=\"divider.default\">\n\t\t\t\t<div class=\"elementor-widget-container\">\n\t\t\t\t\t\t\t<div class=\"elementor-divider\">\n\t\t\t<span class=\"elementor-divider-separator\">\n\t\t\t\t\t\t<\/span>\n\t\t<\/div>\n\t\t\t\t\t\t<\/div>\n\t\t\t\t<\/div>\n\t\t\t\t<div class=\"elementor-element elementor-element-bb28dfd elementor-widget elementor-widget-text-editor\" data-id=\"bb28dfd\" data-element_type=\"widget\" data-widget_type=\"text-editor.default\">\n\t\t\t\t<div class=\"elementor-widget-container\">\n\t\t\t\t\t\t\t\t\t<p>Fonte : Jorge C\u00e9sar Correia, Adalgisa Lopes et al. Diabetes management in Guinea Bissau: a situational analysis. Panafrican Med. Journal, Aug 2019. <a href=\"http:\/\/www.panafrican-med-journal.com\/content\/article\/34\/10\/full\">http:\/\/www.panafrican-med-journal.com\/content\/article\/34\/10\/full<\/a><\/p>\n\t\t\t\t\t\t\t\t<\/div>\n\t\t\t\t<\/div>\n\t\t\t\t\t<\/div>\n\t\t<\/div>\n\t\t\t\t<div class=\"elementor-column elementor-col-50 elementor-top-column elementor-element elementor-element-377c059\" data-id=\"377c059\" data-element_type=\"column\">\n\t\t\t<div class=\"elementor-widget-wrap elementor-element-populated\">\n\t\t\t\t\t\t<div class=\"elementor-element elementor-element-7026449 elementor-widget elementor-widget-gva-image-content\" data-id=\"7026449\" data-element_type=\"widget\" data-widget_type=\"gva-image-content.default\">\n\t\t\t\t<div class=\"elementor-widget-container\">\n\t\t\t\t\t<div class=\"gva-element-gva-image-content gva-element\">\t\t\r\n\t\t\t<div class=\"gsc-image-content skin-v1\">\r\n\t\t  \t<div class=\"box-content\">\r\n\t\t\t \t<div class=\"image\"><img fetchpriority=\"high\" decoding=\"async\" width=\"680\" height=\"967\" src=\"https:\/\/aide-diabete-guineebissau.ch\/wp-content\/uploads\/2023\/01\/book.jpg\" class=\"attachment-full size-full wp-image-29531\" alt=\"\" srcset=\"https:\/\/aide-diabete-guineebissau.ch\/wp-content\/uploads\/2023\/01\/book.jpg 680w, https:\/\/aide-diabete-guineebissau.ch\/wp-content\/uploads\/2023\/01\/book-600x853.jpg 600w\" sizes=\"(max-width: 680px) 100vw, 680px\" \/><span class=\"shape-1\"><\/span><span class=\"shape-2\"><\/span><span class=\"shape-3\"><\/span><span class=\"shape-4\"><\/span><\/div>\t\t\t<\/div> \t\r\n\r\n\t\t\t\t\t  <a href=\"#\" class=\"link-overlay\"><\/a>\r\n\t\t  \t\t<\/div>\r\n\t  \r\n\t \r\n\r\n\t \r\n\r\n\t\r\n \r\n  \r\n <\/div>\t\t\t\t<\/div>\n\t\t\t\t<\/div>\n\t\t\t\t\t<\/div>\n\t\t<\/div>\n\t\t\t\t\t<\/div>\n\t\t<\/section>\n\t\t\t\t<\/div>\n\t\t","protected":false},"excerpt":{"rendered":"<p>Le diab\u00e8te en Guin\u00e9e-Bissau Comment la maladie a \u00e9volu\u00e9 au fil des ans Estamos aqui para apoiar os mais fracos Pode ajudar a salvar vidas Comece a doar comece a [&hellip;]<\/p>\n","protected":false},"author":1,"featured_media":0,"parent":0,"menu_order":0,"comment_status":"closed","ping_status":"closed","template":"","meta":{"give_campaign_id":0,"footnotes":""},"class_list":["post-30391","page","type-page","status-publish","hentry"],"yoast_head":"<!-- This site is optimized with the Yoast SEO plugin v26.6 - https:\/\/yoast.com\/wordpress\/plugins\/seo\/ -->\n<title>AAPDGB I Guin\u00e9-Bissau I A diabetes na Guin\u00e9-Bissau<\/title>\n<meta name=\"description\" content=\"A preval\u00eancia da diabetes mellitus na \u00c1frica Subsariana tem aumentado rapidamente nas \u00faltimas d\u00e9cadas. Saiba mais.\" \/>\n<meta name=\"robots\" content=\"index, follow, max-snippet:-1, max-image-preview:large, max-video-preview:-1\" \/>\n<link rel=\"canonical\" href=\"https:\/\/aide-diabete-guineebissau.ch\/pt-pt\/a-diabetes-na-guine-bissau\/\" \/>\n<meta property=\"og:locale\" content=\"pt_PT\" \/>\n<meta property=\"og:type\" content=\"article\" \/>\n<meta property=\"og:title\" content=\"AAPDGB I Guin\u00e9-Bissau I A diabetes na Guin\u00e9-Bissau\" \/>\n<meta property=\"og:description\" content=\"A preval\u00eancia da diabetes mellitus na \u00c1frica Subsariana tem aumentado rapidamente nas \u00faltimas d\u00e9cadas. Saiba mais.\" \/>\n<meta property=\"og:url\" content=\"https:\/\/aide-diabete-guineebissau.ch\/pt-pt\/a-diabetes-na-guine-bissau\/\" \/>\n<meta property=\"og:site_name\" content=\"Association Suisse Aide aux Personnes Diab\u00e9tiques en Guin\u00e9e-Bissau\" \/>\n<meta property=\"article:modified_time\" content=\"2023-06-25T15:57:56+00:00\" \/>\n<meta property=\"og:image\" content=\"https:\/\/aide-diabete-guineebissau.ch\/wp-content\/uploads\/2023\/04\/diabete.jpg\" \/>\n<meta name=\"twitter:card\" content=\"summary_large_image\" \/>\n<meta name=\"twitter:label1\" content=\"Tempo estimado de leitura\" \/>\n\t<meta name=\"twitter:data1\" content=\"3 minutos\" \/>\n<script type=\"application\/ld+json\" class=\"yoast-schema-graph\">{\"@context\":\"https:\/\/schema.org\",\"@graph\":[{\"@type\":\"WebPage\",\"@id\":\"https:\/\/aide-diabete-guineebissau.ch\/pt-pt\/a-diabetes-na-guine-bissau\/\",\"url\":\"https:\/\/aide-diabete-guineebissau.ch\/pt-pt\/a-diabetes-na-guine-bissau\/\",\"name\":\"AAPDGB I Guin\u00e9-Bissau I A diabetes na Guin\u00e9-Bissau\",\"isPartOf\":{\"@id\":\"https:\/\/aide-diabete-guineebissau.ch\/pt-pt\/#website\"},\"primaryImageOfPage\":{\"@id\":\"https:\/\/aide-diabete-guineebissau.ch\/pt-pt\/a-diabetes-na-guine-bissau\/#primaryimage\"},\"image\":{\"@id\":\"https:\/\/aide-diabete-guineebissau.ch\/pt-pt\/a-diabetes-na-guine-bissau\/#primaryimage\"},\"thumbnailUrl\":\"https:\/\/aide-diabete-guineebissau.ch\/wp-content\/uploads\/2023\/04\/diabete.jpg\",\"datePublished\":\"2023-01-06T21:33:58+00:00\",\"dateModified\":\"2023-06-25T15:57:56+00:00\",\"description\":\"A preval\u00eancia da diabetes mellitus na \u00c1frica Subsariana tem aumentado rapidamente nas \u00faltimas d\u00e9cadas. Saiba mais.\",\"breadcrumb\":{\"@id\":\"https:\/\/aide-diabete-guineebissau.ch\/pt-pt\/a-diabetes-na-guine-bissau\/#breadcrumb\"},\"inLanguage\":\"pt-PT\",\"potentialAction\":[{\"@type\":\"ReadAction\",\"target\":[\"https:\/\/aide-diabete-guineebissau.ch\/pt-pt\/a-diabetes-na-guine-bissau\/\"]}]},{\"@type\":\"ImageObject\",\"inLanguage\":\"pt-PT\",\"@id\":\"https:\/\/aide-diabete-guineebissau.ch\/pt-pt\/a-diabetes-na-guine-bissau\/#primaryimage\",\"url\":\"https:\/\/aide-diabete-guineebissau.ch\/wp-content\/uploads\/2023\/04\/diabete.jpg\",\"contentUrl\":\"https:\/\/aide-diabete-guineebissau.ch\/wp-content\/uploads\/2023\/04\/diabete.jpg\"},{\"@type\":\"BreadcrumbList\",\"@id\":\"https:\/\/aide-diabete-guineebissau.ch\/pt-pt\/a-diabetes-na-guine-bissau\/#breadcrumb\",\"itemListElement\":[{\"@type\":\"ListItem\",\"position\":1,\"name\":\"Home\",\"item\":\"https:\/\/aide-diabete-guineebissau.ch\/pt-pt\/\"},{\"@type\":\"ListItem\",\"position\":2,\"name\":\"A diabetes na Guin\u00e9-Bissau\"}]},{\"@type\":\"WebSite\",\"@id\":\"https:\/\/aide-diabete-guineebissau.ch\/pt-pt\/#website\",\"url\":\"https:\/\/aide-diabete-guineebissau.ch\/pt-pt\/\",\"name\":\"Association Suisse Aide aux Personnes Diab\u00e9tiques en Guin\u00e9e-Bissau\",\"description\":\"Sensibilisation, pr\u00e9vention, d\u00e9pistage des diff\u00e9rents types de diab\u00e8te\",\"potentialAction\":[{\"@type\":\"SearchAction\",\"target\":{\"@type\":\"EntryPoint\",\"urlTemplate\":\"https:\/\/aide-diabete-guineebissau.ch\/pt-pt\/?s={search_term_string}\"},\"query-input\":{\"@type\":\"PropertyValueSpecification\",\"valueRequired\":true,\"valueName\":\"search_term_string\"}}],\"inLanguage\":\"pt-PT\"}]}<\/script>\n<!-- \/ Yoast SEO plugin. -->","yoast_head_json":{"title":"AAPDGB I Guin\u00e9-Bissau I A diabetes na Guin\u00e9-Bissau","description":"A preval\u00eancia da diabetes mellitus na \u00c1frica Subsariana tem aumentado rapidamente nas \u00faltimas d\u00e9cadas. Saiba mais.","robots":{"index":"index","follow":"follow","max-snippet":"max-snippet:-1","max-image-preview":"max-image-preview:large","max-video-preview":"max-video-preview:-1"},"canonical":"https:\/\/aide-diabete-guineebissau.ch\/pt-pt\/a-diabetes-na-guine-bissau\/","og_locale":"pt_PT","og_type":"article","og_title":"AAPDGB I Guin\u00e9-Bissau I A diabetes na Guin\u00e9-Bissau","og_description":"A preval\u00eancia da diabetes mellitus na \u00c1frica Subsariana tem aumentado rapidamente nas \u00faltimas d\u00e9cadas. Saiba mais.","og_url":"https:\/\/aide-diabete-guineebissau.ch\/pt-pt\/a-diabetes-na-guine-bissau\/","og_site_name":"Association Suisse Aide aux Personnes Diab\u00e9tiques en Guin\u00e9e-Bissau","article_modified_time":"2023-06-25T15:57:56+00:00","og_image":[{"url":"https:\/\/aide-diabete-guineebissau.ch\/wp-content\/uploads\/2023\/04\/diabete.jpg","type":"","width":"","height":""}],"twitter_card":"summary_large_image","twitter_misc":{"Tempo estimado de leitura":"3 minutos"},"schema":{"@context":"https:\/\/schema.org","@graph":[{"@type":"WebPage","@id":"https:\/\/aide-diabete-guineebissau.ch\/pt-pt\/a-diabetes-na-guine-bissau\/","url":"https:\/\/aide-diabete-guineebissau.ch\/pt-pt\/a-diabetes-na-guine-bissau\/","name":"AAPDGB I Guin\u00e9-Bissau I A diabetes na Guin\u00e9-Bissau","isPartOf":{"@id":"https:\/\/aide-diabete-guineebissau.ch\/pt-pt\/#website"},"primaryImageOfPage":{"@id":"https:\/\/aide-diabete-guineebissau.ch\/pt-pt\/a-diabetes-na-guine-bissau\/#primaryimage"},"image":{"@id":"https:\/\/aide-diabete-guineebissau.ch\/pt-pt\/a-diabetes-na-guine-bissau\/#primaryimage"},"thumbnailUrl":"https:\/\/aide-diabete-guineebissau.ch\/wp-content\/uploads\/2023\/04\/diabete.jpg","datePublished":"2023-01-06T21:33:58+00:00","dateModified":"2023-06-25T15:57:56+00:00","description":"A preval\u00eancia da diabetes mellitus na \u00c1frica Subsariana tem aumentado rapidamente nas \u00faltimas d\u00e9cadas. Saiba mais.","breadcrumb":{"@id":"https:\/\/aide-diabete-guineebissau.ch\/pt-pt\/a-diabetes-na-guine-bissau\/#breadcrumb"},"inLanguage":"pt-PT","potentialAction":[{"@type":"ReadAction","target":["https:\/\/aide-diabete-guineebissau.ch\/pt-pt\/a-diabetes-na-guine-bissau\/"]}]},{"@type":"ImageObject","inLanguage":"pt-PT","@id":"https:\/\/aide-diabete-guineebissau.ch\/pt-pt\/a-diabetes-na-guine-bissau\/#primaryimage","url":"https:\/\/aide-diabete-guineebissau.ch\/wp-content\/uploads\/2023\/04\/diabete.jpg","contentUrl":"https:\/\/aide-diabete-guineebissau.ch\/wp-content\/uploads\/2023\/04\/diabete.jpg"},{"@type":"BreadcrumbList","@id":"https:\/\/aide-diabete-guineebissau.ch\/pt-pt\/a-diabetes-na-guine-bissau\/#breadcrumb","itemListElement":[{"@type":"ListItem","position":1,"name":"Home","item":"https:\/\/aide-diabete-guineebissau.ch\/pt-pt\/"},{"@type":"ListItem","position":2,"name":"A diabetes na Guin\u00e9-Bissau"}]},{"@type":"WebSite","@id":"https:\/\/aide-diabete-guineebissau.ch\/pt-pt\/#website","url":"https:\/\/aide-diabete-guineebissau.ch\/pt-pt\/","name":"Association Suisse Aide aux Personnes Diab\u00e9tiques en Guin\u00e9e-Bissau","description":"Sensibilisation, pr\u00e9vention, d\u00e9pistage des diff\u00e9rents types de diab\u00e8te","potentialAction":[{"@type":"SearchAction","target":{"@type":"EntryPoint","urlTemplate":"https:\/\/aide-diabete-guineebissau.ch\/pt-pt\/?s={search_term_string}"},"query-input":{"@type":"PropertyValueSpecification","valueRequired":true,"valueName":"search_term_string"}}],"inLanguage":"pt-PT"}]}},"campaignId":"","_links":{"self":[{"href":"https:\/\/aide-diabete-guineebissau.ch\/pt-pt\/wp-json\/wp\/v2\/pages\/30391","targetHints":{"allow":["GET"]}}],"collection":[{"href":"https:\/\/aide-diabete-guineebissau.ch\/pt-pt\/wp-json\/wp\/v2\/pages"}],"about":[{"href":"https:\/\/aide-diabete-guineebissau.ch\/pt-pt\/wp-json\/wp\/v2\/types\/page"}],"author":[{"embeddable":true,"href":"https:\/\/aide-diabete-guineebissau.ch\/pt-pt\/wp-json\/wp\/v2\/users\/1"}],"replies":[{"embeddable":true,"href":"https:\/\/aide-diabete-guineebissau.ch\/pt-pt\/wp-json\/wp\/v2\/comments?post=30391"}],"version-history":[{"count":8,"href":"https:\/\/aide-diabete-guineebissau.ch\/pt-pt\/wp-json\/wp\/v2\/pages\/30391\/revisions"}],"predecessor-version":[{"id":31252,"href":"https:\/\/aide-diabete-guineebissau.ch\/pt-pt\/wp-json\/wp\/v2\/pages\/30391\/revisions\/31252"}],"wp:attachment":[{"href":"https:\/\/aide-diabete-guineebissau.ch\/pt-pt\/wp-json\/wp\/v2\/media?parent=30391"}],"curies":[{"name":"wp","href":"https:\/\/api.w.org\/{rel}","templated":true}]}}