{"id":30383,"date":"2020-12-08T03:53:12","date_gmt":"2020-12-08T02:53:12","guid":{"rendered":"https:\/\/aide-diabete-guineebissau.ch\/sobre-o-pais\/"},"modified":"2023-06-25T17:56:30","modified_gmt":"2023-06-25T15:56:30","slug":"sobre-o-pais","status":"publish","type":"page","link":"https:\/\/aide-diabete-guineebissau.ch\/pt-pt\/sobre-o-pais\/","title":{"rendered":"Sobre o pa\u00eds"},"content":{"rendered":"\t\t<div data-elementor-type=\"wp-page\" data-elementor-id=\"30383\" class=\"elementor elementor-30383 elementor-21\">\n\t\t\t\t\t\t<section class=\"elementor-section elementor-top-section elementor-element elementor-element-a2abf68 elementor-section-boxed elementor-section-height-default elementor-section-height-default\" data-id=\"a2abf68\" data-element_type=\"section\" data-settings=\"{&quot;background_background&quot;:&quot;slideshow&quot;,&quot;background_slideshow_gallery&quot;:[{&quot;id&quot;:29403,&quot;url&quot;:&quot;https:\\\/\\\/aide-diabete-guineebissau.ch\\\/wp-content\\\/uploads\\\/2023\\\/01\\\/head.jpg&quot;},{&quot;id&quot;:29406,&quot;url&quot;:&quot;https:\\\/\\\/aide-diabete-guineebissau.ch\\\/wp-content\\\/uploads\\\/2023\\\/01\\\/head_02.jpg&quot;}],&quot;background_slideshow_ken_burns&quot;:&quot;yes&quot;,&quot;background_slideshow_loop&quot;:&quot;yes&quot;,&quot;background_slideshow_slide_duration&quot;:5000,&quot;background_slideshow_slide_transition&quot;:&quot;fade&quot;,&quot;background_slideshow_transition_duration&quot;:500,&quot;background_slideshow_ken_burns_zoom_direction&quot;:&quot;in&quot;}\">\n\t\t\t\t\t\t<div class=\"elementor-container elementor-column-gap-default\">\n\t\t\t\t\t<div class=\"elementor-column elementor-col-100 elementor-top-column elementor-element elementor-element-7260d10\" data-id=\"7260d10\" data-element_type=\"column\">\n\t\t\t<div class=\"elementor-widget-wrap elementor-element-populated\">\n\t\t\t\t\t\t<div class=\"elementor-element elementor-element-3f38b9d elementor-widget elementor-widget-gva-heading-block\" data-id=\"3f38b9d\" data-element_type=\"widget\" data-widget_type=\"gva-heading-block.default\">\n\t\t\t\t<div class=\"elementor-widget-container\">\n\t\t\t\t\t<div class=\"gva-element-gva-heading-block gva-element\">   <div class=\"align-left style-1 widget gsc-heading box-align-left auto-responsive\">\r\n      <div class=\"content-inner\">\r\n         \r\n                  \r\n           \r\n         \r\n                     <h2 class=\"title\">\r\n               <span>Guin\u00e9-Bissau<\/span>\r\n            <\/h2>\r\n                  \r\n                     <div class=\"title-desc\">Algumas informa\u00e7\u00f5es sobre a Guin\u00e9-Bissau <\/div>\r\n         \r\n         \r\n      <\/div>\r\n   <\/div>\r\n<\/div>\t\t\t\t<\/div>\n\t\t\t\t<\/div>\n\t\t\t\t\t<\/div>\n\t\t<\/div>\n\t\t\t\t\t<\/div>\n\t\t<\/section>\n\t\t\t\t<section class=\"elementor-section elementor-top-section elementor-element elementor-element-4703abd elementor-section-boxed elementor-section-height-default elementor-section-height-default\" data-id=\"4703abd\" data-element_type=\"section\" data-settings=\"{&quot;background_background&quot;:&quot;classic&quot;}\">\n\t\t\t\t\t\t<div class=\"elementor-container elementor-column-gap-default\">\n\t\t\t\t\t<div class=\"elementor-column elementor-col-50 elementor-top-column elementor-element elementor-element-029430f\" data-id=\"029430f\" data-element_type=\"column\">\n\t\t\t<div class=\"elementor-widget-wrap elementor-element-populated\">\n\t\t\t\t\t\t<div class=\"elementor-element elementor-element-59bc623 elementor-widget elementor-widget-gva-image-content\" data-id=\"59bc623\" data-element_type=\"widget\" data-widget_type=\"gva-image-content.default\">\n\t\t\t\t<div class=\"elementor-widget-container\">\n\t\t\t\t\t<div class=\"gva-element-gva-image-content gva-element\">\t\t\r\n\t  \r\n\t \r\n\r\n\t\t\t<div class=\"gsc-image-content skin-v2\">\r\n\t\t  \r\n\t\t  \t\t\t <div class=\"image\">\r\n\t\t\t\t\t\t  <a href=\"#\">\r\n\t\t\t <img decoding=\"async\" src=\"https:\/\/aide-diabete-guineebissau.ch\/wp-content\/uploads\/2023\/05\/1-11.jpg\" alt=\"\" \/>\t\t  <\/a>\r\n\t\t    \r\n\t\t\t <\/div>\r\n\t\t  \r\n\t\t  \t\t<\/div>\r\n\t \r\n\r\n\t\r\n \r\n  \r\n <\/div>\t\t\t\t<\/div>\n\t\t\t\t<\/div>\n\t\t\t\t\t<\/div>\n\t\t<\/div>\n\t\t\t\t<div class=\"elementor-column elementor-col-50 elementor-top-column elementor-element elementor-element-a71a61f\" data-id=\"a71a61f\" data-element_type=\"column\">\n\t\t\t<div class=\"elementor-widget-wrap elementor-element-populated\">\n\t\t\t\t\t\t<div class=\"elementor-element elementor-element-55665b5 elementor-widget elementor-widget-gva-heading-block\" data-id=\"55665b5\" data-element_type=\"widget\" data-settings=\"{&quot;_animation&quot;:&quot;none&quot;}\" data-widget_type=\"gva-heading-block.default\">\n\t\t\t\t<div class=\"elementor-widget-container\">\n\t\t\t\t\t<div class=\"gva-element-gva-heading-block gva-element\">   <div class=\"align-left style-1 widget gsc-heading box-align-left auto-responsive\">\r\n      <div class=\"content-inner\">\r\n         \r\n                  \r\n         <div class=\"sub-title\"><span class=\"tagline\">Guin\u00e9-Bissau<\/span><\/div>  \r\n         \r\n                     <h2 class=\"title\">\r\n               <span>Um dos 20 pa\u00edses mais pobres do mundo<\/span>\r\n            <\/h2>\r\n                  \r\n         \r\n         \r\n      <\/div>\r\n   <\/div>\r\n<\/div>\t\t\t\t<\/div>\n\t\t\t\t<\/div>\n\t\t\t\t<section class=\"elementor-section elementor-inner-section elementor-element elementor-element-bd52d09 elementor-section-boxed elementor-section-height-default elementor-section-height-default\" data-id=\"bd52d09\" data-element_type=\"section\">\n\t\t\t\t\t\t<div class=\"elementor-container elementor-column-gap-default\">\n\t\t\t\t\t<div class=\"elementor-column elementor-col-50 elementor-inner-column elementor-element elementor-element-faab6e2\" data-id=\"faab6e2\" data-element_type=\"column\">\n\t\t\t<div class=\"elementor-widget-wrap elementor-element-populated\">\n\t\t\t\t\t\t<div class=\"elementor-element elementor-element-58612c3 elementor-position-inline-start icon-box-left elementor-view-default elementor-mobile-position-block-start elementor-widget elementor-widget-icon-box\" data-id=\"58612c3\" data-element_type=\"widget\" data-widget_type=\"icon-box.default\">\n\t\t\t\t<div class=\"elementor-widget-container\">\n\t\t\t\t\t\t\t<div class=\"elementor-icon-box-wrapper\">\n\n\t\t\t\t\t\t<div class=\"elementor-icon-box-icon\">\n\t\t\t\t<a href=\"https:\/\/shopdonation.ch\/\" target=\"_blank\" class=\"elementor-icon\" tabindex=\"-1\" aria-label=\"Apoiar-nos\">\n\t\t\t\t<i aria-hidden=\"true\" class=\"fas fa-check-circle\"><\/i>\t\t\t\t<\/a>\n\t\t\t<\/div>\n\t\t\t\n\t\t\t\t\t\t<div class=\"elementor-icon-box-content\">\n\n\t\t\t\t\t\t\t\t\t<h3 class=\"elementor-icon-box-title\">\n\t\t\t\t\t\t<a href=\"https:\/\/shopdonation.ch\/\" target=\"_blank\" >\n\t\t\t\t\t\t\tApoiar-nos\t\t\t\t\t\t<\/a>\n\t\t\t\t\t<\/h3>\n\t\t\t\t\n\t\t\t\t\n\t\t\t<\/div>\n\t\t\t\n\t\t<\/div>\n\t\t\t\t\t\t<\/div>\n\t\t\t\t<\/div>\n\t\t\t\t\t<\/div>\n\t\t<\/div>\n\t\t\t\t<div class=\"elementor-column elementor-col-50 elementor-inner-column elementor-element elementor-element-b9be0c3\" data-id=\"b9be0c3\" data-element_type=\"column\">\n\t\t\t<div class=\"elementor-widget-wrap elementor-element-populated\">\n\t\t\t\t\t\t<div class=\"elementor-element elementor-element-90a4733 elementor-position-inline-start icon-box-left elementor-view-default elementor-mobile-position-block-start elementor-widget elementor-widget-icon-box\" data-id=\"90a4733\" data-element_type=\"widget\" data-widget_type=\"icon-box.default\">\n\t\t\t\t<div class=\"elementor-widget-container\">\n\t\t\t\t\t\t\t<div class=\"elementor-icon-box-wrapper\">\n\n\t\t\t\t\t\t<div class=\"elementor-icon-box-icon\">\n\t\t\t\t<span  class=\"elementor-icon\">\n\t\t\t\t<i aria-hidden=\"true\" class=\"fas fa-check-circle\"><\/i>\t\t\t\t<\/span>\n\t\t\t<\/div>\n\t\t\t\n\t\t\t\t\t\t<div class=\"elementor-icon-box-content\">\n\n\t\t\t\t\t\t\t\t\t<h3 class=\"elementor-icon-box-title\">\n\t\t\t\t\t\t<span  >\n\t\t\t\t\t\t\tPessoas merecedoras\t\t\t\t\t\t<\/span>\n\t\t\t\t\t<\/h3>\n\t\t\t\t\n\t\t\t\t\n\t\t\t<\/div>\n\t\t\t\n\t\t<\/div>\n\t\t\t\t\t\t<\/div>\n\t\t\t\t<\/div>\n\t\t\t\t\t<\/div>\n\t\t<\/div>\n\t\t\t\t\t<\/div>\n\t\t<\/section>\n\t\t\t\t<div class=\"elementor-element elementor-element-7705580 elementor-widget elementor-widget-text-editor\" data-id=\"7705580\" data-element_type=\"widget\" data-widget_type=\"text-editor.default\">\n\t\t\t\t<div class=\"elementor-widget-container\">\n\t\t\t\t\t\t\t\t\t<p>A Guin\u00e9-Bissau \u00e9 um pequeno pa\u00eds da \u00c1frica Ocidental situado entre o Senegal e a Guin\u00e9.<\/p>\n\t\t\t\t\t\t\t\t<\/div>\n\t\t\t\t<\/div>\n\t\t\t\t<div class=\"elementor-element elementor-element-dadfced elementor-widget elementor-widget-text-editor\" data-id=\"dadfced\" data-element_type=\"widget\" data-widget_type=\"text-editor.default\">\n\t\t\t\t<div class=\"elementor-widget-container\">\n\t\t\t\t\t\t\t\t\t<p>Ap\u00f3s a coloniza\u00e7\u00e3o por Portugal, alcan\u00e7ou a independ\u00eancia em 1974, na sequ\u00eancia de uma longa guerra de liberta\u00e7\u00e3o.<\/p>\n\t\t\t\t\t\t\t\t<\/div>\n\t\t\t\t<\/div>\n\t\t\t\t\t<\/div>\n\t\t<\/div>\n\t\t\t\t\t<\/div>\n\t\t<\/section>\n\t\t\t\t<section class=\"elementor-section elementor-top-section elementor-element elementor-element-19fa164 elementor-section-boxed elementor-section-height-default elementor-section-height-default\" data-id=\"19fa164\" data-element_type=\"section\" data-settings=\"{&quot;background_background&quot;:&quot;classic&quot;}\">\n\t\t\t\t\t\t<div class=\"elementor-container elementor-column-gap-default\">\n\t\t\t\t\t<div class=\"elementor-column elementor-col-100 elementor-top-column elementor-element elementor-element-426f663\" data-id=\"426f663\" data-element_type=\"column\">\n\t\t\t<div class=\"elementor-widget-wrap elementor-element-populated\">\n\t\t\t\t\t\t<div class=\"elementor-element elementor-element-284aeee elementor-widget elementor-widget-gva-heading-block\" data-id=\"284aeee\" data-element_type=\"widget\" data-widget_type=\"gva-heading-block.default\">\n\t\t\t\t<div class=\"elementor-widget-container\">\n\t\t\t\t\t<div class=\"gva-element-gva-heading-block gva-element\">   <div class=\"align-center style-1 widget gsc-heading box-align-center auto-responsive\">\r\n      <div class=\"content-inner\">\r\n         \r\n                  \r\n         <div class=\"sub-title\"><span class=\"tagline\">Um pa\u00eds pobre<\/span><\/div>  \r\n         \r\n                     <h2 class=\"title\">\r\n               <span>Guin\u00e9-Bissau<\/span>\r\n            <\/h2>\r\n                  \r\n         \r\n         \r\n      <\/div>\r\n   <\/div>\r\n<\/div>\t\t\t\t<\/div>\n\t\t\t\t<\/div>\n\t\t\t\t<section class=\"elementor-section elementor-inner-section elementor-element elementor-element-4ab2036 elementor-section-boxed elementor-section-height-default elementor-section-height-default\" data-id=\"4ab2036\" data-element_type=\"section\">\n\t\t\t\t\t\t<div class=\"elementor-container elementor-column-gap-default\">\n\t\t\t\t\t<div class=\"elementor-column elementor-col-50 elementor-inner-column elementor-element elementor-element-3e1484c\" data-id=\"3e1484c\" data-element_type=\"column\">\n\t\t\t<div class=\"elementor-widget-wrap elementor-element-populated\">\n\t\t\t\t\t\t<div class=\"elementor-element elementor-element-7809d11 elementor-widget elementor-widget-text-editor\" data-id=\"7809d11\" data-element_type=\"widget\" data-widget_type=\"text-editor.default\">\n\t\t\t\t<div class=\"elementor-widget-container\">\n\t\t\t\t\t\t\t\t\t<p>A popula\u00e7\u00e3o da Guin\u00e9-Bissau estima-se ter cerca de 2 milh\u00f5es de pessoas em 2022. A Guin\u00e9-Bissau encontra-se entre os 20 pa\u00edses menos desenvolvidos do mundo, ocupando a 177<sup>a<\/sup> posi\u00e7\u00e3o do \u00cdndice de Desenvolvimento Humano. A taxa de pobreza \u00e9 estimada em 65% pelo Banco Africano de Desenvolvimento (dados de 2020-21) e mais de 21% da popula\u00e7\u00e3o vive abaixo do limiar da pobreza, com menos de 2,15 d\u00f3lares americanos por dia, de acordo o Banco Mundial (dados de 2018).<\/p>\n<p>A fr\u00e1gil economia do pa\u00eds depende principalmente da agricultura e da pesca, que representam, respetivamente, dois ter\u00e7os e um s\u00e9timo das exporta\u00e7\u00f5es. O clima e o solo do pa\u00eds tornam vi\u00e1vel o cultivo de uma vasta gama de culturas de rendimento, fruta, legumes e tub\u00e9rculos; contudo, a castanha de caju gera mais de 80% das receitas de exporta\u00e7\u00e3o e \u00e9 a principal fonte de rendimento de muitas comunidades rurais. A monocultura intensiva de cajueiros coloca em perigo a seguran\u00e7a alimentar do pa\u00eds. A produ\u00e7\u00e3o de arroz \u00e9 negligenciada e cobre apenas um quarto das necessidades da popula\u00e7\u00e3o, apesar de ser o seu principal alimento.<\/p>\n\t\t\t\t\t\t\t\t<\/div>\n\t\t\t\t<\/div>\n\t\t\t\t<div class=\"elementor-element elementor-element-23c1500 elementor-widget elementor-widget-gva-heading-block\" data-id=\"23c1500\" data-element_type=\"widget\" data-widget_type=\"gva-heading-block.default\">\n\t\t\t\t<div class=\"elementor-widget-container\">\n\t\t\t\t\t<div class=\"gva-element-gva-heading-block gva-element\">   <div class=\"align-left style-1 widget gsc-heading box-align-left auto-responsive\">\r\n      <div class=\"content-inner\">\r\n         \r\n                  \r\n         <div class=\"sub-title\"><span class=\"tagline\">Um pa\u00eds pobre<\/span><\/div>  \r\n         \r\n                     <h2 class=\"title\">\r\n               <span>Guin\u00e9-Bissau<\/span>\r\n            <\/h2>\r\n                  \r\n         \r\n         \r\n      <\/div>\r\n   <\/div>\r\n<\/div>\t\t\t\t<\/div>\n\t\t\t\t<\/div>\n\t\t\t\t\t<\/div>\n\t\t<\/div>\n\t\t\t\t<div class=\"elementor-column elementor-col-50 elementor-inner-column elementor-element elementor-element-9ab3cd7\" data-id=\"9ab3cd7\" data-element_type=\"column\">\n\t\t\t<div class=\"elementor-widget-wrap elementor-element-populated\">\n\t\t\t\t\t\t<div class=\"elementor-element elementor-element-69351c2 elementor-widget elementor-widget-image\" data-id=\"69351c2\" data-element_type=\"widget\" data-widget_type=\"image.default\">\n\t\t\t\t<div class=\"elementor-widget-container\">\n\t\t\t\t\t\t\t\t\t\t\t\t\t\t\t<img fetchpriority=\"high\" decoding=\"async\" width=\"700\" height=\"467\" src=\"https:\/\/aide-diabete-guineebissau.ch\/wp-content\/uploads\/2023\/01\/children.jpg\" class=\"attachment-large size-large wp-image-29451\" alt=\"\" srcset=\"https:\/\/aide-diabete-guineebissau.ch\/wp-content\/uploads\/2023\/01\/children.jpg 700w, https:\/\/aide-diabete-guineebissau.ch\/wp-content\/uploads\/2023\/01\/children-600x400.jpg 600w\" sizes=\"(max-width: 700px) 100vw, 700px\" \/>\t\t\t\t\t\t\t\t\t\t\t\t\t\t\t<\/div>\n\t\t\t\t<\/div>\n\t\t\t\t\t<\/div>\n\t\t<\/div>\n\t\t\t\t\t<\/div>\n\t\t<\/section>\n\t\t\t\t<div class=\"elementor-element elementor-element-62c0f7f elementor-widget elementor-widget-text-editor\" data-id=\"62c0f7f\" data-element_type=\"widget\" data-widget_type=\"text-editor.default\">\n\t\t\t\t<div class=\"elementor-widget-container\">\n\t\t\t\t\t\t\t\t\t<p>O pa\u00eds possui recursos minerais (petr\u00f3leo, bauxite e fosfatos), embora estes n\u00e3o sejam explorados devido \u00e0 falta de infraestruturas e investimento. <\/p>\n<p>A economia do pa\u00eds foi, de um modo geral, muito afetada pela guerra civil de 1998-1999. O pa\u00eds acumulou uma d\u00edvida externa de 806 milh\u00f5es de d\u00f3lares (dados de 2020) e est\u00e1 atualmente envolvido num programa de interven\u00e7\u00f5es estruturais financiado pelo Fundo Monet\u00e1rio Internacional. A instabilidade pol\u00edtica, o rescaldo da guerra civil de 1999 e a obsolesc\u00eancia das infraestruturas desencorajam os investidores, gerando menores oportunidades de desenvolvimento<\/p>\n\t\t\t\t\t\t\t\t<\/div>\n\t\t\t\t<\/div>\n\t\t\t\t<div class=\"elementor-element elementor-element-349bd8c elementor-widget-divider--view-line elementor-widget elementor-widget-divider\" data-id=\"349bd8c\" data-element_type=\"widget\" data-widget_type=\"divider.default\">\n\t\t\t\t<div class=\"elementor-widget-container\">\n\t\t\t\t\t\t\t<div class=\"elementor-divider\">\n\t\t\t<span class=\"elementor-divider-separator\">\n\t\t\t\t\t\t<\/span>\n\t\t<\/div>\n\t\t\t\t\t\t<\/div>\n\t\t\t\t<\/div>\n\t\t\t\t<div class=\"elementor-element elementor-element-e9daed6 elementor-widget elementor-widget-text-editor\" data-id=\"e9daed6\" data-element_type=\"widget\" data-widget_type=\"text-editor.default\">\n\t\t\t\t<div class=\"elementor-widget-container\">\n\t\t\t\t\t\t\t\t\t<p>\n            <strong>Fontes:<\/strong>\n          <\/p>\n<p>The World Bank, Guinea-Bissau data <a href=\"https:\/\/data.worldbank.org\/country\/GW\">Guinea-Bissau | Data (worldbank.org)<\/a><\/p>\n<p>African Development Bank, Guinea-Bissau Economic Outlook <a href=\"https:\/\/www.afdb.org\/en\/countries\/west-africa\/guinea-bissau\/guinea-bissau-economic-outlook\">Guinea-Bissau Economic Outlook | African Development Bank \u2013 Building today, a better Africa tomorrow (afdb.org)<\/a><\/p>\n<p>United Nations Development Programme, Human Development Report 2021-22 <a href=\"https:\/\/hdr.undp.org\/system\/files\/documents\/global-report-document\/hdr2021-22pdf_1.pdf\">hdr2021-22pdf_1.pdf (undp.org)<\/a><\/p>\n\t\t\t\t\t\t\t\t<\/div>\n\t\t\t\t<\/div>\n\t\t\t\t\t<\/div>\n\t\t<\/div>\n\t\t\t\t\t<\/div>\n\t\t<\/section>\n\t\t\t\t<\/div>\n\t\t","protected":false},"excerpt":{"rendered":"<p>Guin\u00e9-Bissau Algumas informa\u00e7\u00f5es sobre a Guin\u00e9-Bissau Guin\u00e9-Bissau Um dos 20 pa\u00edses mais pobres do mundo Apoiar-nos Pessoas merecedoras A Guin\u00e9-Bissau \u00e9 um pequeno pa\u00eds da \u00c1frica Ocidental situado entre o [&hellip;]<\/p>\n","protected":false},"author":1,"featured_media":0,"parent":0,"menu_order":0,"comment_status":"closed","ping_status":"closed","template":"","meta":{"give_campaign_id":0,"footnotes":""},"class_list":["post-30383","page","type-page","status-publish","hentry"],"yoast_head":"<!-- This site is optimized with the Yoast SEO plugin v26.6 - https:\/\/yoast.com\/wordpress\/plugins\/seo\/ -->\n<title>AAPDGB I Guin\u00e9-Bissau I Sobre o pa\u00eds<\/title>\n<meta name=\"description\" content=\"A Guin\u00e9-Bissau \u00e9 um pequeno pa\u00eds da \u00c1frica Ocidental e parece estar entre os 20 pa\u00edses mais pobres do mundo. Saiba mais.\" \/>\n<meta name=\"robots\" content=\"index, follow, max-snippet:-1, max-image-preview:large, max-video-preview:-1\" \/>\n<link rel=\"canonical\" href=\"https:\/\/aide-diabete-guineebissau.ch\/pt-pt\/sobre-o-pais\/\" \/>\n<meta property=\"og:locale\" content=\"pt_PT\" \/>\n<meta property=\"og:type\" content=\"article\" \/>\n<meta property=\"og:title\" content=\"AAPDGB I Guin\u00e9-Bissau I Sobre o pa\u00eds\" \/>\n<meta property=\"og:description\" content=\"A Guin\u00e9-Bissau \u00e9 um pequeno pa\u00eds da \u00c1frica Ocidental e parece estar entre os 20 pa\u00edses mais pobres do mundo. Saiba mais.\" \/>\n<meta property=\"og:url\" content=\"https:\/\/aide-diabete-guineebissau.ch\/pt-pt\/sobre-o-pais\/\" \/>\n<meta property=\"og:site_name\" content=\"Association Suisse Aide aux Personnes Diab\u00e9tiques en Guin\u00e9e-Bissau\" \/>\n<meta property=\"article:modified_time\" content=\"2023-06-25T15:56:30+00:00\" \/>\n<meta property=\"og:image\" content=\"https:\/\/aide-diabete-guineebissau.ch\/wp-content\/uploads\/2023\/05\/1-11.jpg\" \/>\n<meta name=\"twitter:card\" content=\"summary_large_image\" \/>\n<meta name=\"twitter:label1\" content=\"Tempo estimado de leitura\" \/>\n\t<meta name=\"twitter:data1\" content=\"3 minutos\" \/>\n<script type=\"application\/ld+json\" class=\"yoast-schema-graph\">{\"@context\":\"https:\/\/schema.org\",\"@graph\":[{\"@type\":\"WebPage\",\"@id\":\"https:\/\/aide-diabete-guineebissau.ch\/pt-pt\/sobre-o-pais\/\",\"url\":\"https:\/\/aide-diabete-guineebissau.ch\/pt-pt\/sobre-o-pais\/\",\"name\":\"AAPDGB I Guin\u00e9-Bissau I Sobre o pa\u00eds\",\"isPartOf\":{\"@id\":\"https:\/\/aide-diabete-guineebissau.ch\/pt-pt\/#website\"},\"primaryImageOfPage\":{\"@id\":\"https:\/\/aide-diabete-guineebissau.ch\/pt-pt\/sobre-o-pais\/#primaryimage\"},\"image\":{\"@id\":\"https:\/\/aide-diabete-guineebissau.ch\/pt-pt\/sobre-o-pais\/#primaryimage\"},\"thumbnailUrl\":\"https:\/\/aide-diabete-guineebissau.ch\/wp-content\/uploads\/2023\/05\/1-11.jpg\",\"datePublished\":\"2020-12-08T02:53:12+00:00\",\"dateModified\":\"2023-06-25T15:56:30+00:00\",\"description\":\"A Guin\u00e9-Bissau \u00e9 um pequeno pa\u00eds da \u00c1frica Ocidental e parece estar entre os 20 pa\u00edses mais pobres do mundo. Saiba mais.\",\"breadcrumb\":{\"@id\":\"https:\/\/aide-diabete-guineebissau.ch\/pt-pt\/sobre-o-pais\/#breadcrumb\"},\"inLanguage\":\"pt-PT\",\"potentialAction\":[{\"@type\":\"ReadAction\",\"target\":[\"https:\/\/aide-diabete-guineebissau.ch\/pt-pt\/sobre-o-pais\/\"]}]},{\"@type\":\"ImageObject\",\"inLanguage\":\"pt-PT\",\"@id\":\"https:\/\/aide-diabete-guineebissau.ch\/pt-pt\/sobre-o-pais\/#primaryimage\",\"url\":\"https:\/\/aide-diabete-guineebissau.ch\/wp-content\/uploads\/2023\/05\/1-11.jpg\",\"contentUrl\":\"https:\/\/aide-diabete-guineebissau.ch\/wp-content\/uploads\/2023\/05\/1-11.jpg\"},{\"@type\":\"BreadcrumbList\",\"@id\":\"https:\/\/aide-diabete-guineebissau.ch\/pt-pt\/sobre-o-pais\/#breadcrumb\",\"itemListElement\":[{\"@type\":\"ListItem\",\"position\":1,\"name\":\"Home\",\"item\":\"https:\/\/aide-diabete-guineebissau.ch\/pt-pt\/\"},{\"@type\":\"ListItem\",\"position\":2,\"name\":\"Sobre o pa\u00eds\"}]},{\"@type\":\"WebSite\",\"@id\":\"https:\/\/aide-diabete-guineebissau.ch\/pt-pt\/#website\",\"url\":\"https:\/\/aide-diabete-guineebissau.ch\/pt-pt\/\",\"name\":\"Association Suisse Aide aux Personnes Diab\u00e9tiques en Guin\u00e9e-Bissau\",\"description\":\"Sensibilisation, pr\u00e9vention, d\u00e9pistage des diff\u00e9rents types de diab\u00e8te\",\"potentialAction\":[{\"@type\":\"SearchAction\",\"target\":{\"@type\":\"EntryPoint\",\"urlTemplate\":\"https:\/\/aide-diabete-guineebissau.ch\/pt-pt\/?s={search_term_string}\"},\"query-input\":{\"@type\":\"PropertyValueSpecification\",\"valueRequired\":true,\"valueName\":\"search_term_string\"}}],\"inLanguage\":\"pt-PT\"}]}<\/script>\n<!-- \/ Yoast SEO plugin. -->","yoast_head_json":{"title":"AAPDGB I Guin\u00e9-Bissau I Sobre o pa\u00eds","description":"A Guin\u00e9-Bissau \u00e9 um pequeno pa\u00eds da \u00c1frica Ocidental e parece estar entre os 20 pa\u00edses mais pobres do mundo. Saiba mais.","robots":{"index":"index","follow":"follow","max-snippet":"max-snippet:-1","max-image-preview":"max-image-preview:large","max-video-preview":"max-video-preview:-1"},"canonical":"https:\/\/aide-diabete-guineebissau.ch\/pt-pt\/sobre-o-pais\/","og_locale":"pt_PT","og_type":"article","og_title":"AAPDGB I Guin\u00e9-Bissau I Sobre o pa\u00eds","og_description":"A Guin\u00e9-Bissau \u00e9 um pequeno pa\u00eds da \u00c1frica Ocidental e parece estar entre os 20 pa\u00edses mais pobres do mundo. Saiba mais.","og_url":"https:\/\/aide-diabete-guineebissau.ch\/pt-pt\/sobre-o-pais\/","og_site_name":"Association Suisse Aide aux Personnes Diab\u00e9tiques en Guin\u00e9e-Bissau","article_modified_time":"2023-06-25T15:56:30+00:00","og_image":[{"url":"https:\/\/aide-diabete-guineebissau.ch\/wp-content\/uploads\/2023\/05\/1-11.jpg","type":"","width":"","height":""}],"twitter_card":"summary_large_image","twitter_misc":{"Tempo estimado de leitura":"3 minutos"},"schema":{"@context":"https:\/\/schema.org","@graph":[{"@type":"WebPage","@id":"https:\/\/aide-diabete-guineebissau.ch\/pt-pt\/sobre-o-pais\/","url":"https:\/\/aide-diabete-guineebissau.ch\/pt-pt\/sobre-o-pais\/","name":"AAPDGB I Guin\u00e9-Bissau I Sobre o pa\u00eds","isPartOf":{"@id":"https:\/\/aide-diabete-guineebissau.ch\/pt-pt\/#website"},"primaryImageOfPage":{"@id":"https:\/\/aide-diabete-guineebissau.ch\/pt-pt\/sobre-o-pais\/#primaryimage"},"image":{"@id":"https:\/\/aide-diabete-guineebissau.ch\/pt-pt\/sobre-o-pais\/#primaryimage"},"thumbnailUrl":"https:\/\/aide-diabete-guineebissau.ch\/wp-content\/uploads\/2023\/05\/1-11.jpg","datePublished":"2020-12-08T02:53:12+00:00","dateModified":"2023-06-25T15:56:30+00:00","description":"A Guin\u00e9-Bissau \u00e9 um pequeno pa\u00eds da \u00c1frica Ocidental e parece estar entre os 20 pa\u00edses mais pobres do mundo. Saiba mais.","breadcrumb":{"@id":"https:\/\/aide-diabete-guineebissau.ch\/pt-pt\/sobre-o-pais\/#breadcrumb"},"inLanguage":"pt-PT","potentialAction":[{"@type":"ReadAction","target":["https:\/\/aide-diabete-guineebissau.ch\/pt-pt\/sobre-o-pais\/"]}]},{"@type":"ImageObject","inLanguage":"pt-PT","@id":"https:\/\/aide-diabete-guineebissau.ch\/pt-pt\/sobre-o-pais\/#primaryimage","url":"https:\/\/aide-diabete-guineebissau.ch\/wp-content\/uploads\/2023\/05\/1-11.jpg","contentUrl":"https:\/\/aide-diabete-guineebissau.ch\/wp-content\/uploads\/2023\/05\/1-11.jpg"},{"@type":"BreadcrumbList","@id":"https:\/\/aide-diabete-guineebissau.ch\/pt-pt\/sobre-o-pais\/#breadcrumb","itemListElement":[{"@type":"ListItem","position":1,"name":"Home","item":"https:\/\/aide-diabete-guineebissau.ch\/pt-pt\/"},{"@type":"ListItem","position":2,"name":"Sobre o pa\u00eds"}]},{"@type":"WebSite","@id":"https:\/\/aide-diabete-guineebissau.ch\/pt-pt\/#website","url":"https:\/\/aide-diabete-guineebissau.ch\/pt-pt\/","name":"Association Suisse Aide aux Personnes Diab\u00e9tiques en Guin\u00e9e-Bissau","description":"Sensibilisation, pr\u00e9vention, d\u00e9pistage des diff\u00e9rents types de diab\u00e8te","potentialAction":[{"@type":"SearchAction","target":{"@type":"EntryPoint","urlTemplate":"https:\/\/aide-diabete-guineebissau.ch\/pt-pt\/?s={search_term_string}"},"query-input":{"@type":"PropertyValueSpecification","valueRequired":true,"valueName":"search_term_string"}}],"inLanguage":"pt-PT"}]}},"campaignId":"","_links":{"self":[{"href":"https:\/\/aide-diabete-guineebissau.ch\/pt-pt\/wp-json\/wp\/v2\/pages\/30383","targetHints":{"allow":["GET"]}}],"collection":[{"href":"https:\/\/aide-diabete-guineebissau.ch\/pt-pt\/wp-json\/wp\/v2\/pages"}],"about":[{"href":"https:\/\/aide-diabete-guineebissau.ch\/pt-pt\/wp-json\/wp\/v2\/types\/page"}],"author":[{"embeddable":true,"href":"https:\/\/aide-diabete-guineebissau.ch\/pt-pt\/wp-json\/wp\/v2\/users\/1"}],"replies":[{"embeddable":true,"href":"https:\/\/aide-diabete-guineebissau.ch\/pt-pt\/wp-json\/wp\/v2\/comments?post=30383"}],"version-history":[{"count":8,"href":"https:\/\/aide-diabete-guineebissau.ch\/pt-pt\/wp-json\/wp\/v2\/pages\/30383\/revisions"}],"predecessor-version":[{"id":31249,"href":"https:\/\/aide-diabete-guineebissau.ch\/pt-pt\/wp-json\/wp\/v2\/pages\/30383\/revisions\/31249"}],"wp:attachment":[{"href":"https:\/\/aide-diabete-guineebissau.ch\/pt-pt\/wp-json\/wp\/v2\/media?parent=30383"}],"curies":[{"name":"wp","href":"https:\/\/api.w.org\/{rel}","templated":true}]}}