{"id":30365,"date":"2023-02-09T14:44:53","date_gmt":"2023-02-09T13:44:53","guid":{"rendered":"https:\/\/aide-diabete-guineebissau.ch\/a-nossa-historia\/"},"modified":"2023-06-25T17:34:22","modified_gmt":"2023-06-25T15:34:22","slug":"a-nossa-historia","status":"publish","type":"page","link":"https:\/\/aide-diabete-guineebissau.ch\/pt-pt\/a-nossa-historia\/","title":{"rendered":"A nossa hist\u00f3ria"},"content":{"rendered":"\t\t<div data-elementor-type=\"wp-page\" data-elementor-id=\"30365\" class=\"elementor elementor-30365 elementor-29764\">\n\t\t\t\t\t\t<section class=\"elementor-section elementor-top-section elementor-element elementor-element-a2abf68 elementor-section-boxed elementor-section-height-default elementor-section-height-default\" data-id=\"a2abf68\" data-element_type=\"section\" data-settings=\"{&quot;background_background&quot;:&quot;slideshow&quot;,&quot;background_slideshow_gallery&quot;:[{&quot;id&quot;:29403,&quot;url&quot;:&quot;https:\\\/\\\/aide-diabete-guineebissau.ch\\\/wp-content\\\/uploads\\\/2023\\\/01\\\/head.jpg&quot;},{&quot;id&quot;:29406,&quot;url&quot;:&quot;https:\\\/\\\/aide-diabete-guineebissau.ch\\\/wp-content\\\/uploads\\\/2023\\\/01\\\/head_02.jpg&quot;}],&quot;background_slideshow_ken_burns&quot;:&quot;yes&quot;,&quot;background_slideshow_loop&quot;:&quot;yes&quot;,&quot;background_slideshow_slide_duration&quot;:5000,&quot;background_slideshow_slide_transition&quot;:&quot;fade&quot;,&quot;background_slideshow_transition_duration&quot;:500,&quot;background_slideshow_ken_burns_zoom_direction&quot;:&quot;in&quot;}\">\n\t\t\t\t\t\t<div class=\"elementor-container elementor-column-gap-default\">\n\t\t\t\t\t<div class=\"elementor-column elementor-col-100 elementor-top-column elementor-element elementor-element-7260d10\" data-id=\"7260d10\" data-element_type=\"column\">\n\t\t\t<div class=\"elementor-widget-wrap elementor-element-populated\">\n\t\t\t\t\t\t<div class=\"elementor-element elementor-element-3f38b9d elementor-widget elementor-widget-gva-heading-block\" data-id=\"3f38b9d\" data-element_type=\"widget\" data-widget_type=\"gva-heading-block.default\">\n\t\t\t\t<div class=\"elementor-widget-container\">\n\t\t\t\t\t<div class=\"gva-element-gva-heading-block gva-element\">   <div class=\"align-left style-1 widget gsc-heading box-align-left auto-responsive\">\r\n      <div class=\"content-inner\">\r\n         \r\n                  \r\n           \r\n         \r\n                     <h2 class=\"title\">\r\n               <span>A nossa hist\u00f3ria<\/span>\r\n            <\/h2>\r\n                  \r\n                     <div class=\"title-desc\">A hist\u00f3ria da Associa\u00e7\u00e3o ao longo dos anos<\/div>\r\n         \r\n         \r\n      <\/div>\r\n   <\/div>\r\n<\/div>\t\t\t\t<\/div>\n\t\t\t\t<\/div>\n\t\t\t\t\t<\/div>\n\t\t<\/div>\n\t\t\t\t\t<\/div>\n\t\t<\/section>\n\t\t\t\t<section class=\"elementor-section elementor-top-section elementor-element elementor-element-4703abd elementor-section-boxed elementor-section-height-default elementor-section-height-default\" data-id=\"4703abd\" data-element_type=\"section\" data-settings=\"{&quot;background_background&quot;:&quot;classic&quot;}\">\n\t\t\t\t\t\t<div class=\"elementor-container elementor-column-gap-default\">\n\t\t\t\t\t<div class=\"elementor-column elementor-col-50 elementor-top-column elementor-element elementor-element-029430f\" data-id=\"029430f\" data-element_type=\"column\">\n\t\t\t<div class=\"elementor-widget-wrap elementor-element-populated\">\n\t\t\t\t\t\t<div class=\"elementor-element elementor-element-59bc623 elementor-widget elementor-widget-gva-image-content\" data-id=\"59bc623\" data-element_type=\"widget\" data-widget_type=\"gva-image-content.default\">\n\t\t\t\t<div class=\"elementor-widget-container\">\n\t\t\t\t\t<div class=\"gva-element-gva-image-content gva-element\">\t\t\r\n\t\t\t<div class=\"gsc-image-content skin-v1\">\r\n\t\t  \t<div class=\"box-content\">\r\n\t\t\t \t<div class=\"image\"><img fetchpriority=\"high\" decoding=\"async\" width=\"680\" height=\"910\" src=\"https:\/\/aide-diabete-guineebissau.ch\/wp-content\/uploads\/2023\/04\/chi.jpg\" class=\"attachment-full size-full wp-image-29943\" alt=\"\" srcset=\"https:\/\/aide-diabete-guineebissau.ch\/wp-content\/uploads\/2023\/04\/chi.jpg 680w, https:\/\/aide-diabete-guineebissau.ch\/wp-content\/uploads\/2023\/04\/chi-600x803.jpg 600w\" sizes=\"(max-width: 680px) 100vw, 680px\" \/><span class=\"shape-1\"><\/span><span class=\"shape-2\"><\/span><span class=\"shape-3\"><\/span><span class=\"shape-4\"><\/span><\/div>\t\t\t<\/div> \t\r\n\r\n\t\t\t\t\t  <a href=\"#\" class=\"link-overlay\"><\/a>\r\n\t\t  \t\t<\/div>\r\n\t  \r\n\t \r\n\r\n\t \r\n\r\n\t\r\n \r\n  \r\n <\/div>\t\t\t\t<\/div>\n\t\t\t\t<\/div>\n\t\t\t\t\t<\/div>\n\t\t<\/div>\n\t\t\t\t<div class=\"elementor-column elementor-col-50 elementor-top-column elementor-element elementor-element-a71a61f\" data-id=\"a71a61f\" data-element_type=\"column\">\n\t\t\t<div class=\"elementor-widget-wrap elementor-element-populated\">\n\t\t\t\t\t\t<div class=\"elementor-element elementor-element-55665b5 elementor-widget elementor-widget-gva-heading-block\" data-id=\"55665b5\" data-element_type=\"widget\" data-settings=\"{&quot;_animation&quot;:&quot;none&quot;}\" data-widget_type=\"gva-heading-block.default\">\n\t\t\t\t<div class=\"elementor-widget-container\">\n\t\t\t\t\t<div class=\"gva-element-gva-heading-block gva-element\">   <div class=\"align-left style-1 widget gsc-heading box-align-left auto-responsive\">\r\n      <div class=\"content-inner\">\r\n         \r\n                  \r\n         <div class=\"sub-title\"><span class=\"tagline\">A associa\u00e7\u00e3o sem fins lucrativos<\/span><\/div>  \r\n         \r\n                     <h2 class=\"title\">\r\n               <span>A nossa hist\u00f3ria<\/span>\r\n            <\/h2>\r\n                  \r\n         \r\n         \r\n      <\/div>\r\n   <\/div>\r\n<\/div>\t\t\t\t<\/div>\n\t\t\t\t<\/div>\n\t\t\t\t<div class=\"elementor-element elementor-element-7705580 elementor-widget elementor-widget-text-editor\" data-id=\"7705580\" data-element_type=\"widget\" data-widget_type=\"text-editor.default\">\n\t\t\t\t<div class=\"elementor-widget-container\">\n\t\t\t\t\t\t\t\t\t<p>A AAPDGB foi fundada em 2017 em Genebra, na Su\u00ed\u00e7a, por iniciativa da Sra. Adalgisa Lopes, cuja motiva\u00e7\u00e3o decorreu de sentir pessoalmente as consequ\u00eancias da diabetes e observar as dificuldades dos seus compatriotas para acederem a cuidados de sa\u00fade adequados.<\/p>\n\t\t\t\t\t\t\t\t<\/div>\n\t\t\t\t<\/div>\n\t\t\t\t<div class=\"elementor-element elementor-element-dadfced elementor-widget elementor-widget-text-editor\" data-id=\"dadfced\" data-element_type=\"widget\" data-widget_type=\"text-editor.default\">\n\t\t\t\t<div class=\"elementor-widget-container\">\n\t\t\t\t\t\t\t\t\t<ul>\n<li>&#8211; Adalgisa Lopes tornou-se diab\u00e9tica aos 13 anos de idade. Devido \u00e0 falta de tratamento na Guin\u00e9-Bissau, foi for\u00e7ada a deixar o seu pa\u00eds de origem para receber tratamentos imediatos na Europa.\n<\/li>\n<li>&#8211; Em 1997, a sua irm\u00e3 g\u00e9mea, Artemisa Lopes, foi tamb\u00e9m diagnosticada com a doen\u00e7a. Devido \u00e0 falta de recursos financeiros, Artemisa n\u00e3o p\u00f4de deixar a Guin\u00e9-Bissau para se juntar a Adalgisa, que nessa altura se encontrava na Su\u00ed\u00e7a. Foi nesta altura que Adalgisa come\u00e7ou a apoiar a sua irm\u00e3, enviando regularmente dinheiro para a apoiar no tratamento.<\/li>\n<\/ul>\n\t\t\t\t\t\t\t\t<\/div>\n\t\t\t\t<\/div>\n\t\t\t\t\t<\/div>\n\t\t<\/div>\n\t\t\t\t\t<\/div>\n\t\t<\/section>\n\t\t\t\t<section class=\"elementor-section elementor-top-section elementor-element elementor-element-a9d5354 elementor-section-boxed elementor-section-height-default elementor-section-height-default\" data-id=\"a9d5354\" data-element_type=\"section\">\n\t\t\t\t\t\t<div class=\"elementor-container elementor-column-gap-default\">\n\t\t\t\t\t<div class=\"elementor-column elementor-col-100 elementor-top-column elementor-element elementor-element-76c5802\" data-id=\"76c5802\" data-element_type=\"column\">\n\t\t\t<div class=\"elementor-widget-wrap elementor-element-populated\">\n\t\t\t\t\t\t<div class=\"elementor-element elementor-element-3cab2e4 elementor-widget elementor-widget-text-editor\" data-id=\"3cab2e4\" data-element_type=\"widget\" data-widget_type=\"text-editor.default\">\n\t\t\t\t<div class=\"elementor-widget-container\">\n\t\t\t\t\t\t\t\t\t<ul>\n<li>&#8211; Ao longo dos anos, Adalgisa soube pela sua irm\u00e3 acerca da quantidade de pessoas que sofriam de diabetes e as enormes dificuldades de viver com a doen\u00e7a na Guin\u00e9-Bissau. Assim, come\u00e7ou a enviar fundos adicionais para ajudar algumas pessoas diab\u00e9ticas conhecidas de Artemisa, para que as ajudasse a terem uma alimenta\u00e7\u00e3o mais adequada. Cedo percebeu que os doentes n\u00e3o possu\u00edam conhecimentos acerca da diabetes nem dispunham dos meios para a combater.\n<\/li>\n<li>Em janeiro de 2016, Adalgisa decidiu contactar o jornalista Armando Cont\u00e9, da R\u00e1dio Jovem em Bissau, de modo a falar publicamente e com regularidade sobre a doen\u00e7a, bem como para aconselhar os cidad\u00e3os guineenses relativamente \u00e0s diretrizes de uma dieta saud\u00e1vel e equilibrada. &#8211; Em fevereiro de 2016, Adalgisa contactou o\n<\/li>\n<li>Em fevereiro de 2016, Adalgisa contactou o departamento de diabetes dos Hospitais da Universidade de Genebra (HUG) para pedir informa\u00e7\u00f5es e conselhos de modo a melhor ajudar os seus concidad\u00e3os Contactou igualmente a Associa\u00e7\u00e3o Su\u00ed\u00e7a de Diabetes para apresentar uma ideia inicial de projeto. Simultaneamente, come\u00e7ou a angariar medicamentos junto das farm\u00e1cias sediadas em Genebra.\n<\/li>\n<li>&#8211; Ao conversar com os seus amigos pr\u00f3ximos acerca das dificuldades enfrentadas pelos seus conterr\u00e2neos, Adalgisa conseguiu angariar mais fundos. Com esses apoios, conseguiu comprar medicamentos e material m\u00e9dico numa farm\u00e1cia em Portugal e envi\u00e1-los para a Guin\u00e9-Bissau. Garantiu que o carregamento, uma vez l\u00e1 chegado, fosse gerido pela sua irm\u00e3 Artemisa e por um amigo m\u00e9dico, Dr. Tony, e que, com o acordo do Diretor do Hospital Nacional Sim\u00e3o Mendes (HNSM), os medicamentos fossem redistribu\u00eddos aos doentes diab\u00e9ticos.\n<\/li>\n<li>Adalgisa envolveu ent\u00e3o a Associa\u00e7\u00e3o de Diabetes de Genebra na organiza\u00e7\u00e3o de workshops de nutri\u00e7\u00e3o e culin\u00e1ria em Bissau para m\u00e9dicos, enfermeiros, diab\u00e9ticos e as suas fam\u00edlias.\n<\/li>\n<li>Em mar\u00e7o de 2017, Adalgisa Lopes contactou o Servi\u00e7o Humanit\u00e1rio do HUG especializado em diabetes, para indagar se seria poss\u00edvel a institui\u00e7\u00e3o a deslocar-se \u00e0 Guin\u00e9-Bissau para que fosse ministrada forma\u00e7\u00e3o ao pessoal m\u00e9dico local, com o acordo do Minist\u00e9rio da Sa\u00fade e a autoriza\u00e7\u00e3o do Hospital Nacional de Bissau.\n<\/li>\n<li>Em abril de 2017 a associa\u00e7\u00e3o foi criada.<\/li>\n<\/ul>\n<p>Atualmente, a AAPDGB \u00e9 uma entidade reconhecida, tendo estabelecido parcerias com outras organiza\u00e7\u00f5es na Su\u00ed\u00e7a, em Portugal e na Guin\u00e9-Bissau. Em particular, a AAPD GB trabalha em estreita colabora\u00e7\u00e3o com a Associa\u00e7\u00e3o de Luta Contra a Diabetes na Guin\u00e9-Bissau (ASLUCODIABETES-GB), fundada por Artemisa Lopes, com sede em Bissau e que trabalha localmente para distribuir \u00e0 popula\u00e7\u00e3o os medicamentos e materiais adquiridos pela AAPDGB.<\/p>\n\t\t\t\t\t\t\t\t<\/div>\n\t\t\t\t<\/div>\n\t\t\t\t\t<\/div>\n\t\t<\/div>\n\t\t\t\t\t<\/div>\n\t\t<\/section>\n\t\t\t\t<\/div>\n\t\t","protected":false},"excerpt":{"rendered":"<p>A nossa hist\u00f3ria A hist\u00f3ria da Associa\u00e7\u00e3o ao longo dos anos A associa\u00e7\u00e3o sem fins lucrativos A nossa hist\u00f3ria A AAPDGB foi fundada em 2017 em Genebra, na Su\u00ed\u00e7a, por [&hellip;]<\/p>\n","protected":false},"author":1,"featured_media":0,"parent":0,"menu_order":0,"comment_status":"closed","ping_status":"closed","template":"","meta":{"give_campaign_id":0,"footnotes":""},"class_list":["post-30365","page","type-page","status-publish","hentry"],"yoast_head":"<!-- This site is optimized with the Yoast SEO plugin v26.6 - https:\/\/yoast.com\/wordpress\/plugins\/seo\/ -->\n<title>AAPDGB I Sobre n\u00f3s I A nossa hist\u00f3ria<\/title>\n<meta name=\"description\" content=\"A AAPDGB foi fundada em 2017 em Genebra, por iniciativa da Sra. Adalgisa Lopes, motivada por sofrer as consequ\u00eancias da diabetes.\" \/>\n<meta name=\"robots\" content=\"index, follow, max-snippet:-1, max-image-preview:large, max-video-preview:-1\" \/>\n<link rel=\"canonical\" href=\"https:\/\/aide-diabete-guineebissau.ch\/pt-pt\/a-nossa-historia\/\" \/>\n<meta property=\"og:locale\" content=\"pt_PT\" \/>\n<meta property=\"og:type\" content=\"article\" \/>\n<meta property=\"og:title\" content=\"AAPDGB I Sobre n\u00f3s I A nossa hist\u00f3ria\" \/>\n<meta property=\"og:description\" content=\"A AAPDGB foi fundada em 2017 em Genebra, por iniciativa da Sra. Adalgisa Lopes, motivada por sofrer as consequ\u00eancias da diabetes.\" \/>\n<meta property=\"og:url\" content=\"https:\/\/aide-diabete-guineebissau.ch\/pt-pt\/a-nossa-historia\/\" \/>\n<meta property=\"og:site_name\" content=\"Association Suisse Aide aux Personnes Diab\u00e9tiques en Guin\u00e9e-Bissau\" \/>\n<meta property=\"article:modified_time\" content=\"2023-06-25T15:34:22+00:00\" \/>\n<meta property=\"og:image\" content=\"https:\/\/aide-diabete-guineebissau.ch\/wp-content\/uploads\/2023\/04\/chi.jpg\" \/>\n<meta name=\"twitter:card\" content=\"summary_large_image\" \/>\n<meta name=\"twitter:label1\" content=\"Tempo estimado de leitura\" \/>\n\t<meta name=\"twitter:data1\" content=\"4 minutos\" \/>\n<script type=\"application\/ld+json\" class=\"yoast-schema-graph\">{\"@context\":\"https:\/\/schema.org\",\"@graph\":[{\"@type\":\"WebPage\",\"@id\":\"https:\/\/aide-diabete-guineebissau.ch\/pt-pt\/a-nossa-historia\/\",\"url\":\"https:\/\/aide-diabete-guineebissau.ch\/pt-pt\/a-nossa-historia\/\",\"name\":\"AAPDGB I Sobre n\u00f3s I A nossa hist\u00f3ria\",\"isPartOf\":{\"@id\":\"https:\/\/aide-diabete-guineebissau.ch\/pt-pt\/#website\"},\"primaryImageOfPage\":{\"@id\":\"https:\/\/aide-diabete-guineebissau.ch\/pt-pt\/a-nossa-historia\/#primaryimage\"},\"image\":{\"@id\":\"https:\/\/aide-diabete-guineebissau.ch\/pt-pt\/a-nossa-historia\/#primaryimage\"},\"thumbnailUrl\":\"https:\/\/aide-diabete-guineebissau.ch\/wp-content\/uploads\/2023\/04\/chi.jpg\",\"datePublished\":\"2023-02-09T13:44:53+00:00\",\"dateModified\":\"2023-06-25T15:34:22+00:00\",\"description\":\"A AAPDGB foi fundada em 2017 em Genebra, por iniciativa da Sra. Adalgisa Lopes, motivada por sofrer as consequ\u00eancias da diabetes.\",\"breadcrumb\":{\"@id\":\"https:\/\/aide-diabete-guineebissau.ch\/pt-pt\/a-nossa-historia\/#breadcrumb\"},\"inLanguage\":\"pt-PT\",\"potentialAction\":[{\"@type\":\"ReadAction\",\"target\":[\"https:\/\/aide-diabete-guineebissau.ch\/pt-pt\/a-nossa-historia\/\"]}]},{\"@type\":\"ImageObject\",\"inLanguage\":\"pt-PT\",\"@id\":\"https:\/\/aide-diabete-guineebissau.ch\/pt-pt\/a-nossa-historia\/#primaryimage\",\"url\":\"https:\/\/aide-diabete-guineebissau.ch\/wp-content\/uploads\/2023\/04\/chi.jpg\",\"contentUrl\":\"https:\/\/aide-diabete-guineebissau.ch\/wp-content\/uploads\/2023\/04\/chi.jpg\"},{\"@type\":\"BreadcrumbList\",\"@id\":\"https:\/\/aide-diabete-guineebissau.ch\/pt-pt\/a-nossa-historia\/#breadcrumb\",\"itemListElement\":[{\"@type\":\"ListItem\",\"position\":1,\"name\":\"Home\",\"item\":\"https:\/\/aide-diabete-guineebissau.ch\/pt-pt\/\"},{\"@type\":\"ListItem\",\"position\":2,\"name\":\"A nossa hist\u00f3ria\"}]},{\"@type\":\"WebSite\",\"@id\":\"https:\/\/aide-diabete-guineebissau.ch\/pt-pt\/#website\",\"url\":\"https:\/\/aide-diabete-guineebissau.ch\/pt-pt\/\",\"name\":\"Association Suisse Aide aux Personnes Diab\u00e9tiques en Guin\u00e9e-Bissau\",\"description\":\"Sensibilisation, pr\u00e9vention, d\u00e9pistage des diff\u00e9rents types de diab\u00e8te\",\"potentialAction\":[{\"@type\":\"SearchAction\",\"target\":{\"@type\":\"EntryPoint\",\"urlTemplate\":\"https:\/\/aide-diabete-guineebissau.ch\/pt-pt\/?s={search_term_string}\"},\"query-input\":{\"@type\":\"PropertyValueSpecification\",\"valueRequired\":true,\"valueName\":\"search_term_string\"}}],\"inLanguage\":\"pt-PT\"}]}<\/script>\n<!-- \/ Yoast SEO plugin. -->","yoast_head_json":{"title":"AAPDGB I Sobre n\u00f3s I A nossa hist\u00f3ria","description":"A AAPDGB foi fundada em 2017 em Genebra, por iniciativa da Sra. Adalgisa Lopes, motivada por sofrer as consequ\u00eancias da diabetes.","robots":{"index":"index","follow":"follow","max-snippet":"max-snippet:-1","max-image-preview":"max-image-preview:large","max-video-preview":"max-video-preview:-1"},"canonical":"https:\/\/aide-diabete-guineebissau.ch\/pt-pt\/a-nossa-historia\/","og_locale":"pt_PT","og_type":"article","og_title":"AAPDGB I Sobre n\u00f3s I A nossa hist\u00f3ria","og_description":"A AAPDGB foi fundada em 2017 em Genebra, por iniciativa da Sra. Adalgisa Lopes, motivada por sofrer as consequ\u00eancias da diabetes.","og_url":"https:\/\/aide-diabete-guineebissau.ch\/pt-pt\/a-nossa-historia\/","og_site_name":"Association Suisse Aide aux Personnes Diab\u00e9tiques en Guin\u00e9e-Bissau","article_modified_time":"2023-06-25T15:34:22+00:00","og_image":[{"url":"https:\/\/aide-diabete-guineebissau.ch\/wp-content\/uploads\/2023\/04\/chi.jpg","type":"","width":"","height":""}],"twitter_card":"summary_large_image","twitter_misc":{"Tempo estimado de leitura":"4 minutos"},"schema":{"@context":"https:\/\/schema.org","@graph":[{"@type":"WebPage","@id":"https:\/\/aide-diabete-guineebissau.ch\/pt-pt\/a-nossa-historia\/","url":"https:\/\/aide-diabete-guineebissau.ch\/pt-pt\/a-nossa-historia\/","name":"AAPDGB I Sobre n\u00f3s I A nossa hist\u00f3ria","isPartOf":{"@id":"https:\/\/aide-diabete-guineebissau.ch\/pt-pt\/#website"},"primaryImageOfPage":{"@id":"https:\/\/aide-diabete-guineebissau.ch\/pt-pt\/a-nossa-historia\/#primaryimage"},"image":{"@id":"https:\/\/aide-diabete-guineebissau.ch\/pt-pt\/a-nossa-historia\/#primaryimage"},"thumbnailUrl":"https:\/\/aide-diabete-guineebissau.ch\/wp-content\/uploads\/2023\/04\/chi.jpg","datePublished":"2023-02-09T13:44:53+00:00","dateModified":"2023-06-25T15:34:22+00:00","description":"A AAPDGB foi fundada em 2017 em Genebra, por iniciativa da Sra. Adalgisa Lopes, motivada por sofrer as consequ\u00eancias da diabetes.","breadcrumb":{"@id":"https:\/\/aide-diabete-guineebissau.ch\/pt-pt\/a-nossa-historia\/#breadcrumb"},"inLanguage":"pt-PT","potentialAction":[{"@type":"ReadAction","target":["https:\/\/aide-diabete-guineebissau.ch\/pt-pt\/a-nossa-historia\/"]}]},{"@type":"ImageObject","inLanguage":"pt-PT","@id":"https:\/\/aide-diabete-guineebissau.ch\/pt-pt\/a-nossa-historia\/#primaryimage","url":"https:\/\/aide-diabete-guineebissau.ch\/wp-content\/uploads\/2023\/04\/chi.jpg","contentUrl":"https:\/\/aide-diabete-guineebissau.ch\/wp-content\/uploads\/2023\/04\/chi.jpg"},{"@type":"BreadcrumbList","@id":"https:\/\/aide-diabete-guineebissau.ch\/pt-pt\/a-nossa-historia\/#breadcrumb","itemListElement":[{"@type":"ListItem","position":1,"name":"Home","item":"https:\/\/aide-diabete-guineebissau.ch\/pt-pt\/"},{"@type":"ListItem","position":2,"name":"A nossa hist\u00f3ria"}]},{"@type":"WebSite","@id":"https:\/\/aide-diabete-guineebissau.ch\/pt-pt\/#website","url":"https:\/\/aide-diabete-guineebissau.ch\/pt-pt\/","name":"Association Suisse Aide aux Personnes Diab\u00e9tiques en Guin\u00e9e-Bissau","description":"Sensibilisation, pr\u00e9vention, d\u00e9pistage des diff\u00e9rents types de diab\u00e8te","potentialAction":[{"@type":"SearchAction","target":{"@type":"EntryPoint","urlTemplate":"https:\/\/aide-diabete-guineebissau.ch\/pt-pt\/?s={search_term_string}"},"query-input":{"@type":"PropertyValueSpecification","valueRequired":true,"valueName":"search_term_string"}}],"inLanguage":"pt-PT"}]}},"campaignId":"","_links":{"self":[{"href":"https:\/\/aide-diabete-guineebissau.ch\/pt-pt\/wp-json\/wp\/v2\/pages\/30365","targetHints":{"allow":["GET"]}}],"collection":[{"href":"https:\/\/aide-diabete-guineebissau.ch\/pt-pt\/wp-json\/wp\/v2\/pages"}],"about":[{"href":"https:\/\/aide-diabete-guineebissau.ch\/pt-pt\/wp-json\/wp\/v2\/types\/page"}],"author":[{"embeddable":true,"href":"https:\/\/aide-diabete-guineebissau.ch\/pt-pt\/wp-json\/wp\/v2\/users\/1"}],"replies":[{"embeddable":true,"href":"https:\/\/aide-diabete-guineebissau.ch\/pt-pt\/wp-json\/wp\/v2\/comments?post=30365"}],"version-history":[{"count":8,"href":"https:\/\/aide-diabete-guineebissau.ch\/pt-pt\/wp-json\/wp\/v2\/pages\/30365\/revisions"}],"predecessor-version":[{"id":31237,"href":"https:\/\/aide-diabete-guineebissau.ch\/pt-pt\/wp-json\/wp\/v2\/pages\/30365\/revisions\/31237"}],"wp:attachment":[{"href":"https:\/\/aide-diabete-guineebissau.ch\/pt-pt\/wp-json\/wp\/v2\/media?parent=30365"}],"curies":[{"name":"wp","href":"https:\/\/api.w.org\/{rel}","templated":true}]}}