{"id":30601,"date":"2023-05-03T17:23:33","date_gmt":"2023-05-03T15:23:33","guid":{"rendered":"https:\/\/aide-diabete-guineebissau.ch\/support-us-now\/"},"modified":"2023-05-28T21:40:36","modified_gmt":"2023-05-28T19:40:36","slug":"support-us-now","status":"publish","type":"page","link":"https:\/\/aide-diabete-guineebissau.ch\/en\/support-us-now\/","title":{"rendered":"Support us now"},"content":{"rendered":"\t\t<div data-elementor-type=\"wp-page\" data-elementor-id=\"30601\" class=\"elementor elementor-30601 elementor-30590\">\n\t\t\t\t\t\t<section class=\"elementor-section elementor-top-section elementor-element elementor-element-86b693a elementor-section-boxed elementor-section-height-default elementor-section-height-default\" data-id=\"86b693a\" data-element_type=\"section\">\n\t\t\t\t\t\t<div class=\"elementor-container elementor-column-gap-default\">\n\t\t\t\t\t<div class=\"elementor-column elementor-col-100 elementor-top-column elementor-element elementor-element-e77bfa7\" data-id=\"e77bfa7\" data-element_type=\"column\">\n\t\t\t<div class=\"elementor-widget-wrap elementor-element-populated\">\n\t\t\t\t\t\t<div class=\"elementor-element elementor-element-496682a elementor-widget elementor-widget-heading\" data-id=\"496682a\" data-element_type=\"widget\" data-widget_type=\"heading.default\">\n\t\t\t\t<div class=\"elementor-widget-container\">\n\t\t\t\t\t<h2 class=\"elementor-heading-title elementor-size-default\">By credit or debit card<\/h2>\t\t\t\t<\/div>\n\t\t\t\t<\/div>\n\t\t\t\t<div class=\"elementor-element elementor-element-9094828 elementor-widget elementor-widget-text-editor\" data-id=\"9094828\" data-element_type=\"widget\" data-widget_type=\"text-editor.default\">\n\t\t\t\t<div class=\"elementor-widget-container\">\n\t\t\t\t\t\t\t\t\t<p>Use PayPal or a credit card to make a donation<\/p>\n\t\t\t\t\t\t\t\t<\/div>\n\t\t\t\t<\/div>\n\t\t\t\t<div class=\"elementor-element elementor-element-38c68f0 elementor-widget elementor-widget-button\" data-id=\"38c68f0\" data-element_type=\"widget\" data-widget_type=\"button.default\">\n\t\t\t\t<div class=\"elementor-widget-container\">\n\t\t\t\t\t\t\t\t\t<div class=\"elementor-button-wrapper\">\n\t\t\t\t\t<a class=\"elementor-button elementor-button-link elementor-size-xl\" href=\"https:\/\/www.paypal.com\/donate\/?hosted_button_id=XGDYB7HLT7EVC\">\n\t\t\t\t\t\t<span class=\"elementor-button-content-wrapper\">\n\t\t\t\t\t\t\t\t\t<span class=\"elementor-button-text\">DONATE NOW<\/span>\n\t\t\t\t\t<\/span>\n\t\t\t\t\t<\/a>\n\t\t\t\t<\/div>\n\t\t\t\t\t\t\t\t<\/div>\n\t\t\t\t<\/div>\n\t\t\t\t\t<\/div>\n\t\t<\/div>\n\t\t\t\t\t<\/div>\n\t\t<\/section>\n\t\t\t\t<section class=\"elementor-section elementor-top-section elementor-element elementor-element-7eff263 elementor-section-boxed elementor-section-height-default elementor-section-height-default\" data-id=\"7eff263\" data-element_type=\"section\">\n\t\t\t\t\t\t<div class=\"elementor-container elementor-column-gap-default\">\n\t\t\t\t\t<div class=\"elementor-column elementor-col-100 elementor-top-column elementor-element elementor-element-1073ff9\" data-id=\"1073ff9\" data-element_type=\"column\">\n\t\t\t<div class=\"elementor-widget-wrap elementor-element-populated\">\n\t\t\t\t\t\t<div class=\"elementor-element elementor-element-6d69800 elementor-widget elementor-widget-heading\" data-id=\"6d69800\" data-element_type=\"widget\" data-widget_type=\"heading.default\">\n\t\t\t\t<div class=\"elementor-widget-container\">\n\t\t\t\t\t<h2 class=\"elementor-heading-title elementor-size-default\">By bank transfer<\/h2>\t\t\t\t<\/div>\n\t\t\t\t<\/div>\n\t\t\t\t<div class=\"elementor-element elementor-element-51c6585 elementor-widget elementor-widget-text-editor\" data-id=\"51c6585\" data-element_type=\"widget\" data-widget_type=\"text-editor.default\">\n\t\t\t\t<div class=\"elementor-widget-container\">\n\t\t\t\t\t\t\t\t\t<p class=\"p1\"><strong>PostFinance AG<\/strong><\/p><p class=\"p1\"><strong>IBAN<\/strong>: CH07 0900 0000 1467 3822 5<br \/><strong>BIC<\/strong>:<span class=\"Apple-converted-space\">\u00a0\u00a0<\/span>POFICHBEXXX<br \/><strong>Holder<\/strong>: Association Suisse Aide aux<span class=\"Apple-converted-space\">\u00a0\u00a0<\/span>Personnes Diab\u00e9tiques en Guin\u00e9e-Bissau<\/p>\t\t\t\t\t\t\t\t<\/div>\n\t\t\t\t<\/div>\n\t\t\t\t\t<\/div>\n\t\t<\/div>\n\t\t\t\t\t<\/div>\n\t\t<\/section>\n\t\t\t\t<section class=\"elementor-section elementor-top-section elementor-element elementor-element-c06b749 elementor-section-boxed elementor-section-height-default elementor-section-height-default\" data-id=\"c06b749\" data-element_type=\"section\">\n\t\t\t\t\t\t<div class=\"elementor-container elementor-column-gap-default\">\n\t\t\t\t\t<div class=\"elementor-column elementor-col-100 elementor-top-column elementor-element elementor-element-0b363ef\" data-id=\"0b363ef\" data-element_type=\"column\">\n\t\t\t<div class=\"elementor-widget-wrap elementor-element-populated\">\n\t\t\t\t\t\t<div class=\"elementor-element elementor-element-e4d0765 elementor-widget elementor-widget-heading\" data-id=\"e4d0765\" data-element_type=\"widget\" data-widget_type=\"heading.default\">\n\t\t\t\t<div class=\"elementor-widget-container\">\n\t\t\t\t\t<h2 class=\"elementor-heading-title elementor-size-default\">Through a shopping platform\n<\/h2>\t\t\t\t<\/div>\n\t\t\t\t<\/div>\n\t\t\t\t<div class=\"elementor-element elementor-element-f51f903 elementor-widget elementor-widget-text-editor\" data-id=\"f51f903\" data-element_type=\"widget\" data-widget_type=\"text-editor.default\">\n\t\t\t\t<div class=\"elementor-widget-container\">\n\t\t\t\t\t\t\t\t\t<p>Dear supporter,<\/p>\n<p>Pode agora ajudar os nossos projetos em curso e os futuros clicando neste link: <a href=\"https:\/\/shopdonation.ch\/\" target=\"_blank\" rel=\"noopener\">https:\/\/shopdonation.ch\/<\/a><\/p>\n<p>Through this system, a donation is made to AAPDGB each time you do your shopping online on your usual platforms (manor.ch, booking.com, zalando lounge, Manor, Media Markt, Conforama, etc\u2026).<\/p>\n<p>No additional costs, no extra time needed!<\/p>\n<p>Thank you for your support.<\/p>\n\t\t\t\t\t\t\t\t<\/div>\n\t\t\t\t<\/div>\n\t\t\t\t\t<\/div>\n\t\t<\/div>\n\t\t\t\t\t<\/div>\n\t\t<\/section>\n\t\t\t\t<\/div>\n\t\t","protected":false},"excerpt":{"rendered":"<p>By credit or debit card Use PayPal or a credit card to make a donation DONATE NOW By bank transfer PostFinance AG IBAN: CH07 0900 0000 1467 3822 5BIC:\u00a0\u00a0POFICHBEXXXHolder: Association [&hellip;]<\/p>\n","protected":false},"author":1,"featured_media":0,"parent":0,"menu_order":0,"comment_status":"closed","ping_status":"closed","template":"","meta":{"give_campaign_id":0,"footnotes":""},"class_list":["post-30601","page","type-page","status-publish","hentry"],"yoast_head":"<!-- This site is optimized with the Yoast SEO plugin v26.6 - https:\/\/yoast.com\/wordpress\/plugins\/seo\/ -->\n<title>Support us now - Association Suisse Aide aux Personnes Diab\u00e9tiques en Guin\u00e9e-Bissau<\/title>\n<meta name=\"robots\" content=\"index, follow, max-snippet:-1, max-image-preview:large, max-video-preview:-1\" \/>\n<link rel=\"canonical\" href=\"https:\/\/aide-diabete-guineebissau.ch\/en\/support-us-now\/\" \/>\n<meta property=\"og:locale\" content=\"en_US\" \/>\n<meta property=\"og:type\" content=\"article\" \/>\n<meta property=\"og:title\" content=\"Support us now - Association Suisse Aide aux Personnes Diab\u00e9tiques en Guin\u00e9e-Bissau\" \/>\n<meta property=\"og:description\" content=\"By credit or debit card Use PayPal or a credit card to make a donation DONATE NOW By bank transfer PostFinance AG IBAN: CH07 0900 0000 1467 3822 5BIC:\u00a0\u00a0POFICHBEXXXHolder: Association [&hellip;]\" \/>\n<meta property=\"og:url\" content=\"https:\/\/aide-diabete-guineebissau.ch\/en\/support-us-now\/\" \/>\n<meta property=\"og:site_name\" content=\"Association Suisse Aide aux Personnes Diab\u00e9tiques en Guin\u00e9e-Bissau\" \/>\n<meta property=\"article:modified_time\" content=\"2023-05-28T19:40:36+00:00\" \/>\n<meta name=\"twitter:card\" content=\"summary_large_image\" \/>\n<meta name=\"twitter:label1\" content=\"Est. reading time\" \/>\n\t<meta name=\"twitter:data1\" content=\"1 minute\" \/>\n<script type=\"application\/ld+json\" class=\"yoast-schema-graph\">{\"@context\":\"https:\/\/schema.org\",\"@graph\":[{\"@type\":\"WebPage\",\"@id\":\"https:\/\/aide-diabete-guineebissau.ch\/en\/support-us-now\/\",\"url\":\"https:\/\/aide-diabete-guineebissau.ch\/en\/support-us-now\/\",\"name\":\"Support us now - Association Suisse Aide aux Personnes Diab\u00e9tiques en Guin\u00e9e-Bissau\",\"isPartOf\":{\"@id\":\"https:\/\/aide-diabete-guineebissau.ch\/en\/#website\"},\"datePublished\":\"2023-05-03T15:23:33+00:00\",\"dateModified\":\"2023-05-28T19:40:36+00:00\",\"breadcrumb\":{\"@id\":\"https:\/\/aide-diabete-guineebissau.ch\/en\/support-us-now\/#breadcrumb\"},\"inLanguage\":\"en-US\",\"potentialAction\":[{\"@type\":\"ReadAction\",\"target\":[\"https:\/\/aide-diabete-guineebissau.ch\/en\/support-us-now\/\"]}]},{\"@type\":\"BreadcrumbList\",\"@id\":\"https:\/\/aide-diabete-guineebissau.ch\/en\/support-us-now\/#breadcrumb\",\"itemListElement\":[{\"@type\":\"ListItem\",\"position\":1,\"name\":\"Home\",\"item\":\"https:\/\/aide-diabete-guineebissau.ch\/en\/\"},{\"@type\":\"ListItem\",\"position\":2,\"name\":\"Support us now\"}]},{\"@type\":\"WebSite\",\"@id\":\"https:\/\/aide-diabete-guineebissau.ch\/en\/#website\",\"url\":\"https:\/\/aide-diabete-guineebissau.ch\/en\/\",\"name\":\"Association Suisse Aide aux Personnes Diab\u00e9tiques en Guin\u00e9e-Bissau\",\"description\":\"Sensibilisation, pr\u00e9vention, d\u00e9pistage des diff\u00e9rents types de diab\u00e8te\",\"potentialAction\":[{\"@type\":\"SearchAction\",\"target\":{\"@type\":\"EntryPoint\",\"urlTemplate\":\"https:\/\/aide-diabete-guineebissau.ch\/en\/?s={search_term_string}\"},\"query-input\":{\"@type\":\"PropertyValueSpecification\",\"valueRequired\":true,\"valueName\":\"search_term_string\"}}],\"inLanguage\":\"en-US\"}]}<\/script>\n<!-- \/ Yoast SEO plugin. -->","yoast_head_json":{"title":"Support us now - Association Suisse Aide aux Personnes Diab\u00e9tiques en Guin\u00e9e-Bissau","robots":{"index":"index","follow":"follow","max-snippet":"max-snippet:-1","max-image-preview":"max-image-preview:large","max-video-preview":"max-video-preview:-1"},"canonical":"https:\/\/aide-diabete-guineebissau.ch\/en\/support-us-now\/","og_locale":"en_US","og_type":"article","og_title":"Support us now - Association Suisse Aide aux Personnes Diab\u00e9tiques en Guin\u00e9e-Bissau","og_description":"By credit or debit card Use PayPal or a credit card to make a donation DONATE NOW By bank transfer PostFinance AG IBAN: CH07 0900 0000 1467 3822 5BIC:\u00a0\u00a0POFICHBEXXXHolder: Association [&hellip;]","og_url":"https:\/\/aide-diabete-guineebissau.ch\/en\/support-us-now\/","og_site_name":"Association Suisse Aide aux Personnes Diab\u00e9tiques en Guin\u00e9e-Bissau","article_modified_time":"2023-05-28T19:40:36+00:00","twitter_card":"summary_large_image","twitter_misc":{"Est. reading time":"1 minute"},"schema":{"@context":"https:\/\/schema.org","@graph":[{"@type":"WebPage","@id":"https:\/\/aide-diabete-guineebissau.ch\/en\/support-us-now\/","url":"https:\/\/aide-diabete-guineebissau.ch\/en\/support-us-now\/","name":"Support us now - Association Suisse Aide aux Personnes Diab\u00e9tiques en Guin\u00e9e-Bissau","isPartOf":{"@id":"https:\/\/aide-diabete-guineebissau.ch\/en\/#website"},"datePublished":"2023-05-03T15:23:33+00:00","dateModified":"2023-05-28T19:40:36+00:00","breadcrumb":{"@id":"https:\/\/aide-diabete-guineebissau.ch\/en\/support-us-now\/#breadcrumb"},"inLanguage":"en-US","potentialAction":[{"@type":"ReadAction","target":["https:\/\/aide-diabete-guineebissau.ch\/en\/support-us-now\/"]}]},{"@type":"BreadcrumbList","@id":"https:\/\/aide-diabete-guineebissau.ch\/en\/support-us-now\/#breadcrumb","itemListElement":[{"@type":"ListItem","position":1,"name":"Home","item":"https:\/\/aide-diabete-guineebissau.ch\/en\/"},{"@type":"ListItem","position":2,"name":"Support us now"}]},{"@type":"WebSite","@id":"https:\/\/aide-diabete-guineebissau.ch\/en\/#website","url":"https:\/\/aide-diabete-guineebissau.ch\/en\/","name":"Association Suisse Aide aux Personnes Diab\u00e9tiques en Guin\u00e9e-Bissau","description":"Sensibilisation, pr\u00e9vention, d\u00e9pistage des diff\u00e9rents types de diab\u00e8te","potentialAction":[{"@type":"SearchAction","target":{"@type":"EntryPoint","urlTemplate":"https:\/\/aide-diabete-guineebissau.ch\/en\/?s={search_term_string}"},"query-input":{"@type":"PropertyValueSpecification","valueRequired":true,"valueName":"search_term_string"}}],"inLanguage":"en-US"}]}},"campaignId":"","_links":{"self":[{"href":"https:\/\/aide-diabete-guineebissau.ch\/en\/wp-json\/wp\/v2\/pages\/30601","targetHints":{"allow":["GET"]}}],"collection":[{"href":"https:\/\/aide-diabete-guineebissau.ch\/en\/wp-json\/wp\/v2\/pages"}],"about":[{"href":"https:\/\/aide-diabete-guineebissau.ch\/en\/wp-json\/wp\/v2\/types\/page"}],"author":[{"embeddable":true,"href":"https:\/\/aide-diabete-guineebissau.ch\/en\/wp-json\/wp\/v2\/users\/1"}],"replies":[{"embeddable":true,"href":"https:\/\/aide-diabete-guineebissau.ch\/en\/wp-json\/wp\/v2\/comments?post=30601"}],"version-history":[{"count":11,"href":"https:\/\/aide-diabete-guineebissau.ch\/en\/wp-json\/wp\/v2\/pages\/30601\/revisions"}],"predecessor-version":[{"id":31020,"href":"https:\/\/aide-diabete-guineebissau.ch\/en\/wp-json\/wp\/v2\/pages\/30601\/revisions\/31020"}],"wp:attachment":[{"href":"https:\/\/aide-diabete-guineebissau.ch\/en\/wp-json\/wp\/v2\/media?parent=30601"}],"curies":[{"name":"wp","href":"https:\/\/api.w.org\/{rel}","templated":true}]}}