{"id":30327,"date":"2023-01-08T15:26:06","date_gmt":"2023-01-08T14:26:06","guid":{"rendered":"https:\/\/aide-diabete-guineebissau.ch\/prevention\/"},"modified":"2023-05-28T11:09:11","modified_gmt":"2023-05-28T09:09:11","slug":"prevention","status":"publish","type":"page","link":"https:\/\/aide-diabete-guineebissau.ch\/en\/prevention\/","title":{"rendered":"Prevention"},"content":{"rendered":"\t\t<div data-elementor-type=\"wp-page\" data-elementor-id=\"30327\" class=\"elementor elementor-30327 elementor-29599\">\n\t\t\t\t\t\t<section class=\"elementor-section elementor-top-section elementor-element elementor-element-a2abf68 elementor-section-boxed elementor-section-height-default elementor-section-height-default\" data-id=\"a2abf68\" data-element_type=\"section\" data-settings=\"{&quot;background_background&quot;:&quot;slideshow&quot;,&quot;background_slideshow_gallery&quot;:[{&quot;id&quot;:29403,&quot;url&quot;:&quot;https:\\\/\\\/aide-diabete-guineebissau.ch\\\/wp-content\\\/uploads\\\/2023\\\/01\\\/head.jpg&quot;},{&quot;id&quot;:29406,&quot;url&quot;:&quot;https:\\\/\\\/aide-diabete-guineebissau.ch\\\/wp-content\\\/uploads\\\/2023\\\/01\\\/head_02.jpg&quot;}],&quot;background_slideshow_ken_burns&quot;:&quot;yes&quot;,&quot;background_slideshow_loop&quot;:&quot;yes&quot;,&quot;background_slideshow_slide_duration&quot;:5000,&quot;background_slideshow_slide_transition&quot;:&quot;fade&quot;,&quot;background_slideshow_transition_duration&quot;:500,&quot;background_slideshow_ken_burns_zoom_direction&quot;:&quot;in&quot;}\">\n\t\t\t\t\t\t<div class=\"elementor-container elementor-column-gap-default\">\n\t\t\t\t\t<div class=\"elementor-column elementor-col-100 elementor-top-column elementor-element elementor-element-7260d10\" data-id=\"7260d10\" data-element_type=\"column\">\n\t\t\t<div class=\"elementor-widget-wrap elementor-element-populated\">\n\t\t\t\t\t\t<div class=\"elementor-element elementor-element-3f38b9d elementor-widget elementor-widget-gva-heading-block\" data-id=\"3f38b9d\" data-element_type=\"widget\" data-widget_type=\"gva-heading-block.default\">\n\t\t\t\t<div class=\"elementor-widget-container\">\n\t\t\t\t\t<div class=\"gva-element-gva-heading-block gva-element\">   <div class=\"align-left style-1 widget gsc-heading box-align-left auto-responsive\">\r\n      <div class=\"content-inner\">\r\n         \r\n                  \r\n           \r\n         \r\n                     <h2 class=\"title\">\r\n               <span>Prevention<\/span>\r\n            <\/h2>\r\n                  \r\n                     <div class=\"title-desc\">We work on awareness, prevention, screening<\/div>\r\n         \r\n         \r\n      <\/div>\r\n   <\/div>\r\n<\/div>\t\t\t\t<\/div>\n\t\t\t\t<\/div>\n\t\t\t\t\t<\/div>\n\t\t<\/div>\n\t\t\t\t\t<\/div>\n\t\t<\/section>\n\t\t\t\t<section class=\"elementor-section elementor-top-section elementor-element elementor-element-fc63a2c elementor-section-boxed elementor-section-height-default elementor-section-height-default\" data-id=\"fc63a2c\" data-element_type=\"section\" data-settings=\"{&quot;background_background&quot;:&quot;classic&quot;}\">\n\t\t\t\t\t\t<div class=\"elementor-container elementor-column-gap-default\">\n\t\t\t\t\t<div class=\"elementor-column elementor-col-50 elementor-top-column elementor-element elementor-element-6b967f0\" data-id=\"6b967f0\" data-element_type=\"column\">\n\t\t\t<div class=\"elementor-widget-wrap elementor-element-populated\">\n\t\t\t\t\t\t<div class=\"elementor-element elementor-element-84f1f53 elementor-widget elementor-widget-gva-heading-block\" data-id=\"84f1f53\" data-element_type=\"widget\" data-settings=\"{&quot;_animation&quot;:&quot;none&quot;}\" data-widget_type=\"gva-heading-block.default\">\n\t\t\t\t<div class=\"elementor-widget-container\">\n\t\t\t\t\t<div class=\"gva-element-gva-heading-block gva-element\">   <div class=\"align-left style-1 widget gsc-heading box-align-left auto-responsive\">\r\n      <div class=\"content-inner\">\r\n         \r\n                  \r\n         <div class=\"sub-title\"><span class=\"tagline\">Le diab\u00e8te<\/span><\/div>  \r\n         \r\n                     <h2 class=\"title\">\r\n               <span>Type 1 diabetes<\/span>\r\n            <\/h2>\r\n                  \r\n         \r\n         \r\n      <\/div>\r\n   <\/div>\r\n<\/div>\t\t\t\t<\/div>\n\t\t\t\t<\/div>\n\t\t\t\t<div class=\"elementor-element elementor-element-078aaa5 elementor-widget elementor-widget-text-editor\" data-id=\"078aaa5\" data-element_type=\"widget\" data-widget_type=\"text-editor.default\">\n\t\t\t\t<div class=\"elementor-widget-container\">\n\t\t\t\t\t\t\t\t\t<p>Currently, type 1 diabetes cannot be prevented. The environmental triggers thought to initiate the process that results in the destruction of the body&#8217;s insulin-producing cells are still under investigation.<\/p>\n\t\t\t\t\t\t\t\t<\/div>\n\t\t\t\t<\/div>\n\t\t\t\t\t<\/div>\n\t\t<\/div>\n\t\t\t\t<div class=\"elementor-column elementor-col-50 elementor-top-column elementor-element elementor-element-23654d0\" data-id=\"23654d0\" data-element_type=\"column\">\n\t\t\t<div class=\"elementor-widget-wrap elementor-element-populated\">\n\t\t\t\t\t\t<div class=\"elementor-element elementor-element-1225edb elementor-widget elementor-widget-gva-heading-block\" data-id=\"1225edb\" data-element_type=\"widget\" data-settings=\"{&quot;_animation&quot;:&quot;none&quot;}\" data-widget_type=\"gva-heading-block.default\">\n\t\t\t\t<div class=\"elementor-widget-container\">\n\t\t\t\t\t<div class=\"gva-element-gva-heading-block gva-element\">   <div class=\"align-left style-1 widget gsc-heading box-align-left auto-responsive\">\r\n      <div class=\"content-inner\">\r\n         \r\n                  \r\n         <div class=\"sub-title\"><span class=\"tagline\">Le diab\u00e8te<\/span><\/div>  \r\n         \r\n                     <h2 class=\"title\">\r\n               <span>Type 2 diabetes<\/span>\r\n            <\/h2>\r\n                  \r\n         \r\n         \r\n      <\/div>\r\n   <\/div>\r\n<\/div>\t\t\t\t<\/div>\n\t\t\t\t<\/div>\n\t\t\t\t<div class=\"elementor-element elementor-element-8b78ef4 elementor-widget elementor-widget-text-editor\" data-id=\"8b78ef4\" data-element_type=\"widget\" data-widget_type=\"text-editor.default\">\n\t\t\t\t<div class=\"elementor-widget-container\">\n\t\t\t\t\t\t\t\t\t<p>Although there are several factors that influence the development of type 2 diabetes, it is evident that the most influential are the lifestyle behaviours commonly associated with urbanization. Modern lifestyles are characterized by physical inactivity, long periods of sedentary life and unhealthy foods consumption. Studies from different regions of the world have established that lifestyle modification with physical activity and\/or healthy diet can delay or prevent the onset of type 2 diabetes. Physical activity at least 3 to 5 days a week, for at least 30 to 45 minutes, is highly recommended. Adopting a life-course perspective is key to preventing type 2 diabetes and its complications. Early in life, when dietary and physical activity patterns are established and long-term regulation of energy balance can be programmed, there is an especially critical window to prevent the development of overweight and reduce the risk of developing type 2 diabetes.<\/p>\n<p>Source: International Diabetes Federation <br \/><a href=\"https:\/\/www.idf.org\/aboutdiabetes\/prevention.html\" target=\"_blank\" rel=\"noopener\">Prevention (idf.org)<\/a><\/p>\n\t\t\t\t\t\t\t\t<\/div>\n\t\t\t\t<\/div>\n\t\t\t\t\t<\/div>\n\t\t<\/div>\n\t\t\t\t\t<\/div>\n\t\t<\/section>\n\t\t\t\t<\/div>\n\t\t","protected":false},"excerpt":{"rendered":"<p>Prevention We work on awareness, prevention, screening Le diab\u00e8te Type 1 diabetes Currently, type 1 diabetes cannot be prevented. The environmental triggers thought to initiate the process that results in [&hellip;]<\/p>\n","protected":false},"author":1,"featured_media":0,"parent":0,"menu_order":0,"comment_status":"closed","ping_status":"closed","template":"","meta":{"give_campaign_id":0,"footnotes":""},"class_list":["post-30327","page","type-page","status-publish","hentry"],"yoast_head":"<!-- This site is optimized with the Yoast SEO plugin v26.6 - https:\/\/yoast.com\/wordpress\/plugins\/seo\/ -->\n<title>AAPDGB I Diabetes I Prevention<\/title>\n<meta name=\"description\" content=\"Healthy choices can be encouraged in specific settings and contribute to better health for all.\" \/>\n<meta name=\"robots\" content=\"index, follow, max-snippet:-1, max-image-preview:large, max-video-preview:-1\" \/>\n<link rel=\"canonical\" href=\"https:\/\/aide-diabete-guineebissau.ch\/en\/prevention\/\" \/>\n<meta property=\"og:locale\" content=\"en_US\" \/>\n<meta property=\"og:type\" content=\"article\" \/>\n<meta property=\"og:title\" content=\"AAPDGB I Diabetes I Prevention\" \/>\n<meta property=\"og:description\" content=\"Healthy choices can be encouraged in specific settings and contribute to better health for all.\" \/>\n<meta property=\"og:url\" content=\"https:\/\/aide-diabete-guineebissau.ch\/en\/prevention\/\" \/>\n<meta property=\"og:site_name\" content=\"Association Suisse Aide aux Personnes Diab\u00e9tiques en Guin\u00e9e-Bissau\" \/>\n<meta property=\"article:modified_time\" content=\"2023-05-28T09:09:11+00:00\" \/>\n<meta name=\"twitter:card\" content=\"summary_large_image\" \/>\n<meta name=\"twitter:label1\" content=\"Est. reading time\" \/>\n\t<meta name=\"twitter:data1\" content=\"1 minute\" \/>\n<script type=\"application\/ld+json\" class=\"yoast-schema-graph\">{\"@context\":\"https:\/\/schema.org\",\"@graph\":[{\"@type\":\"WebPage\",\"@id\":\"https:\/\/aide-diabete-guineebissau.ch\/en\/prevention\/\",\"url\":\"https:\/\/aide-diabete-guineebissau.ch\/en\/prevention\/\",\"name\":\"AAPDGB I Diabetes I Prevention\",\"isPartOf\":{\"@id\":\"https:\/\/aide-diabete-guineebissau.ch\/en\/#website\"},\"datePublished\":\"2023-01-08T14:26:06+00:00\",\"dateModified\":\"2023-05-28T09:09:11+00:00\",\"description\":\"Healthy choices can be encouraged in specific settings and contribute to better health for all.\",\"breadcrumb\":{\"@id\":\"https:\/\/aide-diabete-guineebissau.ch\/en\/prevention\/#breadcrumb\"},\"inLanguage\":\"en-US\",\"potentialAction\":[{\"@type\":\"ReadAction\",\"target\":[\"https:\/\/aide-diabete-guineebissau.ch\/en\/prevention\/\"]}]},{\"@type\":\"BreadcrumbList\",\"@id\":\"https:\/\/aide-diabete-guineebissau.ch\/en\/prevention\/#breadcrumb\",\"itemListElement\":[{\"@type\":\"ListItem\",\"position\":1,\"name\":\"Home\",\"item\":\"https:\/\/aide-diabete-guineebissau.ch\/en\/\"},{\"@type\":\"ListItem\",\"position\":2,\"name\":\"Prevention\"}]},{\"@type\":\"WebSite\",\"@id\":\"https:\/\/aide-diabete-guineebissau.ch\/en\/#website\",\"url\":\"https:\/\/aide-diabete-guineebissau.ch\/en\/\",\"name\":\"Association Suisse Aide aux Personnes Diab\u00e9tiques en Guin\u00e9e-Bissau\",\"description\":\"Sensibilisation, pr\u00e9vention, d\u00e9pistage des diff\u00e9rents types de diab\u00e8te\",\"potentialAction\":[{\"@type\":\"SearchAction\",\"target\":{\"@type\":\"EntryPoint\",\"urlTemplate\":\"https:\/\/aide-diabete-guineebissau.ch\/en\/?s={search_term_string}\"},\"query-input\":{\"@type\":\"PropertyValueSpecification\",\"valueRequired\":true,\"valueName\":\"search_term_string\"}}],\"inLanguage\":\"en-US\"}]}<\/script>\n<!-- \/ Yoast SEO plugin. -->","yoast_head_json":{"title":"AAPDGB I Diabetes I Prevention","description":"Healthy choices can be encouraged in specific settings and contribute to better health for all.","robots":{"index":"index","follow":"follow","max-snippet":"max-snippet:-1","max-image-preview":"max-image-preview:large","max-video-preview":"max-video-preview:-1"},"canonical":"https:\/\/aide-diabete-guineebissau.ch\/en\/prevention\/","og_locale":"en_US","og_type":"article","og_title":"AAPDGB I Diabetes I Prevention","og_description":"Healthy choices can be encouraged in specific settings and contribute to better health for all.","og_url":"https:\/\/aide-diabete-guineebissau.ch\/en\/prevention\/","og_site_name":"Association Suisse Aide aux Personnes Diab\u00e9tiques en Guin\u00e9e-Bissau","article_modified_time":"2023-05-28T09:09:11+00:00","twitter_card":"summary_large_image","twitter_misc":{"Est. reading time":"1 minute"},"schema":{"@context":"https:\/\/schema.org","@graph":[{"@type":"WebPage","@id":"https:\/\/aide-diabete-guineebissau.ch\/en\/prevention\/","url":"https:\/\/aide-diabete-guineebissau.ch\/en\/prevention\/","name":"AAPDGB I Diabetes I Prevention","isPartOf":{"@id":"https:\/\/aide-diabete-guineebissau.ch\/en\/#website"},"datePublished":"2023-01-08T14:26:06+00:00","dateModified":"2023-05-28T09:09:11+00:00","description":"Healthy choices can be encouraged in specific settings and contribute to better health for all.","breadcrumb":{"@id":"https:\/\/aide-diabete-guineebissau.ch\/en\/prevention\/#breadcrumb"},"inLanguage":"en-US","potentialAction":[{"@type":"ReadAction","target":["https:\/\/aide-diabete-guineebissau.ch\/en\/prevention\/"]}]},{"@type":"BreadcrumbList","@id":"https:\/\/aide-diabete-guineebissau.ch\/en\/prevention\/#breadcrumb","itemListElement":[{"@type":"ListItem","position":1,"name":"Home","item":"https:\/\/aide-diabete-guineebissau.ch\/en\/"},{"@type":"ListItem","position":2,"name":"Prevention"}]},{"@type":"WebSite","@id":"https:\/\/aide-diabete-guineebissau.ch\/en\/#website","url":"https:\/\/aide-diabete-guineebissau.ch\/en\/","name":"Association Suisse Aide aux Personnes Diab\u00e9tiques en Guin\u00e9e-Bissau","description":"Sensibilisation, pr\u00e9vention, d\u00e9pistage des diff\u00e9rents types de diab\u00e8te","potentialAction":[{"@type":"SearchAction","target":{"@type":"EntryPoint","urlTemplate":"https:\/\/aide-diabete-guineebissau.ch\/en\/?s={search_term_string}"},"query-input":{"@type":"PropertyValueSpecification","valueRequired":true,"valueName":"search_term_string"}}],"inLanguage":"en-US"}]}},"campaignId":"","_links":{"self":[{"href":"https:\/\/aide-diabete-guineebissau.ch\/en\/wp-json\/wp\/v2\/pages\/30327","targetHints":{"allow":["GET"]}}],"collection":[{"href":"https:\/\/aide-diabete-guineebissau.ch\/en\/wp-json\/wp\/v2\/pages"}],"about":[{"href":"https:\/\/aide-diabete-guineebissau.ch\/en\/wp-json\/wp\/v2\/types\/page"}],"author":[{"embeddable":true,"href":"https:\/\/aide-diabete-guineebissau.ch\/en\/wp-json\/wp\/v2\/users\/1"}],"replies":[{"embeddable":true,"href":"https:\/\/aide-diabete-guineebissau.ch\/en\/wp-json\/wp\/v2\/comments?post=30327"}],"version-history":[{"count":8,"href":"https:\/\/aide-diabete-guineebissau.ch\/en\/wp-json\/wp\/v2\/pages\/30327\/revisions"}],"predecessor-version":[{"id":31008,"href":"https:\/\/aide-diabete-guineebissau.ch\/en\/wp-json\/wp\/v2\/pages\/30327\/revisions\/31008"}],"wp:attachment":[{"href":"https:\/\/aide-diabete-guineebissau.ch\/en\/wp-json\/wp\/v2\/media?parent=30327"}],"curies":[{"name":"wp","href":"https:\/\/api.w.org\/{rel}","templated":true}]}}