{"id":30248,"date":"2023-02-10T11:24:52","date_gmt":"2023-02-10T10:24:52","guid":{"rendered":"https:\/\/aide-diabete-guineebissau.ch\/provision-of-medical-supply\/"},"modified":"2023-06-09T12:54:24","modified_gmt":"2023-06-09T10:54:24","slug":"provision-of-medical-supply","status":"publish","type":"page","link":"https:\/\/aide-diabete-guineebissau.ch\/en\/provision-of-medical-supply\/","title":{"rendered":"Provision of medical supply"},"content":{"rendered":"\t\t<div data-elementor-type=\"wp-page\" data-elementor-id=\"30248\" class=\"elementor elementor-30248 elementor-29816\">\n\t\t\t\t\t\t<section class=\"elementor-section elementor-top-section elementor-element elementor-element-a2abf68 elementor-section-boxed elementor-section-height-default elementor-section-height-default\" data-id=\"a2abf68\" data-element_type=\"section\" data-settings=\"{&quot;background_background&quot;:&quot;slideshow&quot;,&quot;background_slideshow_gallery&quot;:[{&quot;id&quot;:29403,&quot;url&quot;:&quot;https:\\\/\\\/aide-diabete-guineebissau.ch\\\/wp-content\\\/uploads\\\/2023\\\/01\\\/head.jpg&quot;},{&quot;id&quot;:29406,&quot;url&quot;:&quot;https:\\\/\\\/aide-diabete-guineebissau.ch\\\/wp-content\\\/uploads\\\/2023\\\/01\\\/head_02.jpg&quot;}],&quot;background_slideshow_ken_burns&quot;:&quot;yes&quot;,&quot;background_slideshow_loop&quot;:&quot;yes&quot;,&quot;background_slideshow_slide_duration&quot;:5000,&quot;background_slideshow_slide_transition&quot;:&quot;fade&quot;,&quot;background_slideshow_transition_duration&quot;:500,&quot;background_slideshow_ken_burns_zoom_direction&quot;:&quot;in&quot;}\">\n\t\t\t\t\t\t<div class=\"elementor-container elementor-column-gap-default\">\n\t\t\t\t\t<div class=\"elementor-column elementor-col-100 elementor-top-column elementor-element elementor-element-7260d10\" data-id=\"7260d10\" data-element_type=\"column\">\n\t\t\t<div class=\"elementor-widget-wrap elementor-element-populated\">\n\t\t\t\t\t\t<div class=\"elementor-element elementor-element-3f38b9d elementor-widget elementor-widget-gva-heading-block\" data-id=\"3f38b9d\" data-element_type=\"widget\" data-widget_type=\"gva-heading-block.default\">\n\t\t\t\t<div class=\"elementor-widget-container\">\n\t\t\t\t\t<div class=\"gva-element-gva-heading-block gva-element\">   <div class=\"align-left style-1 widget gsc-heading box-align-left auto-responsive\">\r\n      <div class=\"content-inner\">\r\n         \r\n                  \r\n           \r\n         \r\n                     <h2 class=\"title\">\r\n               <span>Supply of medical equipment<\/span>\r\n            <\/h2>\r\n                  \r\n                     <div class=\"title-desc\">We work on awareness, prevention, screening<\/div>\r\n         \r\n         \r\n      <\/div>\r\n   <\/div>\r\n<\/div>\t\t\t\t<\/div>\n\t\t\t\t<\/div>\n\t\t\t\t\t<\/div>\n\t\t<\/div>\n\t\t\t\t\t<\/div>\n\t\t<\/section>\n\t\t\t\t<section class=\"elementor-section elementor-top-section elementor-element elementor-element-fc63a2c elementor-section-boxed elementor-section-height-default elementor-section-height-default\" data-id=\"fc63a2c\" data-element_type=\"section\" data-settings=\"{&quot;background_background&quot;:&quot;classic&quot;}\">\n\t\t\t\t\t\t<div class=\"elementor-container elementor-column-gap-default\">\n\t\t\t\t\t<div class=\"elementor-column elementor-col-50 elementor-top-column elementor-element elementor-element-6b967f0\" data-id=\"6b967f0\" data-element_type=\"column\">\n\t\t\t<div class=\"elementor-widget-wrap elementor-element-populated\">\n\t\t\t\t\t\t<div class=\"elementor-element elementor-element-078aaa5 elementor-widget elementor-widget-text-editor\" data-id=\"078aaa5\" data-element_type=\"widget\" data-widget_type=\"text-editor.default\">\n\t\t\t\t<div class=\"elementor-widget-container\">\n\t\t\t\t\t\t\t\t\t<p>To cover the needs of diabetic patients and to enable specialist support, AAPDGB regularly ships medications and medical equipment from Switzerland and Portugal to Guinea-Bissau.<\/p>\n<p>On site, these products are received by our local partners, such as ASLUCODIABETES-GB, and then distributed to people.<\/p>\n<p>Saluspharma, another of our trusted partners in Guinea-Bissau, imports and distributes drugs. Mr David Salus, owner of Saluspharma regularly supports us with donations of supplies.<\/p>\n\t\t\t\t\t\t\t\t<\/div>\n\t\t\t\t<\/div>\n\t\t\t\t\t<\/div>\n\t\t<\/div>\n\t\t\t\t<div class=\"elementor-column elementor-col-50 elementor-top-column elementor-element elementor-element-aa328ab\" data-id=\"aa328ab\" data-element_type=\"column\">\n\t\t\t<div class=\"elementor-widget-wrap elementor-element-populated\">\n\t\t\t\t\t\t<div class=\"elementor-element elementor-element-039f090 elementor-widget elementor-widget-gva-image-content\" data-id=\"039f090\" data-element_type=\"widget\" data-widget_type=\"gva-image-content.default\">\n\t\t\t\t<div class=\"elementor-widget-container\">\n\t\t\t\t\t<div class=\"gva-element-gva-image-content gva-element\">\t\t\r\n\t\t\t<div class=\"gsc-image-content skin-v1\">\r\n\t\t  \t<div class=\"box-content\">\r\n\t\t\t \t<div class=\"image\"><img fetchpriority=\"high\" decoding=\"async\" width=\"680\" height=\"1008\" src=\"https:\/\/aide-diabete-guineebissau.ch\/wp-content\/uploads\/2023\/05\/1-2.jpg\" class=\"attachment-full size-full wp-image-30814\" alt=\"\" srcset=\"https:\/\/aide-diabete-guineebissau.ch\/wp-content\/uploads\/2023\/05\/1-2.jpg 680w, https:\/\/aide-diabete-guineebissau.ch\/wp-content\/uploads\/2023\/05\/1-2-600x889.jpg 600w\" sizes=\"(max-width: 680px) 100vw, 680px\" \/><span class=\"shape-1\"><\/span><span class=\"shape-2\"><\/span><span class=\"shape-3\"><\/span><span class=\"shape-4\"><\/span><\/div>\t\t\t<\/div> \t\r\n\r\n\t\t\t\t\t  <a href=\"#\" class=\"link-overlay\"><\/a>\r\n\t\t  \t\t<\/div>\r\n\t  \r\n\t \r\n\r\n\t \r\n\r\n\t\r\n \r\n  \r\n <\/div>\t\t\t\t<\/div>\n\t\t\t\t<\/div>\n\t\t\t\t\t<\/div>\n\t\t<\/div>\n\t\t\t\t\t<\/div>\n\t\t<\/section>\n\t\t\t\t<section class=\"elementor-section elementor-top-section elementor-element elementor-element-c7e8fba elementor-section-boxed elementor-section-height-default elementor-section-height-default\" data-id=\"c7e8fba\" data-element_type=\"section\">\n\t\t\t\t\t\t<div class=\"elementor-container elementor-column-gap-default\">\n\t\t\t\t\t<div class=\"elementor-column elementor-col-100 elementor-top-column elementor-element elementor-element-46b2e8f\" data-id=\"46b2e8f\" data-element_type=\"column\">\n\t\t\t<div class=\"elementor-widget-wrap elementor-element-populated\">\n\t\t\t\t\t\t<section class=\"elementor-section elementor-inner-section elementor-element elementor-element-0067ef0 elementor-section-boxed elementor-section-height-default elementor-section-height-default\" data-id=\"0067ef0\" data-element_type=\"section\">\n\t\t\t\t\t\t<div class=\"elementor-container elementor-column-gap-default\">\n\t\t\t\t\t<div class=\"elementor-column elementor-col-50 elementor-inner-column elementor-element elementor-element-213154c\" data-id=\"213154c\" data-element_type=\"column\">\n\t\t\t<div class=\"elementor-widget-wrap elementor-element-populated\">\n\t\t\t\t\t\t<div class=\"elementor-element elementor-element-50dfd6e elementor-widget elementor-widget-image\" data-id=\"50dfd6e\" data-element_type=\"widget\" data-widget_type=\"image.default\">\n\t\t\t\t<div class=\"elementor-widget-container\">\n\t\t\t\t\t\t\t\t\t\t\t\t\t\t\t<img decoding=\"async\" width=\"688\" height=\"696\" src=\"https:\/\/aide-diabete-guineebissau.ch\/wp-content\/uploads\/2023\/06\/1-3.jpg\" class=\"attachment-large size-large wp-image-31172\" alt=\"\" srcset=\"https:\/\/aide-diabete-guineebissau.ch\/wp-content\/uploads\/2023\/06\/1-3.jpg 688w, https:\/\/aide-diabete-guineebissau.ch\/wp-content\/uploads\/2023\/06\/1-3-600x607.jpg 600w\" sizes=\"(max-width: 688px) 100vw, 688px\" \/>\t\t\t\t\t\t\t\t\t\t\t\t\t\t\t<\/div>\n\t\t\t\t<\/div>\n\t\t\t\t\t<\/div>\n\t\t<\/div>\n\t\t\t\t<div class=\"elementor-column elementor-col-50 elementor-inner-column elementor-element elementor-element-60003e2\" data-id=\"60003e2\" data-element_type=\"column\">\n\t\t\t<div class=\"elementor-widget-wrap elementor-element-populated\">\n\t\t\t\t\t\t<div class=\"elementor-element elementor-element-df67a3d elementor-widget elementor-widget-image\" data-id=\"df67a3d\" data-element_type=\"widget\" data-widget_type=\"image.default\">\n\t\t\t\t<div class=\"elementor-widget-container\">\n\t\t\t\t\t\t\t\t\t\t\t\t\t\t\t<img decoding=\"async\" width=\"688\" height=\"696\" src=\"https:\/\/aide-diabete-guineebissau.ch\/wp-content\/uploads\/2023\/06\/2-2.jpg\" class=\"attachment-large size-large wp-image-31175\" alt=\"\" srcset=\"https:\/\/aide-diabete-guineebissau.ch\/wp-content\/uploads\/2023\/06\/2-2.jpg 688w, https:\/\/aide-diabete-guineebissau.ch\/wp-content\/uploads\/2023\/06\/2-2-600x607.jpg 600w\" sizes=\"(max-width: 688px) 100vw, 688px\" \/>\t\t\t\t\t\t\t\t\t\t\t\t\t\t\t<\/div>\n\t\t\t\t<\/div>\n\t\t\t\t\t<\/div>\n\t\t<\/div>\n\t\t\t\t\t<\/div>\n\t\t<\/section>\n\t\t\t\t\t<\/div>\n\t\t<\/div>\n\t\t\t\t\t<\/div>\n\t\t<\/section>\n\t\t\t\t<\/div>\n\t\t","protected":false},"excerpt":{"rendered":"<p>Supply of medical equipment We work on awareness, prevention, screening To cover the needs of diabetic patients and to enable specialist support, AAPDGB regularly ships medications and medical equipment from [&hellip;]<\/p>\n","protected":false},"author":1,"featured_media":0,"parent":0,"menu_order":0,"comment_status":"closed","ping_status":"closed","template":"","meta":{"give_campaign_id":0,"footnotes":""},"class_list":["post-30248","page","type-page","status-publish","hentry"],"yoast_head":"<!-- This site is optimized with the Yoast SEO plugin v26.6 - https:\/\/yoast.com\/wordpress\/plugins\/seo\/ -->\n<title>AAPDGB I Our Projects I Provision of medical supply<\/title>\n<meta name=\"description\" content=\"AAPDGB regularly sends medicines and medical equipment from Switzerland and Portugal to Guinea-Bissau. Learn more.\" \/>\n<meta name=\"robots\" content=\"index, follow, max-snippet:-1, max-image-preview:large, max-video-preview:-1\" \/>\n<link rel=\"canonical\" href=\"https:\/\/aide-diabete-guineebissau.ch\/en\/provision-of-medical-supply\/\" \/>\n<meta property=\"og:locale\" content=\"en_US\" \/>\n<meta property=\"og:type\" content=\"article\" \/>\n<meta property=\"og:title\" content=\"AAPDGB I Our Projects I Provision of medical supply\" \/>\n<meta property=\"og:description\" content=\"AAPDGB regularly sends medicines and medical equipment from Switzerland and Portugal to Guinea-Bissau. Learn more.\" \/>\n<meta property=\"og:url\" content=\"https:\/\/aide-diabete-guineebissau.ch\/en\/provision-of-medical-supply\/\" \/>\n<meta property=\"og:site_name\" content=\"Association Suisse Aide aux Personnes Diab\u00e9tiques en Guin\u00e9e-Bissau\" \/>\n<meta property=\"article:modified_time\" content=\"2023-06-09T10:54:24+00:00\" \/>\n<meta property=\"og:image\" content=\"https:\/\/aide-diabete-guineebissau.ch\/wp-content\/uploads\/2023\/05\/1-2.jpg\" \/>\n<meta name=\"twitter:card\" content=\"summary_large_image\" \/>\n<meta name=\"twitter:label1\" content=\"Est. reading time\" \/>\n\t<meta name=\"twitter:data1\" content=\"1 minute\" \/>\n<script type=\"application\/ld+json\" class=\"yoast-schema-graph\">{\"@context\":\"https:\/\/schema.org\",\"@graph\":[{\"@type\":\"WebPage\",\"@id\":\"https:\/\/aide-diabete-guineebissau.ch\/en\/provision-of-medical-supply\/\",\"url\":\"https:\/\/aide-diabete-guineebissau.ch\/en\/provision-of-medical-supply\/\",\"name\":\"AAPDGB I Our Projects I Provision of medical supply\",\"isPartOf\":{\"@id\":\"https:\/\/aide-diabete-guineebissau.ch\/en\/#website\"},\"primaryImageOfPage\":{\"@id\":\"https:\/\/aide-diabete-guineebissau.ch\/en\/provision-of-medical-supply\/#primaryimage\"},\"image\":{\"@id\":\"https:\/\/aide-diabete-guineebissau.ch\/en\/provision-of-medical-supply\/#primaryimage\"},\"thumbnailUrl\":\"https:\/\/aide-diabete-guineebissau.ch\/wp-content\/uploads\/2023\/05\/1-2.jpg\",\"datePublished\":\"2023-02-10T10:24:52+00:00\",\"dateModified\":\"2023-06-09T10:54:24+00:00\",\"description\":\"AAPDGB regularly sends medicines and medical equipment from Switzerland and Portugal to Guinea-Bissau. Learn more.\",\"breadcrumb\":{\"@id\":\"https:\/\/aide-diabete-guineebissau.ch\/en\/provision-of-medical-supply\/#breadcrumb\"},\"inLanguage\":\"en-US\",\"potentialAction\":[{\"@type\":\"ReadAction\",\"target\":[\"https:\/\/aide-diabete-guineebissau.ch\/en\/provision-of-medical-supply\/\"]}]},{\"@type\":\"ImageObject\",\"inLanguage\":\"en-US\",\"@id\":\"https:\/\/aide-diabete-guineebissau.ch\/en\/provision-of-medical-supply\/#primaryimage\",\"url\":\"https:\/\/aide-diabete-guineebissau.ch\/wp-content\/uploads\/2023\/05\/1-2.jpg\",\"contentUrl\":\"https:\/\/aide-diabete-guineebissau.ch\/wp-content\/uploads\/2023\/05\/1-2.jpg\"},{\"@type\":\"BreadcrumbList\",\"@id\":\"https:\/\/aide-diabete-guineebissau.ch\/en\/provision-of-medical-supply\/#breadcrumb\",\"itemListElement\":[{\"@type\":\"ListItem\",\"position\":1,\"name\":\"Home\",\"item\":\"https:\/\/aide-diabete-guineebissau.ch\/en\/\"},{\"@type\":\"ListItem\",\"position\":2,\"name\":\"Provision of medical supply\"}]},{\"@type\":\"WebSite\",\"@id\":\"https:\/\/aide-diabete-guineebissau.ch\/en\/#website\",\"url\":\"https:\/\/aide-diabete-guineebissau.ch\/en\/\",\"name\":\"Association Suisse Aide aux Personnes Diab\u00e9tiques en Guin\u00e9e-Bissau\",\"description\":\"Sensibilisation, pr\u00e9vention, d\u00e9pistage des diff\u00e9rents types de diab\u00e8te\",\"potentialAction\":[{\"@type\":\"SearchAction\",\"target\":{\"@type\":\"EntryPoint\",\"urlTemplate\":\"https:\/\/aide-diabete-guineebissau.ch\/en\/?s={search_term_string}\"},\"query-input\":{\"@type\":\"PropertyValueSpecification\",\"valueRequired\":true,\"valueName\":\"search_term_string\"}}],\"inLanguage\":\"en-US\"}]}<\/script>\n<!-- \/ Yoast SEO plugin. -->","yoast_head_json":{"title":"AAPDGB I Our Projects I Provision of medical supply","description":"AAPDGB regularly sends medicines and medical equipment from Switzerland and Portugal to Guinea-Bissau. Learn more.","robots":{"index":"index","follow":"follow","max-snippet":"max-snippet:-1","max-image-preview":"max-image-preview:large","max-video-preview":"max-video-preview:-1"},"canonical":"https:\/\/aide-diabete-guineebissau.ch\/en\/provision-of-medical-supply\/","og_locale":"en_US","og_type":"article","og_title":"AAPDGB I Our Projects I Provision of medical supply","og_description":"AAPDGB regularly sends medicines and medical equipment from Switzerland and Portugal to Guinea-Bissau. Learn more.","og_url":"https:\/\/aide-diabete-guineebissau.ch\/en\/provision-of-medical-supply\/","og_site_name":"Association Suisse Aide aux Personnes Diab\u00e9tiques en Guin\u00e9e-Bissau","article_modified_time":"2023-06-09T10:54:24+00:00","og_image":[{"url":"https:\/\/aide-diabete-guineebissau.ch\/wp-content\/uploads\/2023\/05\/1-2.jpg","type":"","width":"","height":""}],"twitter_card":"summary_large_image","twitter_misc":{"Est. reading time":"1 minute"},"schema":{"@context":"https:\/\/schema.org","@graph":[{"@type":"WebPage","@id":"https:\/\/aide-diabete-guineebissau.ch\/en\/provision-of-medical-supply\/","url":"https:\/\/aide-diabete-guineebissau.ch\/en\/provision-of-medical-supply\/","name":"AAPDGB I Our Projects I Provision of medical supply","isPartOf":{"@id":"https:\/\/aide-diabete-guineebissau.ch\/en\/#website"},"primaryImageOfPage":{"@id":"https:\/\/aide-diabete-guineebissau.ch\/en\/provision-of-medical-supply\/#primaryimage"},"image":{"@id":"https:\/\/aide-diabete-guineebissau.ch\/en\/provision-of-medical-supply\/#primaryimage"},"thumbnailUrl":"https:\/\/aide-diabete-guineebissau.ch\/wp-content\/uploads\/2023\/05\/1-2.jpg","datePublished":"2023-02-10T10:24:52+00:00","dateModified":"2023-06-09T10:54:24+00:00","description":"AAPDGB regularly sends medicines and medical equipment from Switzerland and Portugal to Guinea-Bissau. Learn more.","breadcrumb":{"@id":"https:\/\/aide-diabete-guineebissau.ch\/en\/provision-of-medical-supply\/#breadcrumb"},"inLanguage":"en-US","potentialAction":[{"@type":"ReadAction","target":["https:\/\/aide-diabete-guineebissau.ch\/en\/provision-of-medical-supply\/"]}]},{"@type":"ImageObject","inLanguage":"en-US","@id":"https:\/\/aide-diabete-guineebissau.ch\/en\/provision-of-medical-supply\/#primaryimage","url":"https:\/\/aide-diabete-guineebissau.ch\/wp-content\/uploads\/2023\/05\/1-2.jpg","contentUrl":"https:\/\/aide-diabete-guineebissau.ch\/wp-content\/uploads\/2023\/05\/1-2.jpg"},{"@type":"BreadcrumbList","@id":"https:\/\/aide-diabete-guineebissau.ch\/en\/provision-of-medical-supply\/#breadcrumb","itemListElement":[{"@type":"ListItem","position":1,"name":"Home","item":"https:\/\/aide-diabete-guineebissau.ch\/en\/"},{"@type":"ListItem","position":2,"name":"Provision of medical supply"}]},{"@type":"WebSite","@id":"https:\/\/aide-diabete-guineebissau.ch\/en\/#website","url":"https:\/\/aide-diabete-guineebissau.ch\/en\/","name":"Association Suisse Aide aux Personnes Diab\u00e9tiques en Guin\u00e9e-Bissau","description":"Sensibilisation, pr\u00e9vention, d\u00e9pistage des diff\u00e9rents types de diab\u00e8te","potentialAction":[{"@type":"SearchAction","target":{"@type":"EntryPoint","urlTemplate":"https:\/\/aide-diabete-guineebissau.ch\/en\/?s={search_term_string}"},"query-input":{"@type":"PropertyValueSpecification","valueRequired":true,"valueName":"search_term_string"}}],"inLanguage":"en-US"}]}},"campaignId":"","_links":{"self":[{"href":"https:\/\/aide-diabete-guineebissau.ch\/en\/wp-json\/wp\/v2\/pages\/30248","targetHints":{"allow":["GET"]}}],"collection":[{"href":"https:\/\/aide-diabete-guineebissau.ch\/en\/wp-json\/wp\/v2\/pages"}],"about":[{"href":"https:\/\/aide-diabete-guineebissau.ch\/en\/wp-json\/wp\/v2\/types\/page"}],"author":[{"embeddable":true,"href":"https:\/\/aide-diabete-guineebissau.ch\/en\/wp-json\/wp\/v2\/users\/1"}],"replies":[{"embeddable":true,"href":"https:\/\/aide-diabete-guineebissau.ch\/en\/wp-json\/wp\/v2\/comments?post=30248"}],"version-history":[{"count":14,"href":"https:\/\/aide-diabete-guineebissau.ch\/en\/wp-json\/wp\/v2\/pages\/30248\/revisions"}],"predecessor-version":[{"id":31179,"href":"https:\/\/aide-diabete-guineebissau.ch\/en\/wp-json\/wp\/v2\/pages\/30248\/revisions\/31179"}],"wp:attachment":[{"href":"https:\/\/aide-diabete-guineebissau.ch\/en\/wp-json\/wp\/v2\/media?parent=30248"}],"curies":[{"name":"wp","href":"https:\/\/api.w.org\/{rel}","templated":true}]}}