{"id":30172,"date":"2023-01-06T22:33:58","date_gmt":"2023-01-06T21:33:58","guid":{"rendered":"https:\/\/aide-diabete-guineebissau.ch\/diabetes-in-guinea-bissau\/"},"modified":"2023-06-09T12:50:16","modified_gmt":"2023-06-09T10:50:16","slug":"diabetes-in-guinea-bissau","status":"publish","type":"page","link":"https:\/\/aide-diabete-guineebissau.ch\/en\/diabetes-in-guinea-bissau\/","title":{"rendered":"Diabetes in Guinea-Bissau"},"content":{"rendered":"\t\t<div data-elementor-type=\"wp-page\" data-elementor-id=\"30172\" class=\"elementor elementor-30172 elementor-29515\">\n\t\t\t\t\t\t<section class=\"elementor-section elementor-top-section elementor-element elementor-element-a2abf68 elementor-section-boxed elementor-section-height-default elementor-section-height-default\" data-id=\"a2abf68\" data-element_type=\"section\" data-settings=\"{&quot;background_background&quot;:&quot;slideshow&quot;,&quot;background_slideshow_gallery&quot;:[{&quot;id&quot;:29403,&quot;url&quot;:&quot;https:\\\/\\\/aide-diabete-guineebissau.ch\\\/wp-content\\\/uploads\\\/2023\\\/01\\\/head.jpg&quot;},{&quot;id&quot;:29406,&quot;url&quot;:&quot;https:\\\/\\\/aide-diabete-guineebissau.ch\\\/wp-content\\\/uploads\\\/2023\\\/01\\\/head_02.jpg&quot;}],&quot;background_slideshow_ken_burns&quot;:&quot;yes&quot;,&quot;background_slideshow_loop&quot;:&quot;yes&quot;,&quot;background_slideshow_slide_duration&quot;:5000,&quot;background_slideshow_slide_transition&quot;:&quot;fade&quot;,&quot;background_slideshow_transition_duration&quot;:500,&quot;background_slideshow_ken_burns_zoom_direction&quot;:&quot;in&quot;}\">\n\t\t\t\t\t\t<div class=\"elementor-container elementor-column-gap-default\">\n\t\t\t\t\t<div class=\"elementor-column elementor-col-100 elementor-top-column elementor-element elementor-element-7260d10\" data-id=\"7260d10\" data-element_type=\"column\">\n\t\t\t<div class=\"elementor-widget-wrap elementor-element-populated\">\n\t\t\t\t\t\t<div class=\"elementor-element elementor-element-3f38b9d elementor-widget elementor-widget-gva-heading-block\" data-id=\"3f38b9d\" data-element_type=\"widget\" data-widget_type=\"gva-heading-block.default\">\n\t\t\t\t<div class=\"elementor-widget-container\">\n\t\t\t\t\t<div class=\"gva-element-gva-heading-block gva-element\">   <div class=\"align-left style-1 widget gsc-heading box-align-left auto-responsive\">\r\n      <div class=\"content-inner\">\r\n         \r\n                  \r\n           \r\n         \r\n                     <h2 class=\"title\">\r\n               <span>Diabetes in Guinea-Bissau<\/span>\r\n            <\/h2>\r\n                  \r\n                     <div class=\"title-desc\">How the disease is evolving over the years<\/div>\r\n         \r\n         \r\n      <\/div>\r\n   <\/div>\r\n<\/div>\t\t\t\t<\/div>\n\t\t\t\t<\/div>\n\t\t\t\t\t<\/div>\n\t\t<\/div>\n\t\t\t\t\t<\/div>\n\t\t<\/section>\n\t\t\t\t<section class=\"elementor-section elementor-top-section elementor-element elementor-element-4703abd elementor-section-boxed elementor-section-height-default elementor-section-height-default\" data-id=\"4703abd\" data-element_type=\"section\" data-settings=\"{&quot;background_background&quot;:&quot;classic&quot;}\">\n\t\t\t\t\t\t<div class=\"elementor-container elementor-column-gap-default\">\n\t\t\t\t\t<div class=\"elementor-column elementor-col-50 elementor-top-column elementor-element elementor-element-029430f\" data-id=\"029430f\" data-element_type=\"column\">\n\t\t\t<div class=\"elementor-widget-wrap elementor-element-populated\">\n\t\t\t\t\t\t<div class=\"elementor-element elementor-element-59bc623 elementor-widget elementor-widget-gva-image-content\" data-id=\"59bc623\" data-element_type=\"widget\" data-widget_type=\"gva-image-content.default\">\n\t\t\t\t<div class=\"elementor-widget-container\">\n\t\t\t\t\t<div class=\"gva-element-gva-image-content gva-element\">\t\t\r\n\t  \r\n\t \r\n\r\n\t\t\t<div class=\"gsc-image-content skin-v2\">\r\n\t\t  \r\n\t\t  \t\t\t <div class=\"image\">\r\n\t\t\t\t<img decoding=\"async\" src=\"https:\/\/aide-diabete-guineebissau.ch\/wp-content\/uploads\/2023\/04\/diabete.jpg\" alt=\"\" \/>  \r\n\t\t\t <\/div>\r\n\t\t  \r\n\t\t  \t\t<\/div>\r\n\t \r\n\r\n\t\r\n \r\n  \r\n <\/div>\t\t\t\t<\/div>\n\t\t\t\t<\/div>\n\t\t\t\t\t<\/div>\n\t\t<\/div>\n\t\t\t\t<div class=\"elementor-column elementor-col-50 elementor-top-column elementor-element elementor-element-a71a61f\" data-id=\"a71a61f\" data-element_type=\"column\">\n\t\t\t<div class=\"elementor-widget-wrap elementor-element-populated\">\n\t\t\t\t\t\t<div class=\"elementor-element elementor-element-55665b5 elementor-widget elementor-widget-gva-heading-block\" data-id=\"55665b5\" data-element_type=\"widget\" data-settings=\"{&quot;_animation&quot;:&quot;none&quot;}\" data-widget_type=\"gva-heading-block.default\">\n\t\t\t\t<div class=\"elementor-widget-container\">\n\t\t\t\t\t<div class=\"gva-element-gva-heading-block gva-element\">   <div class=\"align-left style-1 widget gsc-heading box-align-left auto-responsive\">\r\n      <div class=\"content-inner\">\r\n         \r\n                  \r\n         <div class=\"sub-title\"><span class=\"tagline\">The growing impact of diabetes<\/span><\/div>  \r\n         \r\n                     <h2 class=\"title\">\r\n               <span>Diabetes in the Country<\/span>\r\n            <\/h2>\r\n                  \r\n         \r\n         \r\n      <\/div>\r\n   <\/div>\r\n<\/div>\t\t\t\t<\/div>\n\t\t\t\t<\/div>\n\t\t\t\t<div class=\"elementor-element elementor-element-7705580 elementor-widget elementor-widget-text-editor\" data-id=\"7705580\" data-element_type=\"widget\" data-widget_type=\"text-editor.default\">\n\t\t\t\t<div class=\"elementor-widget-container\">\n\t\t\t\t\t\t\t\t\t<p>The prevalence of diabetes mellitus in sub-Saharan Africa has increased rapidly over the past decades and is expected to more than double by 2040<\/p>\n\t\t\t\t\t\t\t\t<\/div>\n\t\t\t\t<\/div>\n\t\t\t\t<div class=\"elementor-element elementor-element-dadfced elementor-widget elementor-widget-text-editor\" data-id=\"dadfced\" data-element_type=\"widget\" data-widget_type=\"text-editor.default\">\n\t\t\t\t<div class=\"elementor-widget-container\">\n\t\t\t\t\t\t\t\t\t<p>A rapid change in demographic status, socio-cultural lifestyle as well as financial transitions have become the drivers for the increase in the number of diabetes mellitus cases in the region. As a result, diabetes and associated complications are increasingly the underlying cause of premature death and disability. <\/p>\n<p>This is the case of Guinea-Bissau, a country characterized by a poorly resourced health system. There is a growing commitment in the country to diabetes care, following the recognition that it is an important public health problem that must be addressed to improve the health of the population.<\/p>\n\t\t\t\t\t\t\t\t<\/div>\n\t\t\t\t<\/div>\n\t\t\t\t\t<\/div>\n\t\t<\/div>\n\t\t\t\t\t<\/div>\n\t\t<\/section>\n\t\t\t\t<section class=\"elementor-section elementor-top-section elementor-element elementor-element-6ebd7f7 elementor-section-boxed elementor-section-height-default elementor-section-height-default\" data-id=\"6ebd7f7\" data-element_type=\"section\" data-settings=\"{&quot;background_background&quot;:&quot;classic&quot;}\">\n\t\t\t\t\t\t<div class=\"elementor-container elementor-column-gap-default\">\n\t\t\t\t\t<div class=\"elementor-column elementor-col-50 elementor-top-column elementor-element elementor-element-a4cf8a5\" data-id=\"a4cf8a5\" data-element_type=\"column\">\n\t\t\t<div class=\"elementor-widget-wrap elementor-element-populated\">\n\t\t\t\t\t\t<div class=\"elementor-element elementor-element-777cbea elementor-widget elementor-widget-text-editor\" data-id=\"777cbea\" data-element_type=\"widget\" data-widget_type=\"text-editor.default\">\n\t\t\t\t<div class=\"elementor-widget-container\">\n\t\t\t\t\t\t\t\t\t<p>Optimal diabetes management requires an organized, systematic approach and the involvement of a coordinated team of dedicated healthcare professionals working in an environment where high-quality patient-centred care is a priority. In 2019, AAPDGB contributed to a scientific article published in the journal <strong>The Pan African Medical Journal<\/strong> which examines the state of diabetes in Guinea Bissau. The main issues identified include: the lack of specialists, trained doctors, nurses and allied health professionals; insufficient primary health care system resources; no standardized care protocol for the diagnosis, treatment, monitoring and proper management of the disease; no validated epidemiological prevalence dataset; and the lack of diabetes awareness in the general population and also among medical personnel. All these issues tend to overlap and are interrelated. Thus, each problem has a detrimental impact on the other problems and ultimately results in the poor quality of diabetes care that is prevalent today in Guinea-Bissau.<\/p>\n<p>More information on the condition of people with diabetes in Guinea-Bissau can be found in our scientific publications.<\/p>\n\t\t\t\t\t\t\t\t<\/div>\n\t\t\t\t<\/div>\n\t\t\t\t<div class=\"elementor-element elementor-element-3b06a44 elementor-widget-divider--view-line elementor-widget elementor-widget-divider\" data-id=\"3b06a44\" data-element_type=\"widget\" data-widget_type=\"divider.default\">\n\t\t\t\t<div class=\"elementor-widget-container\">\n\t\t\t\t\t\t\t<div class=\"elementor-divider\">\n\t\t\t<span class=\"elementor-divider-separator\">\n\t\t\t\t\t\t<\/span>\n\t\t<\/div>\n\t\t\t\t\t\t<\/div>\n\t\t\t\t<\/div>\n\t\t\t\t<div class=\"elementor-element elementor-element-bb28dfd elementor-widget elementor-widget-text-editor\" data-id=\"bb28dfd\" data-element_type=\"widget\" data-widget_type=\"text-editor.default\">\n\t\t\t\t<div class=\"elementor-widget-container\">\n\t\t\t\t\t\t\t\t\t<p>Source : Jorge C\u00e9sar Correia, Adalgisa Lopes et al. Diabetes management in Guinea Bissau: a situational analysis. Panafrican Med. Journal, Aug 2019. <a href=\"http:\/\/www.panafrican-med-journal.com\/content\/article\/34\/10\/full\">http:\/\/www.panafrican-med-journal.com\/content\/article\/34\/10\/full<\/a><\/p>\n\t\t\t\t\t\t\t\t<\/div>\n\t\t\t\t<\/div>\n\t\t\t\t\t<\/div>\n\t\t<\/div>\n\t\t\t\t<div class=\"elementor-column elementor-col-50 elementor-top-column elementor-element elementor-element-377c059\" data-id=\"377c059\" data-element_type=\"column\">\n\t\t\t<div class=\"elementor-widget-wrap elementor-element-populated\">\n\t\t\t\t\t\t<div class=\"elementor-element elementor-element-7026449 elementor-widget elementor-widget-gva-image-content\" data-id=\"7026449\" data-element_type=\"widget\" data-widget_type=\"gva-image-content.default\">\n\t\t\t\t<div class=\"elementor-widget-container\">\n\t\t\t\t\t<div class=\"gva-element-gva-image-content gva-element\">\t\t\r\n\t\t\t<div class=\"gsc-image-content skin-v1\">\r\n\t\t  \t<div class=\"box-content\">\r\n\t\t\t \t<div class=\"image\"><img fetchpriority=\"high\" decoding=\"async\" width=\"680\" height=\"967\" src=\"https:\/\/aide-diabete-guineebissau.ch\/wp-content\/uploads\/2023\/01\/book.jpg\" class=\"attachment-full size-full wp-image-29531\" alt=\"\" srcset=\"https:\/\/aide-diabete-guineebissau.ch\/wp-content\/uploads\/2023\/01\/book.jpg 680w, https:\/\/aide-diabete-guineebissau.ch\/wp-content\/uploads\/2023\/01\/book-600x853.jpg 600w\" sizes=\"(max-width: 680px) 100vw, 680px\" \/><span class=\"shape-1\"><\/span><span class=\"shape-2\"><\/span><span class=\"shape-3\"><\/span><span class=\"shape-4\"><\/span><\/div>\t\t\t<\/div> \t\r\n\r\n\t\t\t\t\t  <a href=\"#\" class=\"link-overlay\"><\/a>\r\n\t\t  \t\t<\/div>\r\n\t  \r\n\t \r\n\r\n\t \r\n\r\n\t\r\n \r\n  \r\n <\/div>\t\t\t\t<\/div>\n\t\t\t\t<\/div>\n\t\t\t\t\t<\/div>\n\t\t<\/div>\n\t\t\t\t\t<\/div>\n\t\t<\/section>\n\t\t\t\t<\/div>\n\t\t","protected":false},"excerpt":{"rendered":"<p>Diabetes in Guinea-Bissau How the disease is evolving over the years The growing impact of diabetes Diabetes in the Country The prevalence of diabetes mellitus in sub-Saharan Africa has increased [&hellip;]<\/p>\n","protected":false},"author":1,"featured_media":0,"parent":0,"menu_order":0,"comment_status":"closed","ping_status":"closed","template":"","meta":{"give_campaign_id":0,"footnotes":""},"class_list":["post-30172","page","type-page","status-publish","hentry"],"yoast_head":"<!-- This site is optimized with the Yoast SEO plugin v26.6 - https:\/\/yoast.com\/wordpress\/plugins\/seo\/ -->\n<title>AAPDGB I Our Mission I Diabetes in Guinea-Bissau<\/title>\n<meta name=\"description\" content=\"The prevalence of diabetes mellitus in sub-Saharan Africa has increased rapidly in recent decades. Learn more.\" \/>\n<meta name=\"robots\" content=\"index, follow, max-snippet:-1, max-image-preview:large, max-video-preview:-1\" \/>\n<link rel=\"canonical\" href=\"https:\/\/aide-diabete-guineebissau.ch\/en\/diabetes-in-guinea-bissau\/\" \/>\n<meta property=\"og:locale\" content=\"en_US\" \/>\n<meta property=\"og:type\" content=\"article\" \/>\n<meta property=\"og:title\" content=\"AAPDGB I Our Mission I Diabetes in Guinea-Bissau\" \/>\n<meta property=\"og:description\" content=\"The prevalence of diabetes mellitus in sub-Saharan Africa has increased rapidly in recent decades. Learn more.\" \/>\n<meta property=\"og:url\" content=\"https:\/\/aide-diabete-guineebissau.ch\/en\/diabetes-in-guinea-bissau\/\" \/>\n<meta property=\"og:site_name\" content=\"Association Suisse Aide aux Personnes Diab\u00e9tiques en Guin\u00e9e-Bissau\" \/>\n<meta property=\"article:modified_time\" content=\"2023-06-09T10:50:16+00:00\" \/>\n<meta property=\"og:image\" content=\"https:\/\/aide-diabete-guineebissau.ch\/wp-content\/uploads\/2023\/04\/diabete.jpg\" \/>\n<meta name=\"twitter:card\" content=\"summary_large_image\" \/>\n<meta name=\"twitter:label1\" content=\"Est. reading time\" \/>\n\t<meta name=\"twitter:data1\" content=\"2 minutes\" \/>\n<script type=\"application\/ld+json\" class=\"yoast-schema-graph\">{\"@context\":\"https:\/\/schema.org\",\"@graph\":[{\"@type\":\"WebPage\",\"@id\":\"https:\/\/aide-diabete-guineebissau.ch\/en\/diabetes-in-guinea-bissau\/\",\"url\":\"https:\/\/aide-diabete-guineebissau.ch\/en\/diabetes-in-guinea-bissau\/\",\"name\":\"AAPDGB I Our Mission I Diabetes in Guinea-Bissau\",\"isPartOf\":{\"@id\":\"https:\/\/aide-diabete-guineebissau.ch\/en\/#website\"},\"primaryImageOfPage\":{\"@id\":\"https:\/\/aide-diabete-guineebissau.ch\/en\/diabetes-in-guinea-bissau\/#primaryimage\"},\"image\":{\"@id\":\"https:\/\/aide-diabete-guineebissau.ch\/en\/diabetes-in-guinea-bissau\/#primaryimage\"},\"thumbnailUrl\":\"https:\/\/aide-diabete-guineebissau.ch\/wp-content\/uploads\/2023\/04\/diabete.jpg\",\"datePublished\":\"2023-01-06T21:33:58+00:00\",\"dateModified\":\"2023-06-09T10:50:16+00:00\",\"description\":\"The prevalence of diabetes mellitus in sub-Saharan Africa has increased rapidly in recent decades. Learn more.\",\"breadcrumb\":{\"@id\":\"https:\/\/aide-diabete-guineebissau.ch\/en\/diabetes-in-guinea-bissau\/#breadcrumb\"},\"inLanguage\":\"en-US\",\"potentialAction\":[{\"@type\":\"ReadAction\",\"target\":[\"https:\/\/aide-diabete-guineebissau.ch\/en\/diabetes-in-guinea-bissau\/\"]}]},{\"@type\":\"ImageObject\",\"inLanguage\":\"en-US\",\"@id\":\"https:\/\/aide-diabete-guineebissau.ch\/en\/diabetes-in-guinea-bissau\/#primaryimage\",\"url\":\"https:\/\/aide-diabete-guineebissau.ch\/wp-content\/uploads\/2023\/04\/diabete.jpg\",\"contentUrl\":\"https:\/\/aide-diabete-guineebissau.ch\/wp-content\/uploads\/2023\/04\/diabete.jpg\"},{\"@type\":\"BreadcrumbList\",\"@id\":\"https:\/\/aide-diabete-guineebissau.ch\/en\/diabetes-in-guinea-bissau\/#breadcrumb\",\"itemListElement\":[{\"@type\":\"ListItem\",\"position\":1,\"name\":\"Home\",\"item\":\"https:\/\/aide-diabete-guineebissau.ch\/en\/\"},{\"@type\":\"ListItem\",\"position\":2,\"name\":\"Diabetes in Guinea-Bissau\"}]},{\"@type\":\"WebSite\",\"@id\":\"https:\/\/aide-diabete-guineebissau.ch\/en\/#website\",\"url\":\"https:\/\/aide-diabete-guineebissau.ch\/en\/\",\"name\":\"Association Suisse Aide aux Personnes Diab\u00e9tiques en Guin\u00e9e-Bissau\",\"description\":\"Sensibilisation, pr\u00e9vention, d\u00e9pistage des diff\u00e9rents types de diab\u00e8te\",\"potentialAction\":[{\"@type\":\"SearchAction\",\"target\":{\"@type\":\"EntryPoint\",\"urlTemplate\":\"https:\/\/aide-diabete-guineebissau.ch\/en\/?s={search_term_string}\"},\"query-input\":{\"@type\":\"PropertyValueSpecification\",\"valueRequired\":true,\"valueName\":\"search_term_string\"}}],\"inLanguage\":\"en-US\"}]}<\/script>\n<!-- \/ Yoast SEO plugin. -->","yoast_head_json":{"title":"AAPDGB I Our Mission I Diabetes in Guinea-Bissau","description":"The prevalence of diabetes mellitus in sub-Saharan Africa has increased rapidly in recent decades. Learn more.","robots":{"index":"index","follow":"follow","max-snippet":"max-snippet:-1","max-image-preview":"max-image-preview:large","max-video-preview":"max-video-preview:-1"},"canonical":"https:\/\/aide-diabete-guineebissau.ch\/en\/diabetes-in-guinea-bissau\/","og_locale":"en_US","og_type":"article","og_title":"AAPDGB I Our Mission I Diabetes in Guinea-Bissau","og_description":"The prevalence of diabetes mellitus in sub-Saharan Africa has increased rapidly in recent decades. Learn more.","og_url":"https:\/\/aide-diabete-guineebissau.ch\/en\/diabetes-in-guinea-bissau\/","og_site_name":"Association Suisse Aide aux Personnes Diab\u00e9tiques en Guin\u00e9e-Bissau","article_modified_time":"2023-06-09T10:50:16+00:00","og_image":[{"url":"https:\/\/aide-diabete-guineebissau.ch\/wp-content\/uploads\/2023\/04\/diabete.jpg","type":"","width":"","height":""}],"twitter_card":"summary_large_image","twitter_misc":{"Est. reading time":"2 minutes"},"schema":{"@context":"https:\/\/schema.org","@graph":[{"@type":"WebPage","@id":"https:\/\/aide-diabete-guineebissau.ch\/en\/diabetes-in-guinea-bissau\/","url":"https:\/\/aide-diabete-guineebissau.ch\/en\/diabetes-in-guinea-bissau\/","name":"AAPDGB I Our Mission I Diabetes in Guinea-Bissau","isPartOf":{"@id":"https:\/\/aide-diabete-guineebissau.ch\/en\/#website"},"primaryImageOfPage":{"@id":"https:\/\/aide-diabete-guineebissau.ch\/en\/diabetes-in-guinea-bissau\/#primaryimage"},"image":{"@id":"https:\/\/aide-diabete-guineebissau.ch\/en\/diabetes-in-guinea-bissau\/#primaryimage"},"thumbnailUrl":"https:\/\/aide-diabete-guineebissau.ch\/wp-content\/uploads\/2023\/04\/diabete.jpg","datePublished":"2023-01-06T21:33:58+00:00","dateModified":"2023-06-09T10:50:16+00:00","description":"The prevalence of diabetes mellitus in sub-Saharan Africa has increased rapidly in recent decades. Learn more.","breadcrumb":{"@id":"https:\/\/aide-diabete-guineebissau.ch\/en\/diabetes-in-guinea-bissau\/#breadcrumb"},"inLanguage":"en-US","potentialAction":[{"@type":"ReadAction","target":["https:\/\/aide-diabete-guineebissau.ch\/en\/diabetes-in-guinea-bissau\/"]}]},{"@type":"ImageObject","inLanguage":"en-US","@id":"https:\/\/aide-diabete-guineebissau.ch\/en\/diabetes-in-guinea-bissau\/#primaryimage","url":"https:\/\/aide-diabete-guineebissau.ch\/wp-content\/uploads\/2023\/04\/diabete.jpg","contentUrl":"https:\/\/aide-diabete-guineebissau.ch\/wp-content\/uploads\/2023\/04\/diabete.jpg"},{"@type":"BreadcrumbList","@id":"https:\/\/aide-diabete-guineebissau.ch\/en\/diabetes-in-guinea-bissau\/#breadcrumb","itemListElement":[{"@type":"ListItem","position":1,"name":"Home","item":"https:\/\/aide-diabete-guineebissau.ch\/en\/"},{"@type":"ListItem","position":2,"name":"Diabetes in Guinea-Bissau"}]},{"@type":"WebSite","@id":"https:\/\/aide-diabete-guineebissau.ch\/en\/#website","url":"https:\/\/aide-diabete-guineebissau.ch\/en\/","name":"Association Suisse Aide aux Personnes Diab\u00e9tiques en Guin\u00e9e-Bissau","description":"Sensibilisation, pr\u00e9vention, d\u00e9pistage des diff\u00e9rents types de diab\u00e8te","potentialAction":[{"@type":"SearchAction","target":{"@type":"EntryPoint","urlTemplate":"https:\/\/aide-diabete-guineebissau.ch\/en\/?s={search_term_string}"},"query-input":{"@type":"PropertyValueSpecification","valueRequired":true,"valueName":"search_term_string"}}],"inLanguage":"en-US"}]}},"campaignId":"","_links":{"self":[{"href":"https:\/\/aide-diabete-guineebissau.ch\/en\/wp-json\/wp\/v2\/pages\/30172","targetHints":{"allow":["GET"]}}],"collection":[{"href":"https:\/\/aide-diabete-guineebissau.ch\/en\/wp-json\/wp\/v2\/pages"}],"about":[{"href":"https:\/\/aide-diabete-guineebissau.ch\/en\/wp-json\/wp\/v2\/types\/page"}],"author":[{"embeddable":true,"href":"https:\/\/aide-diabete-guineebissau.ch\/en\/wp-json\/wp\/v2\/users\/1"}],"replies":[{"embeddable":true,"href":"https:\/\/aide-diabete-guineebissau.ch\/en\/wp-json\/wp\/v2\/comments?post=30172"}],"version-history":[{"count":23,"href":"https:\/\/aide-diabete-guineebissau.ch\/en\/wp-json\/wp\/v2\/pages\/30172\/revisions"}],"predecessor-version":[{"id":31169,"href":"https:\/\/aide-diabete-guineebissau.ch\/en\/wp-json\/wp\/v2\/pages\/30172\/revisions\/31169"}],"wp:attachment":[{"href":"https:\/\/aide-diabete-guineebissau.ch\/en\/wp-json\/wp\/v2\/media?parent=30172"}],"curies":[{"name":"wp","href":"https:\/\/api.w.org\/{rel}","templated":true}]}}